{"id":1215,"date":"2015-06-04T16:20:54","date_gmt":"2015-06-04T14:20:54","guid":{"rendered":"http:\/\/bioinfo2.ugr.es\/MethFlow\/?page_id=1215"},"modified":"2016-06-16T23:56:27","modified_gmt":"2016-06-16T21:56:27","slug":"contact-us-2","status":"publish","type":"page","link":"https:\/\/bioinfo2.ugr.es\/MethFlow\/contact-us-2\/","title":{"rendered":"Contact us"},"content":{"rendered":"<p><a href=\"http:\/\/bioinfo2.ugr.es\" target=\"_blank\">Computational Epigenomics and Bioinformatics Group<\/a><br \/>\nDept. of Genetics &amp; Inst. of Biotechnology<br \/>\nUniversity of Granada, Spain<\/p>\n<p><a href=\"mailto:oliver@ugr.es\" target=\"_blank\">Jos\u00e9 L. Oliver<\/a><br \/>\n<a href=\"mailto:hackenberg@ugr.es\" target=\"_blank\">Michael Hackenberg<\/a><br \/>\n<a href=\"mailto:bartg01@gmail.com\" target=\"_blank\">Guillermo Barturen<\/a><br \/>\n<a href=\"mailto:rlebron88@gmail.com\" target=\"_blank\">Ricardo Lebr\u00f3n<\/a><br \/>\n<a href=\"mailto:cris12gm@gmail.com\" target=\"_blank\">Cristina G\u00f3mez-Mart\u00edn<\/a><\/p>\n<p>&nbsp;<\/p>\n","protected":false},"excerpt":{"rendered":"<p>Computational Epigenomics and Bioinformatics Group Dept. of Genetics &amp; Inst. of Biotechnology University of Granada, Spain Jos\u00e9 L. Oliver Michael Hackenberg Guillermo Barturen Ricardo Lebr\u00f3n Cristina G\u00f3mez-Mart\u00edn &nbsp;<\/p>\n","protected":false},"author":1,"featured_media":0,"parent":0,"menu_order":0,"comment_status":"closed","ping_status":"closed","template":"","meta":[],"_links":{"self":[{"href":"https:\/\/bioinfo2.ugr.es\/MethFlow\/wp-json\/wp\/v2\/pages\/1215"}],"collection":[{"href":"https:\/\/bioinfo2.ugr.es\/MethFlow\/wp-json\/wp\/v2\/pages"}],"about":[{"href":"https:\/\/bioinfo2.ugr.es\/MethFlow\/wp-json\/wp\/v2\/types\/page"}],"author":[{"embeddable":true,"href":"https:\/\/bioinfo2.ugr.es\/MethFlow\/wp-json\/wp\/v2\/users\/1"}],"replies":[{"embeddable":true,"href":"https:\/\/bioinfo2.ugr.es\/MethFlow\/wp-json\/wp\/v2\/comments?post=1215"}],"version-history":[{"count":5,"href":"https:\/\/bioinfo2.ugr.es\/MethFlow\/wp-json\/wp\/v2\/pages\/1215\/revisions"}],"predecessor-version":[{"id":1558,"href":"https:\/\/bioinfo2.ugr.es\/MethFlow\/wp-json\/wp\/v2\/pages\/1215\/revisions\/1558"}],"wp:attachment":[{"href":"https:\/\/bioinfo2.ugr.es\/MethFlow\/wp-json\/wp\/v2\/media?parent=1215"}],"curies":[{"name":"wp","href":"https:\/\/api.w.org\/{rel}","templated":true}]}}