{"id":1554,"date":"2016-06-16T23:52:41","date_gmt":"2016-06-16T21:52:41","guid":{"rendered":"http:\/\/bioinfo2.ugr.es\/MethFlow\/?page_id=1554"},"modified":"2016-12-09T13:11:12","modified_gmt":"2016-12-09T11:11:12","slug":"how-to-cite","status":"publish","type":"page","link":"https:\/\/bioinfo2.ugr.es\/MethFlow\/how-to-cite\/","title":{"rendered":"How to cite"},"content":{"rendered":"<p>Ricardo Lebr\u00f3n, Guillermo Barturen, Cristina G\u00f3mez, Jos\u00e9 L. Oliver, Michael Hackenberg. 2016. MethFlow: an optimized pipeline for the integral analysis of whole-genome bisulfite sequencing methylation data (in preparation).<strong><br \/>\n<\/strong><\/p>\n","protected":false},"excerpt":{"rendered":"<p>Ricardo Lebr\u00f3n, Guillermo Barturen, Cristina G\u00f3mez, Jos\u00e9 L. Oliver, Michael Hackenberg. 2016. MethFlow: an optimized pipeline for the integral analysis of whole-genome bisulfite sequencing methylation data (in preparation).<\/p>\n","protected":false},"author":1,"featured_media":0,"parent":0,"menu_order":0,"comment_status":"closed","ping_status":"closed","template":"","meta":[],"_links":{"self":[{"href":"https:\/\/bioinfo2.ugr.es\/MethFlow\/wp-json\/wp\/v2\/pages\/1554"}],"collection":[{"href":"https:\/\/bioinfo2.ugr.es\/MethFlow\/wp-json\/wp\/v2\/pages"}],"about":[{"href":"https:\/\/bioinfo2.ugr.es\/MethFlow\/wp-json\/wp\/v2\/types\/page"}],"author":[{"embeddable":true,"href":"https:\/\/bioinfo2.ugr.es\/MethFlow\/wp-json\/wp\/v2\/users\/1"}],"replies":[{"embeddable":true,"href":"https:\/\/bioinfo2.ugr.es\/MethFlow\/wp-json\/wp\/v2\/comments?post=1554"}],"version-history":[{"count":5,"href":"https:\/\/bioinfo2.ugr.es\/MethFlow\/wp-json\/wp\/v2\/pages\/1554\/revisions"}],"predecessor-version":[{"id":2162,"href":"https:\/\/bioinfo2.ugr.es\/MethFlow\/wp-json\/wp\/v2\/pages\/1554\/revisions\/2162"}],"wp:attachment":[{"href":"https:\/\/bioinfo2.ugr.es\/MethFlow\/wp-json\/wp\/v2\/media?parent=1554"}],"curies":[{"name":"wp","href":"https:\/\/api.w.org\/{rel}","templated":true}]}}