{"id":1215,"date":"2015-06-04T16:20:54","date_gmt":"2015-06-04T14:20:54","guid":{"rendered":"http:\/\/bioinfo2.ugr.es\/NGSmethDB\/?page_id=1215"},"modified":"2017-04-24T12:14:08","modified_gmt":"2017-04-24T10:14:08","slug":"contact-us-2","status":"publish","type":"page","link":"https:\/\/bioinfo2.ugr.es\/NGSmethDB\/contact-us-2\/","title":{"rendered":"Contact us"},"content":{"rendered":"<h4 class=\"entry-title post-title\" style=\"text-align: right;\">{{How to cite NGSmethDB}}<\/h4>\n<p><a href=\"http:\/\/bioinfo2.ugr.es\" target=\"_blank\">Computational Epigenomics and Bioinformatics Group<\/a><br \/>\nDept. of Genetics &amp; Inst. of Biotechnology<br \/>\nUniversity of Granada, Spain<\/p>\n<p><a href=\"mailto:oliver@ugr.es\" target=\"_blank\">Jos\u00e9 L. Oliver<\/a><br \/>\n<a href=\"mailto:hackenberg@ugr.es\" target=\"_blank\">Michael Hackenberg<\/a><br \/>\n<a href=\"mailto:bartg01@gmail.com\" target=\"_blank\">Guillermo Barturen<\/a><br \/>\n<a href=\"mailto:rlebron88@gmail.com\" target=\"_blank\">Ricardo Lebr\u00f3n<\/a><br \/>\n<a href=\"mailto:cris12gm@gmail.com\" target=\"_blank\">Cristina G\u00f3mez-Mart\u00edn<\/a><\/p>\n<hr \/>\n<p>Statistical Physics and Complex Systems Group<br \/>\nDept. of Applied Physics II<br \/>\nUniversity of Malaga, Spain<\/p>\n<p><a href=\"mailto:rick@uma.es\" target=\"_blank\">Pedro Bernaola-Galv\u00e1n<\/a><br \/>\n<a href=\"mailto:pcarpena@ctima.uma.es\" target=\"_blank\">Pedro Carpena<\/a><\/p>\n<p>[[How to cite NGSmethDB]]Lebron, R, Gomez-Martin, C, Carpena, P, Bernaola-Galvan, P, Barturen, G, Hackenberg, M, Oliver, JL. <i>NGSmethDB 2017: enhanced methylomes and differential methylation. <\/i>Nucleic Acids Research 2016. doi: 10.1093\/nar\/gkw996. Full text: <a href=\"https:\/\/academic.oup.com\/nar\/article-lookup\/doi\/10.1093\/nar\/gkw996;keytype=ref;keytype=ref\" target=\"_blank\">https:\/\/academic.oup.com\/nar\/article-lookup\/doi\/10.1093\/nar\/gkw996;keytype=ref;keytype=ref<\/a><\/p>\n<p>[[How to cite NGSmethDB]]<\/p>\n","protected":false},"excerpt":{"rendered":"<p>{{How to cite NGSmethDB}} Computational Epigenomics and Bioinformatics Group Dept. of Genetics &amp; Inst. of Biotechnology University of Granada, Spain Jos\u00e9 L. Oliver Michael Hackenberg Guillermo Barturen Ricardo Lebr\u00f3n Cristina G\u00f3mez-Mart\u00edn Statistical Physics and Complex Systems Group Dept. of Applied<span class=\"ellipsis\">&hellip;<\/span><\/p>\n<div class=\"read-more\"><a href=\"https:\/\/bioinfo2.ugr.es\/NGSmethDB\/contact-us-2\/\">Read more &#8250;<\/a><\/div>\n<p><!-- end of .read-more --><\/p>\n","protected":false},"author":1,"featured_media":0,"parent":0,"menu_order":0,"comment_status":"closed","ping_status":"closed","template":"","meta":[],"_links":{"self":[{"href":"https:\/\/bioinfo2.ugr.es\/NGSmethDB\/wp-json\/wp\/v2\/pages\/1215"}],"collection":[{"href":"https:\/\/bioinfo2.ugr.es\/NGSmethDB\/wp-json\/wp\/v2\/pages"}],"about":[{"href":"https:\/\/bioinfo2.ugr.es\/NGSmethDB\/wp-json\/wp\/v2\/types\/page"}],"author":[{"embeddable":true,"href":"https:\/\/bioinfo2.ugr.es\/NGSmethDB\/wp-json\/wp\/v2\/users\/1"}],"replies":[{"embeddable":true,"href":"https:\/\/bioinfo2.ugr.es\/NGSmethDB\/wp-json\/wp\/v2\/comments?post=1215"}],"version-history":[{"count":5,"href":"https:\/\/bioinfo2.ugr.es\/NGSmethDB\/wp-json\/wp\/v2\/pages\/1215\/revisions"}],"predecessor-version":[{"id":2345,"href":"https:\/\/bioinfo2.ugr.es\/NGSmethDB\/wp-json\/wp\/v2\/pages\/1215\/revisions\/2345"}],"wp:attachment":[{"href":"https:\/\/bioinfo2.ugr.es\/NGSmethDB\/wp-json\/wp\/v2\/media?parent=1215"}],"curies":[{"name":"wp","href":"https:\/\/api.w.org\/{rel}","templated":true}]}}