{"id":61,"date":"2013-05-17T22:54:52","date_gmt":"2013-05-17T20:54:52","guid":{"rendered":"http:\/\/jloliverlab.wordpress.com\/?page_id=24"},"modified":"2017-06-09T22:26:23","modified_gmt":"2017-06-09T20:26:23","slug":"contact-us","status":"publish","type":"page","link":"https:\/\/bioinfo2.ugr.es\/PhaseolusExpressDB\/contact-us\/","title":{"rendered":"Contact us"},"content":{"rendered":"<h4 style=\"text-align: left;\">Misi\u00f3n Biol\u00f3gica de Galicia<\/h4>\n<ul>\n<li><a class=\"mail-link\" target=\"_blank\" rel=\"noopener\" data-enc-email=\" zfnagnyyn.zot.pfvp.rf\" data-wpel-link=\"ignore\">Marta Santalla<\/a>, Investigadora Cient\u00edfica<\/li>\n<\/ul>\n<h4>Universidad de Almeria<\/h4>\n<ul>\n<li><a class=\"mail-link\" target=\"_blank\" rel=\"noopener\" data-enc-email=\" eybmnab[at]hny.rf\" data-wpel-link=\"ignore\">Rafael Lozano Ruiz<\/a>, Professor of Genetics, UAL<\/li>\n<li><a class=\"mail-link\" target=\"_blank\" rel=\"noopener\" data-enc-email=\" uggc:\/\/ovbvasb2.hte.rf:8080\/byvire\" data-wpel-link=\"ignore\">Fernando J. Yuste Lisbona<\/a>, Associate Professor, UAL<\/li>\n<\/ul>\n<h4>Universidad de Granada<\/h4>\n<ul>\n<li><a href=\"http:\/\/bioinfo2.ugr.es\/oliver\" target=\"_blank\" rel=\"noopener\">Jos\u00e9 L. Oliver<\/a>, Professor of Genetics, UGR<\/li>\n<li><a class=\"mail-link\" data-enc-email=\" unpxraoret[at]hte.rf\" data-wpel-link=\"ignore\">Michael Hackenberg<\/a>,\u00a0Associate Professor, UGR<\/li>\n<li><a class=\"mail-link\" href=\"http:\/\/rlebron88.github.io\/\" target=\"_blank\" rel=\"noopener\" data-enc-email=\" eyroeba[at]tznvy.pbz\" data-wpel-link=\"ignore\">Ricardo Lebr\u00f3n<\/a>, FPU Research and Teaching Fellowship, UGR<\/li>\n<li><a href=\"http:\/\/bioinfo2.ugr.es\/cgomez\" target=\"_blank\" rel=\"noopener\">Cristina G\u00f3mez Mart\u00edn<\/a>, PhD Student, Biochemistry, UGR<\/li>\n<\/ul>\n","protected":false},"excerpt":{"rendered":"<p>Misi\u00f3n Biol\u00f3gica de Galicia Marta Santalla, Investigadora Cient\u00edfica Universidad de Almeria Rafael Lozano Ruiz, Professor of Genetics, UAL Fernando J. Yuste Lisbona, Associate Professor, UAL Universidad de Granada Jos\u00e9 L. Oliver, Professor of Genetics, UGR Michael Hackenberg,\u00a0Associate Professor, UGR Ricardo<span class=\"ellipsis\">&hellip;<\/span><\/p>\n<div class=\"read-more\"><a href=\"https:\/\/bioinfo2.ugr.es\/PhaseolusExpressDB\/contact-us\/\">Read more &#8250;<\/a><\/div>\n<p><!-- end of .read-more --><\/p>\n","protected":false},"author":1,"featured_media":0,"parent":0,"menu_order":26,"comment_status":"closed","ping_status":"closed","template":"","meta":[],"_links":{"self":[{"href":"https:\/\/bioinfo2.ugr.es\/PhaseolusExpressDB\/wp-json\/wp\/v2\/pages\/61"}],"collection":[{"href":"https:\/\/bioinfo2.ugr.es\/PhaseolusExpressDB\/wp-json\/wp\/v2\/pages"}],"about":[{"href":"https:\/\/bioinfo2.ugr.es\/PhaseolusExpressDB\/wp-json\/wp\/v2\/types\/page"}],"author":[{"embeddable":true,"href":"https:\/\/bioinfo2.ugr.es\/PhaseolusExpressDB\/wp-json\/wp\/v2\/users\/1"}],"replies":[{"embeddable":true,"href":"https:\/\/bioinfo2.ugr.es\/PhaseolusExpressDB\/wp-json\/wp\/v2\/comments?post=61"}],"version-history":[{"count":5,"href":"https:\/\/bioinfo2.ugr.es\/PhaseolusExpressDB\/wp-json\/wp\/v2\/pages\/61\/revisions"}],"predecessor-version":[{"id":1334,"href":"https:\/\/bioinfo2.ugr.es\/PhaseolusExpressDB\/wp-json\/wp\/v2\/pages\/61\/revisions\/1334"}],"wp:attachment":[{"href":"https:\/\/bioinfo2.ugr.es\/PhaseolusExpressDB\/wp-json\/wp\/v2\/media?parent=61"}],"curies":[{"name":"wp","href":"https:\/\/api.w.org\/{rel}","templated":true}]}}