{"id":1234,"date":"2017-11-01T14:43:06","date_gmt":"2017-11-01T12:43:06","guid":{"rendered":"http:\/\/bioinfo2.ugr.es\/biocomputacion\/?page_id=1234"},"modified":"2020-10-29T14:03:17","modified_gmt":"2020-10-29T12:03:17","slug":"practicas","status":"publish","type":"page","link":"https:\/\/bioinfo2.ugr.es\/biocomputacion\/practicas\/","title":{"rendered":"Pr\u00e1cticas"},"content":{"rendered":"<h4><\/h4>\n<p><a href=\"http:\/\/bioinfo2.ugr.es\/biocomputacion\/practica1\/\">Pr\u00e1ctica 1 Calcular las propiedades b\u00e1sicas de una secuencia mediante un programa en python<\/a><\/p>\n<p><a href=\"http:\/\/bioinfo2.ugr.es\/biocomputacion\/practica-2\/\">Pr\u00e1ctica 2\u00a0 Analizar datos de secuenciaci\u00f3n masiva I (re-secuenciaci\u00f3n): Calidad de la secuenciaci\u00f3n, preprocesamiento, mapeo de las lecturas cortas frente al genoma, detecci\u00f3n de variantes, determinar el posible efecto de la variaci\u00f3n.<\/a><\/p>\n<p><a href=\"http:\/\/bioinfo2.ugr.es\/biocomputacion\/practica-3\/\">Pr\u00e1ctica 3\u00a0 Analizar datos de secuenciaci\u00f3n masiva II (RNA peque\u00f1o): calidad, detecci\u00f3n del adaptador, cuantificar los niveles de expresi\u00f3n mediante el mapeo de lecturas, determinaci\u00f3n de la expresi\u00f3n diferencial (magnitud del cambio y significaci\u00f3n estad\u00edstica).<\/a><\/p>\n<p><a href=\"http:\/\/bioinfo2.ugr.es\/biocomputacion\/practica-4\">Pr\u00e1ctica 4\u00a0 Visualizar datos de expresi\u00f3n g\u00e9nica mediante R. Clusterizaci\u00f3n y heatmaps.<\/a><\/p>\n","protected":false},"excerpt":{"rendered":"<p>Pr\u00e1ctica 1 Calcular las propiedades b\u00e1sicas de una secuencia mediante un programa en python Pr\u00e1ctica 2\u00a0 Analizar datos de secuenciaci\u00f3n masiva I (re-secuenciaci\u00f3n): Calidad de la secuenciaci\u00f3n, preprocesamiento, mapeo de las lecturas cortas frente al genoma, detecci\u00f3n de variantes, determinar <a href=\"https:\/\/bioinfo2.ugr.es\/biocomputacion\/practicas\/\" class=\"read-more\">Read More &#8230;<\/a><\/p>\n","protected":false},"author":1,"featured_media":0,"parent":0,"menu_order":0,"comment_status":"closed","ping_status":"closed","template":"","meta":[],"_links":{"self":[{"href":"https:\/\/bioinfo2.ugr.es\/biocomputacion\/wp-json\/wp\/v2\/pages\/1234"}],"collection":[{"href":"https:\/\/bioinfo2.ugr.es\/biocomputacion\/wp-json\/wp\/v2\/pages"}],"about":[{"href":"https:\/\/bioinfo2.ugr.es\/biocomputacion\/wp-json\/wp\/v2\/types\/page"}],"author":[{"embeddable":true,"href":"https:\/\/bioinfo2.ugr.es\/biocomputacion\/wp-json\/wp\/v2\/users\/1"}],"replies":[{"embeddable":true,"href":"https:\/\/bioinfo2.ugr.es\/biocomputacion\/wp-json\/wp\/v2\/comments?post=1234"}],"version-history":[{"count":5,"href":"https:\/\/bioinfo2.ugr.es\/biocomputacion\/wp-json\/wp\/v2\/pages\/1234\/revisions"}],"predecessor-version":[{"id":2119,"href":"https:\/\/bioinfo2.ugr.es\/biocomputacion\/wp-json\/wp\/v2\/pages\/1234\/revisions\/2119"}],"wp:attachment":[{"href":"https:\/\/bioinfo2.ugr.es\/biocomputacion\/wp-json\/wp\/v2\/media?parent=1234"}],"curies":[{"name":"wp","href":"https:\/\/api.w.org\/{rel}","templated":true}]}}