{"id":1240,"date":"2017-11-01T14:45:12","date_gmt":"2017-11-01T12:45:12","guid":{"rendered":"http:\/\/bioinfo2.ugr.es\/biocomputacion\/?page_id=1240"},"modified":"2024-10-16T08:54:52","modified_gmt":"2024-10-16T06:54:52","slug":"ejercicios","status":"publish","type":"page","link":"https:\/\/bioinfo2.ugr.es\/biocomputacion\/ejercicios\/","title":{"rendered":"Ejercicios"},"content":{"rendered":"<h3>Ejercicio: <a href=\"https:\/\/bioinfo2.ugr.es\/biocomputacion\/ejercicio-python-mirgenedb\/\" target=\"_blank\" rel=\"noopener\">\u00c1nalisis de secuencias de microRNAs<\/a><\/h3>\n<h3>Ejercicio: <a href=\"http:\/\/bioinfo2.ugr.es\/biocomputacion\/ejercicio-1\/\">Contenido en G+C &amp; Python<\/a><\/h3>\n<p>Este ejercicio une el an\u00e1lisis composicional con la programaci\u00f3n en Python<\/p>\n<h3>Ejercicio : <a href=\"http:\/\/bioinfo2.ugr.es\/biocomputacion\/ejercicio-2\/\">Crear un flujo de trabajo con Python<\/a><\/h3>\n<p>El objetivo de este ejercicio es el de automatizar la detecci\u00f3n del genotipo de la <a href=\"http:\/\/bioinfo2.ugr.es\/biocomputacion\/practica-2\/\">pr\u00e1ctica 2<\/a><\/p>\n<h3>Ejercicio: <a href=\"http:\/\/bioinfo2.ugr.es\/biocomputacion\/ejercicio-3\/\">Cuantificar el efecto\/localizaci\u00f3n de los SNPs<\/a><\/h3>\n<p>En este ejercicio se descargar\u00e1 una lista de SNPs (de una regi\u00f3n), analizando el efecto\/localizaci\u00f3n mediante un peque\u00f1o script en Python<\/p>\n<p>&nbsp;<\/p>\n","protected":false},"excerpt":{"rendered":"<p>Ejercicio: \u00c1nalisis de secuencias de microRNAs Ejercicio: Contenido en G+C &amp; Python Este ejercicio une el an\u00e1lisis composicional con la programaci\u00f3n en Python Ejercicio : Crear un flujo de trabajo con Python El objetivo de este ejercicio es el de <a href=\"https:\/\/bioinfo2.ugr.es\/biocomputacion\/ejercicios\/\" class=\"read-more\">Read More &#8230;<\/a><\/p>\n","protected":false},"author":1,"featured_media":0,"parent":0,"menu_order":0,"comment_status":"closed","ping_status":"closed","template":"","meta":[],"_links":{"self":[{"href":"https:\/\/bioinfo2.ugr.es\/biocomputacion\/wp-json\/wp\/v2\/pages\/1240"}],"collection":[{"href":"https:\/\/bioinfo2.ugr.es\/biocomputacion\/wp-json\/wp\/v2\/pages"}],"about":[{"href":"https:\/\/bioinfo2.ugr.es\/biocomputacion\/wp-json\/wp\/v2\/types\/page"}],"author":[{"embeddable":true,"href":"https:\/\/bioinfo2.ugr.es\/biocomputacion\/wp-json\/wp\/v2\/users\/1"}],"replies":[{"embeddable":true,"href":"https:\/\/bioinfo2.ugr.es\/biocomputacion\/wp-json\/wp\/v2\/comments?post=1240"}],"version-history":[{"count":8,"href":"https:\/\/bioinfo2.ugr.es\/biocomputacion\/wp-json\/wp\/v2\/pages\/1240\/revisions"}],"predecessor-version":[{"id":2468,"href":"https:\/\/bioinfo2.ugr.es\/biocomputacion\/wp-json\/wp\/v2\/pages\/1240\/revisions\/2468"}],"wp:attachment":[{"href":"https:\/\/bioinfo2.ugr.es\/biocomputacion\/wp-json\/wp\/v2\/media?parent=1240"}],"curies":[{"name":"wp","href":"https:\/\/api.w.org\/{rel}","templated":true}]}}