{"id":16,"date":"2013-05-29T20:31:28","date_gmt":"2013-05-29T18:31:28","guid":{"rendered":"http:\/\/bioinfo2.ugr.es\/biocomputacion\/?page_id=16"},"modified":"2025-09-15T19:19:39","modified_gmt":"2025-09-15T17:19:39","slug":"presentaciones","status":"publish","type":"page","link":"https:\/\/bioinfo2.ugr.es\/biocomputacion\/presentaciones\/","title":{"rendered":"Presentaciones"},"content":{"rendered":"<ul>\n<li><a href=\"http:\/\/bioinfo2.ugr.es\/biocomputacion\/wp-content\/uploads\/2022\/09\/Introduccion_biocomp_22.pdf\" target=\"_blank\" rel=\"noopener\">Introducci\u00f3n<\/a><\/li>\n<li><a href=\"http:\/\/bioinfo2.ugr.es\/biocomputacion\/wp-content\/uploads\/2025\/09\/Alignments25.pdf\" target=\"_blank\" rel=\"noopener\">Alineamientos<\/a><\/li>\n<li><a href=\"http:\/\/bioinfo2.ugr.es\/biocomputacion\/wp-content\/uploads\/2017\/10\/AnalisisBasico-1.pdf\" target=\"_blank\" rel=\"noopener noreferrer\">An\u00e1lisis b\u00e1sico<\/a><\/li>\n<li><a href=\"http:\/\/bioinfo2.ugr.es\/biocomputacion\/wp-content\/uploads\/2017\/11\/secuenciacion_masiva_2017-1.pdf\" target=\"_blank\" rel=\"noopener noreferrer\">Secuenciaci\u00f3n masiva<\/a><\/li>\n<li><a href=\"http:\/\/bioinfo2.ugr.es\/biocomputacion\/wp-content\/uploads\/2017\/11\/genotipar_2017-5.pdf\">Genotipar<\/a><\/li>\n<li><a href=\"http:\/\/bioinfo2.ugr.es\/biocomputacion\/wp-content\/uploads\/2021\/11\/microRNA_biocomp_2020.pdf\" target=\"_blank\" rel=\"noopener noreferrer\">microRNA &amp; secuenciaci\u00f3n masiva<\/a><\/li>\n<li><a href=\"http:\/\/bioinfo2.ugr.es\/biocomputacion\/wp-content\/uploads\/2018\/11\/Ontologi\u0301as.pdf\">Ontolog\u00edas<\/a><\/li>\n<\/ul>\n","protected":false},"excerpt":{"rendered":"<p>Introducci\u00f3n Alineamientos An\u00e1lisis b\u00e1sico Secuenciaci\u00f3n masiva Genotipar microRNA &amp; secuenciaci\u00f3n masiva Ontolog\u00edas<\/p>\n","protected":false},"author":1,"featured_media":0,"parent":0,"menu_order":3,"comment_status":"closed","ping_status":"closed","template":"","meta":[],"_links":{"self":[{"href":"https:\/\/bioinfo2.ugr.es\/biocomputacion\/wp-json\/wp\/v2\/pages\/16"}],"collection":[{"href":"https:\/\/bioinfo2.ugr.es\/biocomputacion\/wp-json\/wp\/v2\/pages"}],"about":[{"href":"https:\/\/bioinfo2.ugr.es\/biocomputacion\/wp-json\/wp\/v2\/types\/page"}],"author":[{"embeddable":true,"href":"https:\/\/bioinfo2.ugr.es\/biocomputacion\/wp-json\/wp\/v2\/users\/1"}],"replies":[{"embeddable":true,"href":"https:\/\/bioinfo2.ugr.es\/biocomputacion\/wp-json\/wp\/v2\/comments?post=16"}],"version-history":[{"count":12,"href":"https:\/\/bioinfo2.ugr.es\/biocomputacion\/wp-json\/wp\/v2\/pages\/16\/revisions"}],"predecessor-version":[{"id":2552,"href":"https:\/\/bioinfo2.ugr.es\/biocomputacion\/wp-json\/wp\/v2\/pages\/16\/revisions\/2552"}],"wp:attachment":[{"href":"https:\/\/bioinfo2.ugr.es\/biocomputacion\/wp-json\/wp\/v2\/media?parent=16"}],"curies":[{"name":"wp","href":"https:\/\/api.w.org\/{rel}","templated":true}]}}