{"id":17,"date":"2013-05-29T20:31:49","date_gmt":"2013-05-29T18:31:49","guid":{"rendered":"http:\/\/bioinfo2.ugr.es\/biocomputacion\/?page_id=17"},"modified":"2025-09-15T08:59:48","modified_gmt":"2025-09-15T06:59:48","slug":"proyectos","status":"publish","type":"page","link":"https:\/\/bioinfo2.ugr.es\/biocomputacion\/otros\/proyectos\/","title":{"rendered":"Proyectos"},"content":{"rendered":"<p>A lo largo del curso, cada alumno desarrollar\u00e1 un Proyecto de Biocomputaci\u00f3n sobre una secuencia an\u00f3nima. De esta secuencia en un principio solamente sabemos de que corresponde a un locus asociado a un enfermedad. Entre los objetivos est\u00e1n:<\/p>\n<ul>\n<li>Determinar la posici\u00f3n en el genoma<\/li>\n<li>Recuperar el fenotipo asociado<\/li>\n<li>Analizar la composici\u00f3n de secuencia<\/li>\n<li>Analizar la variaci\u00f3n de secuencia (SNPs) que existe en este locus<\/li>\n<li>Detectar, analizar y describir las funciones que tiene(n) el\/los genes que est\u00e1n dentro de este locus<\/li>\n<\/ul>\n<p>El objetivo que se persigue con esta actividad es el de iniciar a los estudiantes en las t\u00e9cnicas de an\u00e1lisis de secuencias\u00a0de ADN y prote\u00ednas, y en el manejo de las correspondientes bases de datos con la finalidad de resolver un problema biol\u00f3gico concreto.<\/p>\n<p>Cada estudiante presentar\u00e1 su proyecto al final del curso mediante una exposici\u00f3n oral de 10 minutos.<\/p>\n<p>El proyecto tendr\u00e1 un valor del 20% sobre la nota final.<\/p>\n<p><strong>Instrucciones para la presentaci\u00f3n<\/strong><\/p>\n<p>El tiempo disponible ser\u00e1 de 10 minutos para la exposici\u00f3n m\u00e1s 5 minutos para preguntas.<\/p>\n<p>La presentaci\u00f3n ha de ser enviada al menos 1 d\u00eda antes de la exposici\u00f3n al profesor (<a href=\"mailto:eaparicio@go.ugr.es\">hackenberg@go.ugr.es<\/a>) en formato PDF<\/p>\n<h3 style=\"text-align: left;\">Secuencias asignadas: <a href=\"http:\/\/bioinfo2.ugr.es\/biocomputacion\/wp-content\/uploads\/2025\/09\/secuencias_asignadas_2526.pdf\">secuencias asignadas (25\/26)<\/a><\/h3>\n<h3><\/h3>\n","protected":false},"excerpt":{"rendered":"<p>A lo largo del curso, cada alumno desarrollar\u00e1 un Proyecto de Biocomputaci\u00f3n sobre una secuencia an\u00f3nima. De esta secuencia en un principio solamente sabemos de que corresponde a un locus asociado a un enfermedad. Entre los objetivos est\u00e1n: Determinar la <a href=\"https:\/\/bioinfo2.ugr.es\/biocomputacion\/otros\/proyectos\/\" class=\"read-more\">Read More &#8230;<\/a><\/p>\n","protected":false},"author":1,"featured_media":0,"parent":303,"menu_order":4,"comment_status":"closed","ping_status":"closed","template":"","meta":[],"_links":{"self":[{"href":"https:\/\/bioinfo2.ugr.es\/biocomputacion\/wp-json\/wp\/v2\/pages\/17"}],"collection":[{"href":"https:\/\/bioinfo2.ugr.es\/biocomputacion\/wp-json\/wp\/v2\/pages"}],"about":[{"href":"https:\/\/bioinfo2.ugr.es\/biocomputacion\/wp-json\/wp\/v2\/types\/page"}],"author":[{"embeddable":true,"href":"https:\/\/bioinfo2.ugr.es\/biocomputacion\/wp-json\/wp\/v2\/users\/1"}],"replies":[{"embeddable":true,"href":"https:\/\/bioinfo2.ugr.es\/biocomputacion\/wp-json\/wp\/v2\/comments?post=17"}],"version-history":[{"count":12,"href":"https:\/\/bioinfo2.ugr.es\/biocomputacion\/wp-json\/wp\/v2\/pages\/17\/revisions"}],"predecessor-version":[{"id":2546,"href":"https:\/\/bioinfo2.ugr.es\/biocomputacion\/wp-json\/wp\/v2\/pages\/17\/revisions\/2546"}],"up":[{"embeddable":true,"href":"https:\/\/bioinfo2.ugr.es\/biocomputacion\/wp-json\/wp\/v2\/pages\/303"}],"wp:attachment":[{"href":"https:\/\/bioinfo2.ugr.es\/biocomputacion\/wp-json\/wp\/v2\/media?parent=17"}],"curies":[{"name":"wp","href":"https:\/\/api.w.org\/{rel}","templated":true}]}}