{"id":2123,"date":"2020-10-30T15:32:44","date_gmt":"2020-10-30T13:32:44","guid":{"rendered":"http:\/\/bioinfo2.ugr.es\/biocomputacion\/?page_id=2123"},"modified":"2021-09-16T22:02:41","modified_gmt":"2021-09-16T20:02:41","slug":"faqs-frequently-asked-questions","status":"publish","type":"page","link":"https:\/\/bioinfo2.ugr.es\/biocomputacion\/faqs-frequently-asked-questions\/","title":{"rendered":"FAQs (Frequently Asked Questions)"},"content":{"rendered":"<p>-\u00bfC\u00f3mo puedo conectarme al servidor de docencia?<\/p>\n<p>Para conectarte al servidor de docencia debes seguir <a href=\"http:\/\/bioinfo2.ugr.es\/biocomputacion\/wp-content\/uploads\/2021\/09\/como_conectar_al_servidor.pdf\" target=\"_blank\" rel=\"noopener\">estas instrucciones<\/a>\u00a0y usar una clave suministrada por el equipo docente.<\/p>\n<p>-\u00bfC\u00f3mo puedo subir\/descargar ficheros en el servidor desde mi ordenador?<\/p>\n<p>Para descargar o subir ficheros al servidor debes utilizar el programa FileZilla. <a href=\"https:\/\/wiki.filezilla-project.org\/FileZilla_Client_Tutorial_(es)\">Aqu\u00ed tienes instrucciones<\/a> de c\u00f3mo hacerlo. Utiliza la siguiente informaci\u00f3n para conectarte usando tu cuenta (deja el resto de opciones por defecto):<\/p>\n<p>File &#8211;&gt; Site Manager<\/p>\n<p id=\"YVnwUGR\"><img loading=\"lazy\" width=\"2156\" height=\"948\" class=\"alignnone size-full wp-image-2248 \" src=\"http:\/\/bioinfo2.ugr.es\/biocomputacion\/wp-content\/uploads\/2021\/09\/img_61439ff6b03b2.png\" alt=\"\" srcset=\"https:\/\/bioinfo2.ugr.es\/biocomputacion\/wp-content\/uploads\/2021\/09\/img_61439ff6b03b2.png 2156w, https:\/\/bioinfo2.ugr.es\/biocomputacion\/wp-content\/uploads\/2021\/09\/img_61439ff6b03b2-300x132.png 300w, https:\/\/bioinfo2.ugr.es\/biocomputacion\/wp-content\/uploads\/2021\/09\/img_61439ff6b03b2-1024x450.png 1024w, https:\/\/bioinfo2.ugr.es\/biocomputacion\/wp-content\/uploads\/2021\/09\/img_61439ff6b03b2-768x338.png 768w, https:\/\/bioinfo2.ugr.es\/biocomputacion\/wp-content\/uploads\/2021\/09\/img_61439ff6b03b2-1536x675.png 1536w, https:\/\/bioinfo2.ugr.es\/biocomputacion\/wp-content\/uploads\/2021\/09\/img_61439ff6b03b2-2048x901.png 2048w, https:\/\/bioinfo2.ugr.es\/biocomputacion\/wp-content\/uploads\/2021\/09\/img_61439ff6b03b2-360x158.png 360w\" sizes=\"(max-width: 2156px) 100vw, 2156px\" \/><\/p>\n<p>-\u00bfC\u00f3mo puedo abrir cierto tipo de fichero fichero (.tsv, .txt, .csv&#8230;) en Excel, Word, [Insertar programa comercial aqu\u00ed]?<\/p>\n<p>Como norma general, los ficheros que vamos a usar\/obtener est\u00e1n en un formato de texto plano. Esto quiere decir que cualquier editor de texto nos permitir\u00e1 visualizar su contenido. Pod\u00e9is utilizar el editor que quer\u00e1is, el equipo docente os recomienda usar <a href=\"https:\/\/notepad-plus-plus.org\/downloads\/\">Notepad++\u00a0 <\/a>y <a href=\"https:\/\/www.sublimetext.com\/3\">Sublime Text\u00a0<\/a>por su facilidad de uso. Normalmente los sistemas operativos modernos traen un editor por defecto y FileZilla tambi\u00e9n dispone de un editor interno.<\/p>\n<p>A\u00fan as\u00ed, es posible que en ocasiones os pueda interesar visualizar vuestros datos en Excel (o equivalentes) si se trata de un fichero en formato tabular. En ese caso pod\u00e9is usar las funciones para importar datos de cada programa. En concreto para Excel, pod\u00e9is encontrarlas en el siguiente enlace:<\/p>\n<p><a href=\"https:\/\/support.microsoft.com\/es-es\/office\/importar-o-exportar-archivos-de-texto-txt-o-csv-5250ac4c-663c-47ce-937b-339e391393ba#:~:text=Puede%20importar%20datos%20de%20un,y%20haga%20clic%20en%20importar\">https:\/\/support.microsoft.com\/es-es\/office\/importar-o-exportar-archivos-de-texto-txt-o-csv-5250ac4c-663c-47ce-937b-339e391393ba#:~:text=Puede%20importar%20datos%20de%20un,y%20haga%20clic%20en%20importar<\/a><\/p>\n<p>&nbsp;<\/p>\n<p>&nbsp;<\/p>\n","protected":false},"excerpt":{"rendered":"<p>-\u00bfC\u00f3mo puedo conectarme al servidor de docencia? Para conectarte al servidor de docencia debes seguir estas instrucciones\u00a0y usar una clave suministrada por el equipo docente. -\u00bfC\u00f3mo puedo subir\/descargar ficheros en el servidor desde mi ordenador? Para descargar o subir ficheros <a href=\"https:\/\/bioinfo2.ugr.es\/biocomputacion\/faqs-frequently-asked-questions\/\" class=\"read-more\">Read More &#8230;<\/a><\/p>\n","protected":false},"author":1,"featured_media":0,"parent":0,"menu_order":0,"comment_status":"closed","ping_status":"closed","template":"","meta":[],"_links":{"self":[{"href":"https:\/\/bioinfo2.ugr.es\/biocomputacion\/wp-json\/wp\/v2\/pages\/2123"}],"collection":[{"href":"https:\/\/bioinfo2.ugr.es\/biocomputacion\/wp-json\/wp\/v2\/pages"}],"about":[{"href":"https:\/\/bioinfo2.ugr.es\/biocomputacion\/wp-json\/wp\/v2\/types\/page"}],"author":[{"embeddable":true,"href":"https:\/\/bioinfo2.ugr.es\/biocomputacion\/wp-json\/wp\/v2\/users\/1"}],"replies":[{"embeddable":true,"href":"https:\/\/bioinfo2.ugr.es\/biocomputacion\/wp-json\/wp\/v2\/comments?post=2123"}],"version-history":[{"count":4,"href":"https:\/\/bioinfo2.ugr.es\/biocomputacion\/wp-json\/wp\/v2\/pages\/2123\/revisions"}],"predecessor-version":[{"id":2252,"href":"https:\/\/bioinfo2.ugr.es\/biocomputacion\/wp-json\/wp\/v2\/pages\/2123\/revisions\/2252"}],"wp:attachment":[{"href":"https:\/\/bioinfo2.ugr.es\/biocomputacion\/wp-json\/wp\/v2\/media?parent=2123"}],"curies":[{"name":"wp","href":"https:\/\/api.w.org\/{rel}","templated":true}]}}