{"id":1088,"date":"2015-04-15T11:40:00","date_gmt":"2015-04-15T09:40:00","guid":{"rendered":"https:\/\/bioinfo2.ugr.es\/bioinfo\/?page_id=1088"},"modified":"2026-01-30T13:21:25","modified_gmt":"2026-01-30T11:21:25","slug":"alineamientos","status":"publish","type":"page","link":"https:\/\/bioinfo2.ugr.es\/bioinfo\/alineamientos\/","title":{"rendered":"Alineamiento global de secuencias"},"content":{"rendered":"<p>La t\u00e9cnica b\u00e1sica para hacer un alineamiento de secuencias (tanto de ADN como de prote\u00ednas) es la <b>matriz de puntos<\/b>. Ello permite hacer un <b>alineamiento global<\/b> (a todo lo largo de las secuencias que se comparan).<\/p>\n<h2>Matriz de puntos<\/h2>\n<div class=\"entry-content clearfix\">\n<p><a href=\"https:\/\/bioinfo2.ugr.es\/bioinfo\/wp-content\/uploads\/2013\/06\/DotMatrix.jpg\"><img loading=\"lazy\" class=\"alignnone size-medium wp-image-374\" src=\"https:\/\/bioinfo2.ugr.es\/bioinfo\/wp-content\/uploads\/2013\/06\/DotMatrix-300x206.jpg\" alt=\"DotMatrix\" width=\"300\" height=\"206\" srcset=\"https:\/\/bioinfo2.ugr.es\/bioinfo\/wp-content\/uploads\/2013\/06\/DotMatrix-300x206.jpg 300w, https:\/\/bioinfo2.ugr.es\/bioinfo\/wp-content\/uploads\/2013\/06\/DotMatrix.jpg 662w\" sizes=\"(max-width: 300px) 100vw, 300px\" \/><\/a><\/p>\n<ul>\n<li><a href=\"https:\/\/www.ebi.ac.uk\/jdispatcher\/seqstats\/emboss_dottup\" target=\"_blank\" rel=\"noopener\">EMBOSS \u2013 dottup<\/a><\/li>\n<\/ul>\n<hr \/>\n<h2>Datos de ejemplo<\/h2>\n<div class=\"entry-content clearfix\">\n<div id=\"subnav\">\n<div>\n<ul>\n<li><a href=\"http:\/\/www.ncbi.nlm.nih.gov\/nuccore\/U23808\" target=\"_blank\" rel=\"noopener\">Xenopus rhodopsin gene<\/a><\/li>\n<li><a href=\"http:\/\/www.ncbi.nlm.nih.gov\/nuccore\/L07770\" target=\"_blank\" rel=\"noopener\">Xenopus rhodopsin mRNA<\/a><\/li>\n<\/ul>\n<\/div>\n<div>\n<pre><\/pre>\n<\/div>\n<\/div>\n<\/div>\n<\/div>\n<hr \/>\n<h2>Alineamiento global<\/h2>\n<p>Mediante un alineamiento global las secuencias se alinean en su totalidad, de principio a fin. El algoritmo b\u00e1sico para ello es el de Needleman-Wunsch.<\/p>\n<div class=\"entry-content clearfix\">\n<ul>\n<li><a href=\"http:\/\/emboss.bioinformatics.nl\/cgi-bin\/emboss\/needle\" target=\"_blank\" rel=\"noopener\">EMBOSS \u2013 needle<\/a><\/li>\n<\/ul>\n<\/div>\n<h2>Trabajar con las secuencias an\u00f3nimas<\/h2>\n<ul>\n<li>Determinar la estructura g\u00e9nica del gen contenido en la secuencia an\u00f3nima asignada al estudiante<\/li>\n<\/ul>\n","protected":false},"excerpt":{"rendered":"<p>La t\u00e9cnica b\u00e1sica para hacer un alineamiento de secuencias (tanto de ADN como de prote\u00ednas) es la matriz de puntos. Ello permite hacer un alineamiento global (a todo lo largo de las secuencias que se comparan). Matriz de puntos EMBOSS \u2013 dottup Datos de ejemplo Xenopus rhodopsin gene Xenopus rhodopsin mRNA Alineamiento global Mediante un &hellip; <a href=\"https:\/\/bioinfo2.ugr.es\/bioinfo\/alineamientos\/\">Continue reading <span class=\"meta-nav\">&rarr;<\/span><\/a><\/p>\n","protected":false},"author":1,"featured_media":0,"parent":0,"menu_order":0,"comment_status":"closed","ping_status":"closed","template":"","meta":[],"_links":{"self":[{"href":"https:\/\/bioinfo2.ugr.es\/bioinfo\/wp-json\/wp\/v2\/pages\/1088"}],"collection":[{"href":"https:\/\/bioinfo2.ugr.es\/bioinfo\/wp-json\/wp\/v2\/pages"}],"about":[{"href":"https:\/\/bioinfo2.ugr.es\/bioinfo\/wp-json\/wp\/v2\/types\/page"}],"author":[{"embeddable":true,"href":"https:\/\/bioinfo2.ugr.es\/bioinfo\/wp-json\/wp\/v2\/users\/1"}],"replies":[{"embeddable":true,"href":"https:\/\/bioinfo2.ugr.es\/bioinfo\/wp-json\/wp\/v2\/comments?post=1088"}],"version-history":[{"count":8,"href":"https:\/\/bioinfo2.ugr.es\/bioinfo\/wp-json\/wp\/v2\/pages\/1088\/revisions"}],"predecessor-version":[{"id":1977,"href":"https:\/\/bioinfo2.ugr.es\/bioinfo\/wp-json\/wp\/v2\/pages\/1088\/revisions\/1977"}],"wp:attachment":[{"href":"https:\/\/bioinfo2.ugr.es\/bioinfo\/wp-json\/wp\/v2\/media?parent=1088"}],"curies":[{"name":"wp","href":"https:\/\/api.w.org\/{rel}","templated":true}]}}