{"id":16,"date":"2013-05-29T20:31:28","date_gmt":"2013-05-29T18:31:28","guid":{"rendered":"https:\/\/bioinfo2.ugr.es\/bioinfo\/?page_id=16"},"modified":"2026-01-25T12:13:48","modified_gmt":"2026-01-25T10:13:48","slug":"presentaciones","status":"publish","type":"page","link":"https:\/\/bioinfo2.ugr.es\/bioinfo\/otros\/presentaciones\/","title":{"rendered":"Presentaciones"},"content":{"rendered":"<ul>\n<li><a href=\"https:\/\/bioinfo2.ugr.es\/bioinfo\/wp-content\/uploads\/2023\/01\/Introduccion_bioinfo_23.pdf\" target=\"_blank\" rel=\"noopener\">Introducci\u00f3n bioinform\u00e1tica<\/a><\/li>\n<li><a href=\"https:\/\/bioinfo2.ugr.es\/bioinfo\/wp-content\/uploads\/2023\/01\/Alignments23.pdf\">Alineamientos<\/a><\/li>\n<li><a href=\"https:\/\/bioinfo2.ugr.es\/bioinfo\/wp-content\/uploads\/2022\/01\/AnalisisBasico20.pdf\">An\u00e1lisis b\u00e1sico<\/a><\/li>\n<li><a href=\"https:\/\/bioinfo2.ugr.es\/bioinfo\/wp-content\/uploads\/2023\/01\/insulina.pdf\">Insulina<\/a><\/li>\n<li><a href=\"https:\/\/bioinfo2.ugr.es\/bioinfo\/wp-content\/uploads\/2018\/01\/prediccion_genes.pdf\" target=\"_blank\" rel=\"noopener noreferrer\">Predicci\u00f3n de genes<\/a><\/li>\n<li><del><a href=\"https:\/\/bioinfo2.ugr.es\/presentaciones\/bioinfo\/CodigoGeneticoIsocoras.pdf\" target=\"_blank\" rel=\"noopener noreferrer\">Uso de codones, evoluci\u00f3n del c\u00f3digo gen\u00e9tico e isocoras<\/a><\/del><\/li>\n<li><del><a href=\"https:\/\/bioinfo2.ugr.es\/presentaciones\/bioinfo\/AlineamientoMultiple.pdf\" target=\"_blank\" rel=\"noopener noreferrer\">Alineamiento m\u00faltiple<\/a><\/del><\/li>\n<li><del><a href=\"https:\/\/bioinfo2.ugr.es\/presentaciones\/bioinfo\/PerspectivasEnBioinformatica.pdf\" target=\"_blank\" rel=\"noopener noreferrer\">Perspectivas en Bioinform\u00e1tica<\/a><\/del><\/li>\n<li><del><a title=\"Alineamiento\" href=\"https:\/\/bioinfo2.ugr.es\/presentaciones\/bioinfo\/Alineamiento%20de%20secuencias.pdf\" target=\"_blank\" rel=\"noopener noreferrer\">Alineamiento de secuencias<\/a><\/del><\/li>\n<li><del><a href=\"https:\/\/bioinfo2.ugr.es\/presentaciones\/bioinfo\/AlineamientoLocal.pdf\" target=\"_blank\" rel=\"noopener noreferrer\">Alineamiento local<\/a><\/del><\/li>\n<li><del><a href=\"https:\/\/bioinfo2.ugr.es\/presentaciones\/bioinfo\/GO.pdf\" target=\"_blank\" rel=\"noopener noreferrer\">Gene Ontology<\/a><\/del><\/li>\n<\/ul>\n","protected":false},"excerpt":{"rendered":"<p>Introducci\u00f3n bioinform\u00e1tica Alineamientos An\u00e1lisis b\u00e1sico Insulina Predicci\u00f3n de genes Uso de codones, evoluci\u00f3n del c\u00f3digo gen\u00e9tico e isocoras Alineamiento m\u00faltiple Perspectivas en Bioinform\u00e1tica Alineamiento de secuencias Alineamiento local Gene Ontology<\/p>\n","protected":false},"author":1,"featured_media":0,"parent":303,"menu_order":3,"comment_status":"closed","ping_status":"closed","template":"","meta":[],"_links":{"self":[{"href":"https:\/\/bioinfo2.ugr.es\/bioinfo\/wp-json\/wp\/v2\/pages\/16"}],"collection":[{"href":"https:\/\/bioinfo2.ugr.es\/bioinfo\/wp-json\/wp\/v2\/pages"}],"about":[{"href":"https:\/\/bioinfo2.ugr.es\/bioinfo\/wp-json\/wp\/v2\/types\/page"}],"author":[{"embeddable":true,"href":"https:\/\/bioinfo2.ugr.es\/bioinfo\/wp-json\/wp\/v2\/users\/1"}],"replies":[{"embeddable":true,"href":"https:\/\/bioinfo2.ugr.es\/bioinfo\/wp-json\/wp\/v2\/comments?post=16"}],"version-history":[{"count":14,"href":"https:\/\/bioinfo2.ugr.es\/bioinfo\/wp-json\/wp\/v2\/pages\/16\/revisions"}],"predecessor-version":[{"id":1968,"href":"https:\/\/bioinfo2.ugr.es\/bioinfo\/wp-json\/wp\/v2\/pages\/16\/revisions\/1968"}],"up":[{"embeddable":true,"href":"https:\/\/bioinfo2.ugr.es\/bioinfo\/wp-json\/wp\/v2\/pages\/303"}],"wp:attachment":[{"href":"https:\/\/bioinfo2.ugr.es\/bioinfo\/wp-json\/wp\/v2\/media?parent=16"}],"curies":[{"name":"wp","href":"https:\/\/api.w.org\/{rel}","templated":true}]}}