{"id":1654,"date":"2024-01-15T10:28:55","date_gmt":"2024-01-15T08:28:55","guid":{"rendered":"https:\/\/bioinfo2.ugr.es\/bioinfo\/?page_id=1654"},"modified":"2024-01-15T10:35:29","modified_gmt":"2024-01-15T08:35:29","slug":"linux","status":"publish","type":"page","link":"https:\/\/bioinfo2.ugr.es\/bioinfo\/linux\/","title":{"rendered":"Linux"},"content":{"rendered":"\n<h3>\u00bfQue es Linux?<\/h3>\n<p>Linux es un sistema operativo tipo Unix, que sin embargo se distribuye bajo las licencias de software libre. Hoy en d\u00eda es innegable que un manejo b\u00e1sico de este sistema operativo es indispensable no solo dentro del campo de la bioinform\u00e1tica sino tambi\u00e9n para muchos otros perfiles de trabajo.<\/p>\n<p>Existen muchas razones por las que en el mundo de la bioinform\u00e1tica el sistema operativo Linux es tan importante:<\/p>\n<ul>\n<li>Es completamente gratis, es decir no hay que invertir parte del presupuesto en licencias<\/li>\n<li>Es muy estable y por eso se suele instalar en los servidores de c\u00e1lculo intensivo para ejecutar los programas bioinform\u00e1ticos que demandan mucha memoria y CPU.\u00a0La estabilidad queda patente en el hecho de que 498 de los 500 ordenadores m\u00e1s ponentes del mundo usan Linux como sistema operativo (Vaughan-Nichols, 2016).<\/li>\n<li>Es f\u00e1cil de mantener y no degrada con el uso<\/li>\n<li>No requiere la protecci\u00f3n mediante un programa antivirus<\/li>\n<li>Las actualizaciones raras veces requieren el reinicio de la maquina f\u00edsica, lo cual es una ventaja importante en un servidor<\/li>\n<li>Existe una comunidad grande dispuesta a ayudar a resolver los posibles problemas relacionados con el sistema operativo<\/li>\n<li>Linux es totalmente ajustable a los necesidades del usuario. Es decir, se puede configurar para que \u00fanicamente contenga los programas requeridas y de esta forma no se malgasta recursos en programas innecesarios (y frecuentemente indeseados)<\/li>\n<\/ul>\n<p>Debido a lo expuesto arriba, la mayor\u00eda de los bioinform\u00e1ticos desarrollan sus herramientas dentro de un entorno Linux. Aunque frecuentemente existe cierto grado de portabilidad entre los diferentes sistemas operativos, muchas herramientas importantes \u00fanicamente est\u00e1n disponibles para Linux.<\/p>\n<p>Adem\u00e1s, existen distribuciones adaptadas directamente para el uso bioinform\u00e1tico. La \u2018distro\u2019 DNALinux (<a href=\"https:\/\/en.wikipedia.org\/wiki\/DNALinux\">https:\/\/en.wikipedia.org\/wiki\/DNALinux<\/a>\u00a0) por ejemplo viene con algunos programas bioinform\u00e1ticos preinstalados como Blast y el paquete EMBOSS.<\/p>\n<p>Algunos enlaces de interes:<\/p>\n<ul>\n<li><a href=\"https:\/\/ergodic.ugr.es\/cphys\/LECCIONES\/linux\/l0-unix-v4.pdf\" target=\"_blank\" rel=\"noopener\">Una breve introducci\u00f3n<\/a><\/li>\n<li><a href=\"https:\/\/cheatography.com\/romeodol\/cheat-sheets\/comandos-de-terminal-linux\/\" target=\"_blank\" rel=\"noopener\">Cheat Sheet (espa\u00f1ol)<\/a><\/li>\n<li><a href=\"https:\/\/cheatography.com\/jonathan992\/cheat-sheets\/gnu-linux-command-spanish\/\" target=\"_blank\" rel=\"noopener\">Otra &#8216;Cheat Sheet&#8217;<\/a> (admin)<\/li>\n<\/ul>\n","protected":false},"excerpt":{"rendered":"<p>\u00bfQue es Linux? Linux es un sistema operativo tipo Unix, que sin embargo se distribuye bajo las licencias de software libre. Hoy en d\u00eda es innegable que un manejo b\u00e1sico de este sistema operativo es indispensable no solo dentro del campo de la bioinform\u00e1tica sino tambi\u00e9n para muchos otros perfiles de trabajo. Existen muchas razones &hellip; <a href=\"https:\/\/bioinfo2.ugr.es\/bioinfo\/linux\/\">Continue reading <span class=\"meta-nav\">&rarr;<\/span><\/a><\/p>\n","protected":false},"author":1,"featured_media":0,"parent":0,"menu_order":0,"comment_status":"closed","ping_status":"closed","template":"","meta":[],"_links":{"self":[{"href":"https:\/\/bioinfo2.ugr.es\/bioinfo\/wp-json\/wp\/v2\/pages\/1654"}],"collection":[{"href":"https:\/\/bioinfo2.ugr.es\/bioinfo\/wp-json\/wp\/v2\/pages"}],"about":[{"href":"https:\/\/bioinfo2.ugr.es\/bioinfo\/wp-json\/wp\/v2\/types\/page"}],"author":[{"embeddable":true,"href":"https:\/\/bioinfo2.ugr.es\/bioinfo\/wp-json\/wp\/v2\/users\/1"}],"replies":[{"embeddable":true,"href":"https:\/\/bioinfo2.ugr.es\/bioinfo\/wp-json\/wp\/v2\/comments?post=1654"}],"version-history":[{"count":3,"href":"https:\/\/bioinfo2.ugr.es\/bioinfo\/wp-json\/wp\/v2\/pages\/1654\/revisions"}],"predecessor-version":[{"id":1658,"href":"https:\/\/bioinfo2.ugr.es\/bioinfo\/wp-json\/wp\/v2\/pages\/1654\/revisions\/1658"}],"wp:attachment":[{"href":"https:\/\/bioinfo2.ugr.es\/bioinfo\/wp-json\/wp\/v2\/media?parent=1654"}],"curies":[{"name":"wp","href":"https:\/\/api.w.org\/{rel}","templated":true}]}}