{"id":17,"date":"2013-05-29T20:31:49","date_gmt":"2013-05-29T18:31:49","guid":{"rendered":"https:\/\/bioinfo2.ugr.es\/bioinfo\/?page_id=17"},"modified":"2026-01-26T16:33:13","modified_gmt":"2026-01-26T14:33:13","slug":"proyectos","status":"publish","type":"page","link":"https:\/\/bioinfo2.ugr.es\/bioinfo\/otros\/proyectos\/","title":{"rendered":"Proyectos"},"content":{"rendered":"<p style=\"text-align: left;\">A lo largo del curso, cada alumno desarrollar\u00e1 un <strong>proyecto de bioinform\u00e1tica<\/strong> tomando como base de partida el genoma de una bacteria (redacci\u00f3n de un informe) y una secuencia humana an\u00f3nima (se defender\u00e1 en forma de seminario).<\/p>\n<p style=\"text-align: center;\"><a href=\"https:\/\/bioinfo2.ugr.es\/bioinfo\/wp-content\/uploads\/2026\/01\/secuencias_asignadas_26.pdf\">secuencias_asignadas<\/a><\/p>\n<p style=\"text-align: center;\">Fechas seminarios: 11\/12 de febrero<\/p>\n<p style=\"text-align: left;\">El objetivo que se persigue es iniciar al alumno en las t\u00e9cnicas de an\u00e1lisis de secuencias de ADN y prote\u00ednas, as\u00ed como en el manejo de las correspondientes bases de datos. Se valorar\u00e1 especialmente el grado de iniciativa a la hora de planear y desarrollar el trabajo.<\/p>\n<p style=\"text-align: left;\">Se deber\u00e1 elaborar una <strong>presentaci\u00f3n autoexplicativa que deber\u00e1 exponerse oralmente en clase. <\/strong>El tiempo disponible para la exposici\u00f3n ser\u00e1 de 10 minutos. Las presentaciones ser\u00e1n los d\u00edas 11 y 12 de febrero.<\/p>\n<p>La fecha limite para entregar la presentaci\u00f3n es el d\u00eda 10 de febrero. Se env\u00eda a hackenberg@go.ugr.es indicando &#8216;presentaci\u00f3n bioinform\u00e1tica&#8217; en el asunto.<\/p>\n<p><strong>IMPORTANTE<\/strong>: La presentaci\u00f3n deber\u00e1 estar <strong>en formato PDF<\/strong> (no basta con los formatos .ppt, .pptx, .doc), o bien tenerla en Prezi, etc.<\/p>\n<p style=\"text-align: center;\">\n","protected":false},"excerpt":{"rendered":"<p>A lo largo del curso, cada alumno desarrollar\u00e1 un proyecto de bioinform\u00e1tica tomando como base de partida el genoma de una bacteria (redacci\u00f3n de un informe) y una secuencia humana an\u00f3nima (se defender\u00e1 en forma de seminario). secuencias_asignadas Fechas seminarios: 11\/12 de febrero El objetivo que se persigue es iniciar al alumno en las t\u00e9cnicas &hellip; <a href=\"https:\/\/bioinfo2.ugr.es\/bioinfo\/otros\/proyectos\/\">Continue reading <span class=\"meta-nav\">&rarr;<\/span><\/a><\/p>\n","protected":false},"author":1,"featured_media":0,"parent":303,"menu_order":4,"comment_status":"closed","ping_status":"closed","template":"","meta":[],"_links":{"self":[{"href":"https:\/\/bioinfo2.ugr.es\/bioinfo\/wp-json\/wp\/v2\/pages\/17"}],"collection":[{"href":"https:\/\/bioinfo2.ugr.es\/bioinfo\/wp-json\/wp\/v2\/pages"}],"about":[{"href":"https:\/\/bioinfo2.ugr.es\/bioinfo\/wp-json\/wp\/v2\/types\/page"}],"author":[{"embeddable":true,"href":"https:\/\/bioinfo2.ugr.es\/bioinfo\/wp-json\/wp\/v2\/users\/1"}],"replies":[{"embeddable":true,"href":"https:\/\/bioinfo2.ugr.es\/bioinfo\/wp-json\/wp\/v2\/comments?post=17"}],"version-history":[{"count":21,"href":"https:\/\/bioinfo2.ugr.es\/bioinfo\/wp-json\/wp\/v2\/pages\/17\/revisions"}],"predecessor-version":[{"id":1971,"href":"https:\/\/bioinfo2.ugr.es\/bioinfo\/wp-json\/wp\/v2\/pages\/17\/revisions\/1971"}],"up":[{"embeddable":true,"href":"https:\/\/bioinfo2.ugr.es\/bioinfo\/wp-json\/wp\/v2\/pages\/303"}],"wp:attachment":[{"href":"https:\/\/bioinfo2.ugr.es\/bioinfo\/wp-json\/wp\/v2\/media?parent=17"}],"curies":[{"name":"wp","href":"https:\/\/api.w.org\/{rel}","templated":true}]}}