{"id":20,"date":"2013-05-29T20:32:47","date_gmt":"2013-05-29T18:32:47","guid":{"rendered":"https:\/\/bioinfo2.ugr.es\/bioinfo\/?page_id=20"},"modified":"2015-04-15T13:27:27","modified_gmt":"2015-04-15T11:27:27","slug":"tutoriales-y-cursos-en-linea","status":"publish","type":"page","link":"https:\/\/bioinfo2.ugr.es\/bioinfo\/otros\/tutoriales-y-cursos-en-linea\/","title":{"rendered":"Otros cursos de Bioinform\u00e1tica\/Gen\u00f3mica"},"content":{"rendered":"<p><span style=\"font-family: verdana,geneva; font-size: small;\"><b>Manuales en l\u00ednea:<\/b> <\/span><\/p>\n<ul>\n<li><a href=\"http:\/\/www.ncbi.nlm.nih.gov\/About\/primer\/index.html\" target=\"_blank\">A science primer<\/a>:\n<ul>\n<li><a href=\"http:\/\/www.ncbi.nlm.nih.gov\/About\/primer\/bioinformatics.html\" target=\"_blank\">Bioinform\u00e1tica<\/a><\/li>\n<li><a href=\"http:\/\/www.ncbi.nlm.nih.gov\/About\/primer\/mapping.html\" target=\"_blank\">Mapas gen\u00f3micos<\/a><\/li>\n<li><a href=\"http:\/\/www.ncbi.nlm.nih.gov\/About\/primer\/molecularmod.html\" target=\"_blank\">Modelizaci\u00f3n molecular<\/a><\/li>\n<li><a href=\"http:\/\/www.ncbi.nlm.nih.gov\/About\/primer\/snps.html\" target=\"_blank\">SNPs<\/a><\/li>\n<li><a href=\"http:\/\/www.ncbi.nlm.nih.gov\/About\/primer\/est.html\" target=\"_blank\">ESTs<\/a><\/li>\n<li><a href=\"http:\/\/www.ncbi.nlm.nih.gov\/About\/primer\/microarrays.html\" target=\"_blank\">Microarrays<\/a><\/li>\n<li><a href=\"http:\/\/www.ncbi.nlm.nih.gov\/About\/primer\/genetics_molecular.html\" target=\"_blank\">Gen\u00e9tica Molecular<\/a><\/li>\n<li><a href=\"http:\/\/www.ncbi.nlm.nih.gov\/About\/primer\/pharm.html\" target=\"_blank\">Farmacogen\u00f3mica<\/a><\/li>\n<li><a href=\"http:\/\/www.ncbi.nlm.nih.gov\/About\/primer\/phylo.html\" target=\"_blank\">Filogenia molecular<\/a><\/li>\n<\/ul>\n<\/li>\n<li>\n<div><a href=\"http:\/\/www.ornl.gov\/hgmis\/publicat\/primer2001\/\" target=\"_blank\">Genomics and its impact on Medicine and Society. A 2001 primer<\/a><\/div>\n<\/li>\n<li><a href=\"http:\/\/www.ornl.gov\/sci\/techresources\/Human_Genome\/publicat\/primer2001\/glossary.shtml\" target=\"_blank\">Dictionary of Genetic Terms<\/a><\/li>\n<li>\n<div><a href=\"http:\/\/www.ebi.ac.uk\/2can\/index.html\" target=\"_blank\">Bioinformatics Educational Resource<\/a><\/div>\n<\/li>\n<li>\n<div><a href=\"http:\/\/www.merelo.net\/tutoperl\/tutoperl0.html\" target=\"_blank\">Tutorial de Perl<\/a><\/div>\n<\/li>\n<li>\n<div><a href=\"http:\/\/www.animalgenome.org\/edu\/doe\/\" target=\"_blank\">Primer on Molecular Genetics<\/a><\/div>\n<\/li>\n<\/ul>\n<p>Cursos en l\u00ednea:<\/p>\n<ul>\n<li><a href=\"http:\/\/www.es.embnet.org\/Doc\/Guides\/\">Gu\u00edas de Bioinform\u00e1tica (EMBNet\/CNB)<\/a><\/li>\n<li><a href=\"http:\/\/www.es.embnet.org\/Doc\/ECJ\/ECJ-1999-01\/coursecnb\/\" target=\"_blank\">Sequence analysis course (Dr. Jos\u00e9 R, Valverde, EMBNet\/CNB)<\/a><\/li>\n<li><a href=\"http:\/\/www.csc.fi\/molbio\/opetus\/phylogenetics.html\" target=\"_blank\">Computational Phylogenetics (CSC BioBox)<\/a><\/li>\n<li><a href=\"http:\/\/merlin.mbcr.bcm.tmc.edu:8001\/bcdusa\/Curric\/welcome.html\" target=\"_blank\">BioComputing hypertext coursebook<\/a><\/li>\n<li><a href=\"http:\/\/www.techfak.uni-bielefeld.de\/bcd\/\" target=\"_blank\">BioComputing course on the Internet<\/a><\/li>\n<li><a href=\"http:\/\/biobase.dk\/Embnetut\/Ifb\/ifb_intr.html\" target=\"_blank\">Internet for biologists<\/a><\/li>\n<li><a href=\"http:\/\/www.techfak.uni-bielefeld.de\/bcd\/Curric\/syllabi.html\" target=\"_blank\">Biocomputing Course Resource List<\/a><\/li>\n<li><a href=\"http:\/\/www.internautas.org\/curso_html\/\" target=\"_blank\">Curso de HTML<\/a> (Asociaci\u00f3n de Internautas)<\/li>\n<\/ul>\n","protected":false},"excerpt":{"rendered":"<p>Manuales en l\u00ednea: A science primer: Bioinform\u00e1tica Mapas gen\u00f3micos Modelizaci\u00f3n molecular SNPs ESTs Microarrays Gen\u00e9tica Molecular Farmacogen\u00f3mica Filogenia molecular Genomics and its impact on Medicine and Society. A 2001 primer Dictionary of Genetic Terms Bioinformatics Educational Resource Tutorial de Perl Primer on Molecular Genetics Cursos en l\u00ednea: Gu\u00edas de Bioinform\u00e1tica (EMBNet\/CNB) Sequence analysis course (Dr. &hellip; <a href=\"https:\/\/bioinfo2.ugr.es\/bioinfo\/otros\/tutoriales-y-cursos-en-linea\/\">Continue reading <span class=\"meta-nav\">&rarr;<\/span><\/a><\/p>\n","protected":false},"author":1,"featured_media":0,"parent":303,"menu_order":10,"comment_status":"closed","ping_status":"closed","template":"","meta":[],"_links":{"self":[{"href":"https:\/\/bioinfo2.ugr.es\/bioinfo\/wp-json\/wp\/v2\/pages\/20"}],"collection":[{"href":"https:\/\/bioinfo2.ugr.es\/bioinfo\/wp-json\/wp\/v2\/pages"}],"about":[{"href":"https:\/\/bioinfo2.ugr.es\/bioinfo\/wp-json\/wp\/v2\/types\/page"}],"author":[{"embeddable":true,"href":"https:\/\/bioinfo2.ugr.es\/bioinfo\/wp-json\/wp\/v2\/users\/1"}],"replies":[{"embeddable":true,"href":"https:\/\/bioinfo2.ugr.es\/bioinfo\/wp-json\/wp\/v2\/comments?post=20"}],"version-history":[{"count":5,"href":"https:\/\/bioinfo2.ugr.es\/bioinfo\/wp-json\/wp\/v2\/pages\/20\/revisions"}],"predecessor-version":[{"id":1116,"href":"https:\/\/bioinfo2.ugr.es\/bioinfo\/wp-json\/wp\/v2\/pages\/20\/revisions\/1116"}],"up":[{"embeddable":true,"href":"https:\/\/bioinfo2.ugr.es\/bioinfo\/wp-json\/wp\/v2\/pages\/303"}],"wp:attachment":[{"href":"https:\/\/bioinfo2.ugr.es\/bioinfo\/wp-json\/wp\/v2\/media?parent=20"}],"curies":[{"name":"wp","href":"https:\/\/api.w.org\/{rel}","templated":true}]}}