{"id":4,"date":"2013-05-29T20:26:37","date_gmt":"2013-05-29T18:26:37","guid":{"rendered":"https:\/\/bioinfo2.ugr.es\/bioinfo\/?page_id=4"},"modified":"2016-01-04T12:09:41","modified_gmt":"2016-01-04T10:09:41","slug":"introduccion","status":"publish","type":"page","link":"https:\/\/bioinfo2.ugr.es\/bioinfo\/","title":{"rendered":"Bioinform\u00e1tica"},"content":{"rendered":"<p>La bioinform\u00e1tica, tambi\u00e9n llamada biolog\u00eda computacional o biocomputaci\u00f3n, es un campo relativamente reciente. Aunque es dif\u00edcil determinar exactamente su origen, se trata de una disciplina cient\u00edfica con un rapid\u00edsimo desarrollo, basado fundamentalmente en los extraordinarios avances hechos en secuenciaci\u00f3n gen\u00f3mica y en las t\u00e9cnicas para la elaboraci\u00f3n de mapas gen\u00e9ticos, adem\u00e1s de en otras disciplinas biol\u00f3gicas y biotecnol\u00f3gicas.<\/p>\n<p>La enorme avalancha de datos producida por la gen\u00f3mica, en forma principalmente de secuencias primarias de multitud de genes y prote\u00ednas de todo tipo de organismos, plantea el reto de encontrar su significado, es decir c\u00f3mo transformar esos datos en informaci\u00f3n \u00fatil que permita el desarrollo de nuevos medicamentos, nuevos avances en la curaci\u00f3n de enfermedades y, en definitiva, una mayor comprensi\u00f3n de c\u00f3mo funcionan los seres vivos.<\/p>\n<p>La herramienta principal para encontrar sentido a esta avalancha de datos moleculares es el ordenador. La biolog\u00eda computacional se ocupa de c\u00f3mo utilizar la potencia de las herramientas computacionales para modelar y comprender los sistemas biol\u00f3gicos.<\/p>\n<p>Para algunos la bioinform\u00e1tica tambi\u00e9n incluye el estudio del flujo de informaci\u00f3n que va de los \u00e1cidos nucleicos a las prote\u00ednas. La bioinform\u00e1tica tratar\u00eda de comprender entonces qu\u00e9 es lo que queremos decir cuando hablamos de que los genes codifican alg\u00fan rasgo fenot\u00edpico, como por ejemplo el color del pelo, la inteligencia o la susceptibilidad al c\u00e1ncer.<\/p>\n<p>La bioinform\u00e1tica se puede describir como la ciencia que permite crear y gestionar bases de datos biol\u00f3gicos, tratando de registrar, y eventualmente simular, toda la complejidad del ser vivo. Este enfoque se basa en la estructura jer\u00e1rquica de los genes, su orden en el genoma, la funci\u00f3n de las prote\u00ednas para las que codifican y las interacciones entre esas prote\u00ednas, que da lugar al mantenimiento del metabolismo, la reproducci\u00f3n y la forma biol\u00f3gica.<\/p>\n<h1><\/h1>\n","protected":false},"excerpt":{"rendered":"<p>La bioinform\u00e1tica, tambi\u00e9n llamada biolog\u00eda computacional o biocomputaci\u00f3n, es un campo relativamente reciente. Aunque es dif\u00edcil determinar exactamente su origen, se trata de una disciplina cient\u00edfica con un rapid\u00edsimo desarrollo, basado fundamentalmente en los extraordinarios avances hechos en secuenciaci\u00f3n gen\u00f3mica y en las t\u00e9cnicas para la elaboraci\u00f3n de mapas gen\u00e9ticos, adem\u00e1s de en otras disciplinas &hellip; <a href=\"https:\/\/bioinfo2.ugr.es\/bioinfo\/\">Continue reading <span class=\"meta-nav\">&rarr;<\/span><\/a><\/p>\n","protected":false},"author":1,"featured_media":0,"parent":0,"menu_order":1,"comment_status":"closed","ping_status":"closed","template":"","meta":[],"_links":{"self":[{"href":"https:\/\/bioinfo2.ugr.es\/bioinfo\/wp-json\/wp\/v2\/pages\/4"}],"collection":[{"href":"https:\/\/bioinfo2.ugr.es\/bioinfo\/wp-json\/wp\/v2\/pages"}],"about":[{"href":"https:\/\/bioinfo2.ugr.es\/bioinfo\/wp-json\/wp\/v2\/types\/page"}],"author":[{"embeddable":true,"href":"https:\/\/bioinfo2.ugr.es\/bioinfo\/wp-json\/wp\/v2\/users\/1"}],"replies":[{"embeddable":true,"href":"https:\/\/bioinfo2.ugr.es\/bioinfo\/wp-json\/wp\/v2\/comments?post=4"}],"version-history":[{"count":5,"href":"https:\/\/bioinfo2.ugr.es\/bioinfo\/wp-json\/wp\/v2\/pages\/4\/revisions"}],"predecessor-version":[{"id":1189,"href":"https:\/\/bioinfo2.ugr.es\/bioinfo\/wp-json\/wp\/v2\/pages\/4\/revisions\/1189"}],"wp:attachment":[{"href":"https:\/\/bioinfo2.ugr.es\/bioinfo\/wp-json\/wp\/v2\/media?parent=4"}],"curies":[{"name":"wp","href":"https:\/\/api.w.org\/{rel}","templated":true}]}}