{"id":108,"date":"2013-05-29T22:46:23","date_gmt":"2013-05-29T20:46:23","guid":{"rendered":"http:\/\/bioinfo2.ugr.es\/genomica\/?page_id=108"},"modified":"2024-09-23T19:05:32","modified_gmt":"2024-09-23T17:05:32","slug":"contacto","status":"publish","type":"page","link":"https:\/\/bioinfo2.ugr.es\/genomica\/contacto\/","title":{"rendered":"Profesorado"},"content":{"rendered":"\n<div class=\"wp-block-columns are-vertically-aligned-top\">\n<div class=\"wp-block-column is-vertically-aligned-top\" style=\"flex-basis:100%\">\n<div class=\"wp-block-group\"><div class=\"wp-block-group__inner-container\">\n<div class=\"wp-block-group\"><div class=\"wp-block-group__inner-container\">\n<p class=\"has-text-align-center\"><a href=\"mailto:carmelo@ugr.es\">Dr. Carmelo Ruiz Rej\u00f3n<\/a><br><a href=\"mailto:gbarturen@ugr.es\" data-type=\"URL\">Dr. Guillermo Barturen Bri\u00f1as<\/a><br><a href=\"mailto:rherran@ugr.es\">Dr. Roberto de la Herr\u00e1n Moreno<\/a><br><a href=\"mailto:frobles@ugr.es\">Dr. Francisca Robles Rodr\u00edguez<\/a><br><a href=\"mailto:rnavajas@ugr.es\">Dr. Rafael Navajas P\u00e9rez<\/a><\/p>\n<\/div><\/div>\n\n\n\n<p class=\"has-text-align-center\"><a href=\"http:\/\/grados.ugr.es\/bioquimica\/\">Grado&nbsp;en Bioqu\u00edmica<\/a><br><a href=\"http:\/\/www.ugr.es\/~genetica\/\" target=\"_blank\" rel=\"noopener noreferrer\">Dpto. de Gen\u00e9tica<\/a><br><a href=\"http:\/\/fciencias.ugr.es\/index.php?lang=es\" target=\"_blank\" rel=\"noopener noreferrer\">Facultad de Ciencias<\/a><br><a href=\"http:\/\/www.ugr.es\/\" target=\"_blank\" rel=\"noopener noreferrer\">Universidad de Granada<\/a><\/p>\n<\/div><\/div>\n<\/div>\n<\/div>\n","protected":false},"excerpt":{"rendered":"<p>Dr. Carmelo Ruiz Rej\u00f3nDr. Guillermo Barturen Bri\u00f1asDr. Roberto de la Herr\u00e1n MorenoDr. Francisca Robles Rodr\u00edguezDr. Rafael Navajas P\u00e9rez Grado&nbsp;en Bioqu\u00edmicaDpto. de Gen\u00e9ticaFacultad de CienciasUniversidad de Granada<\/p>\n","protected":false},"author":1,"featured_media":0,"parent":0,"menu_order":11,"comment_status":"closed","ping_status":"closed","template":"","meta":[],"_links":{"self":[{"href":"https:\/\/bioinfo2.ugr.es\/genomica\/wp-json\/wp\/v2\/pages\/108"}],"collection":[{"href":"https:\/\/bioinfo2.ugr.es\/genomica\/wp-json\/wp\/v2\/pages"}],"about":[{"href":"https:\/\/bioinfo2.ugr.es\/genomica\/wp-json\/wp\/v2\/types\/page"}],"author":[{"embeddable":true,"href":"https:\/\/bioinfo2.ugr.es\/genomica\/wp-json\/wp\/v2\/users\/1"}],"replies":[{"embeddable":true,"href":"https:\/\/bioinfo2.ugr.es\/genomica\/wp-json\/wp\/v2\/comments?post=108"}],"version-history":[{"count":19,"href":"https:\/\/bioinfo2.ugr.es\/genomica\/wp-json\/wp\/v2\/pages\/108\/revisions"}],"predecessor-version":[{"id":4247,"href":"https:\/\/bioinfo2.ugr.es\/genomica\/wp-json\/wp\/v2\/pages\/108\/revisions\/4247"}],"wp:attachment":[{"href":"https:\/\/bioinfo2.ugr.es\/genomica\/wp-json\/wp\/v2\/media?parent=108"}],"curies":[{"name":"wp","href":"https:\/\/api.w.org\/{rel}","templated":true}]}}