{"id":3541,"date":"2017-11-28T10:39:31","date_gmt":"2017-11-28T08:39:31","guid":{"rendered":"http:\/\/bioinfo2.ugr.es\/genomica\/?page_id=3541"},"modified":"2019-09-08T10:02:15","modified_gmt":"2019-09-08T08:02:15","slug":"variabilidad_genetica","status":"publish","type":"page","link":"https:\/\/bioinfo2.ugr.es\/genomica\/variabilidad_genetica\/","title":{"rendered":"Variabilidad Gen\u00e9tica y Detecci\u00f3n de Variantes"},"content":{"rendered":"<h2><span id=\"Objetivos\">Objetivos<\/span><\/h2>\n<p>El objetivo de este ejercicio es la detecci\u00f3n de variantes (SNPs e indels) en ADN gen\u00f3mico extra\u00eddo de una \u00fanica persona y enriquecido en <strong>exoma<\/strong>, utilizando para ello un peque\u00f1o conjunto de <strong>lecturas cortas (single-end)<\/strong> del <strong>cromosoma 22<\/strong> obtenidas mediante NGS en un equipo Illumina GAIIx . Se trata de aproximadamente un mill\u00f3n de lecturas de 76bp (210 Mb en total).<\/p>\n<p>El ADN procede de una mujer cauc\u00e1sica de los EEUU que ha sido resecuenciado multitud de veces, por lo que esta mujer es actualmente uno de los seres humanos mejor caracterizados gen\u00e9ticamente. Su familia fue uno de los 30 trios de los proyectos Hapmap y 1000 Genomas.<\/p>\n<p>El ADN gen\u00f3mico se extrajo a partir de c\u00e9lulas sangu\u00edneas, enriqueci\u00e9ndolo a continuaci\u00f3n en secuencias del exoma. Para ello, se purificaron utilizando oligonucle\u00f3tidos espec\u00edficos en microarrays. Este proceso de enriquecimiento no es perfecto, por lo que en la muestra final puede haber algo de contaminaci\u00f3n de ADN no-ex\u00f3mico, asi como ADN mitocondrial.<\/p>\n<p>Filtraremos las variantes obtenidas manualmente, de forma que se comprenda bien el procedimiento. En el mundo real, los conjuntos de datos empleados en la detecci\u00f3n de variantes son mucho m\u00e1s grandes y las herramientas bastante m\u00e1s sofisticadas, ya que se basan en modelos estad\u00edsticos de la representaci\u00f3n de las variantes en el conjunto de las lecturas.<\/p>\n<hr \/>\n<h2><span id=\"Importacin_de_los_datos\">Importaci\u00f3n de los datos<\/span><\/h2>\n<ol>\n<li>Conectese a <a href=\"https:\/\/usegalaxy.org\" target=\"_blank\" rel=\"noopener noreferrer\">Galaxy<\/a> y entre en su cuenta (reg\u00edstrese si es necesario). <a href=\"https:\/\/usegalaxy.eu\" target=\"_blank\" rel=\"noopener noreferrer\">Servidor de Galaxy alternativo<\/a>.<\/li>\n<li>Copie este enlace: http:\/\/bioinfo2.ugr.es\/DatosClase\/NA12878.GAIIx.exome_chr22.1E6reads.76bp.fastq.<\/li>\n<li>En el panel izquierdo de Galaxy abra <em>Get Data -&gt; Upload File<\/em> -&gt; <em>Paste\/Fetch data<\/em> y pegue ese enlace en el cuadro de texto que aparece.<\/li>\n<li>En el campo <em>Type<\/em> elija <em>fastqsanger<\/em>, en el campo <em>Genome<\/em> elija el ensamblado <em>Human Feb 2009 (GRCh37\/ hg19) (hg19) <\/em>y pulse<em> Start.<\/em><\/li>\n<li>Cuando acaben de cargarse los datos, ed\u00edtelos (herramienta\u00a0[icon name=&#8221;pencil&#8221; class=&#8221;&#8221; unprefixed_class=&#8221;&#8221;] (L\u00c1PIZ) en el item de la historia) y simplifique el nombre a\u00a0 <em>NA12878.GAIIx.exome_chr22.1E6reads.76bp.fastq<\/em>.<\/li>\n<li>Aseg\u00farese de que el formato es <em>fatsqsanger<\/em> y el ensamblado <em>hg19<\/em>.<\/li>\n<li>Si el formato fuese otro, c\u00e1mbielo editando los datos -&gt; <em>Datatype<\/em> y elija <em>fastqsanger<\/em>.<\/li>\n<\/ol>\n<hr \/>\n<h2><span id=\"Control_de_calidad\">Control de calidad<\/span><\/h2>\n<p>Examine las lecturas pinchando en la herramienta [icon name=&#8221;eye&#8221; class=&#8221;&#8221; unprefixed_class=&#8221;&#8221;] (OJO) del item\u00a0 <em>NA12878.GAIIx.exome_chr22.1E6reads.76bp.fastq.<\/em><\/p>\n<p>Note que en el formato <a href=\"http:\/\/maq.sourceforge.net\/fastq.shtml\" target=\"_blank\" rel=\"noopener noreferrer\">fastq <\/a>cada lectura est\u00e1 representada por 4 l\u00edneas:<\/p>\n<ol>\n<li>Identificador o nombre<\/li>\n<li>Secuencia<\/li>\n<li>Separador<\/li>\n<li>L\u00ednea de calidad<\/li>\n<\/ol>\n<p>Analice la calidad de las lecturas con FASTQC: En el <strong>panel izquierdo de Galaxy<\/strong>, seleccione <em><strong>NGS: QC and manipulation \u2013&gt; FASTQC Read Quality Reports<\/strong>.<\/em><\/p>\n<p>Aparecer\u00e1 seleccionado por defecto el fichero con los datos (extension .fastq).<\/p>\n<p>Deje las dem\u00e1s opciones por defecto y pinche en <strong><em>Execute<\/em><\/strong>. Cuando termine el proceso, aparecer\u00e1n dos items nuevos en su historia, uno con los resultados en forma num\u00e9rica y otro en html (Webpage). Seleccione este \u00faltimo item y pinche en la herramienta\u00a0[icon name=&#8221;eye&#8221; class=&#8221;&#8221; unprefixed_class=&#8221;&#8221;] (OJO) para examinar los resultados.<\/p>\n<p>Aparecer\u00e1 un <em>FastQC Report<\/em> conteniendo una lista de gr\u00e1ficos con las medidas de calidad. Examine el gr\u00e1fico <strong>Per base sequence quality. <\/strong>Observe que los datos parecen bastante buenos, la mayor\u00eda de los scores est\u00e1n por encima de 30, lo que corresponde a una precisi\u00f3n del 99.9% (v\u00e9ase una explicaci\u00f3n de los <a href=\"http:\/\/www.phrap.com\/phred\/\" target=\"_blank\" rel=\"noopener noreferrer\">Phred Quality Scores<\/a>).<\/p>\n<p>Note tambi\u00e9n que el gr\u00e1fico <strong>Sequence Duplication Levels<\/strong> revela que hay una tasa de duplicaci\u00f3n muy alta en las lecturas (artefacto debido a la PCR). Ello requerir\u00eda\u00a0 emplear una herramienta espec\u00edfica para eliminar dicha redundancia, aunque por brevedad aqu\u00ed nos saltaremos ese paso.<\/p>\n<hr \/>\n<h2><span id=\"Alineamiento\">Alineamiento<\/span><\/h2>\n<p>Se trata de alinear o mapear cada lectura de la muestra de ADN (<strong><em>NA12878.GAIIx.exome_chr22.1E6reads.76bp.fastq<\/em><\/strong>) con el genoma de referencia (<strong><em>hg19<\/em><\/strong>), de forma que podamos identificar las variantes (SNVs, SNPs o indels).<\/p>\n<p><em><strong>NGS: Mapping \u2013&gt; Map with BWA for Illumina<\/strong>:<\/em><\/p>\n<ol>\n<li>Use el fichero FASTQ por defecto (<em>NA12878.GAIIx.exome_chr22.1E6reads.76bp.fastq<\/em>)<\/li>\n<li>Seleccione <em>Human (Homo sapiens) (b37): hg19<\/em> como genoma de referencia<\/li>\n<li>Deje las dem\u00e1s opciones por defecto<\/li>\n<li>Pinche en <strong><em>Execute<\/em><\/strong><\/li>\n<\/ol>\n<p>Este es el paso que m\u00e1s tarda (5-20 minutos, dependiendo de la carga que tenga el servidor de Galaxy en ese momento).<\/p>\n<p>Cuando termine el proceso, pinche en la herramienta [icon name=&#8221;eye&#8221; class=&#8221;&#8221; unprefixed_class=&#8221;&#8221;] (OJO) y examine el alineamiento en <a href=\"https:\/\/docs.google.com\/document\/pub?id=1fouC29Lq0CXxQQCpuojrR5RXbdzMdxRf8ZID01XYNqI#h.wi5ur9zac5i5\" target=\"_blank\" rel=\"noopener noreferrer\">formato SAM<\/a> (Sequence Alignment Map).<\/p>\n<p>Observe que muchas lecturas no mapean en el cromosoma 22 (columna 3). Para quedarnos solamente con aquellas lecturas que mapean correctamente en el cromosoma, debemos filtrar estos resultados:<\/p>\n<ul>\n<li><strong>Filter and Sort \u2013&gt; Filter<\/strong><\/li>\n<li><strong>Condition<\/strong>: c3==\u2019chr22\u2032<\/li>\n<\/ul>\n<p>En el nuevo item de su historia, solo aparecer\u00e1n ahora aquellas lecturas que mapean en el cromosoma 22 (un 93% de las lecturas).<\/p>\n<p>Con la herramienta\u00a0[icon name=&#8221;pencil&#8221; class=&#8221;&#8221; unprefixed_class=&#8221;&#8221;] (L\u00c1PIZ), renombre este \u00faltimo item a: NA12878.chr22_exome.BWA_mapped.chr22_filtered<\/p>\n<p>Ahora debemos comprimir el archivo en formato SAM, poni\u00e9ndolo en formato binario (BAM):<\/p>\n<p><strong>NGS: Sam Tools \u2013&gt; SAM-to-BAM<\/strong><\/p>\n<p>Aseg\u00farese de que selecciona para ello el item m\u00e1s reciente en su historia (NA12878.chr22_exome.BWA_mapped.chr22_filtered) y pinche en \u2018<strong>Execute<\/strong>\u2018.<\/p>\n<p>Con la herramienta\u00a0[icon name=&#8221;pencil&#8221; class=&#8221;&#8221; unprefixed_class=&#8221;&#8221;] (L\u00c1PIZ), <strong>renombre<\/strong> el archivo BAM reci\u00e9n obtenido a: NA12878.chr22_exome.BWA_mapped.bam<\/p>\n<hr \/>\n<h2><span id=\"Visualizacin\">Visualizaci\u00f3n<\/span><\/h2>\n<p>Para visualizar el alineamiento en el UCSC Genome Browser, pinche en el nombre del archivo BAM y elija <strong><span class=\"display-application-location\">display at UCSC<\/span> <span class=\"display-application-links\">main. <\/span><\/strong><\/p>\n<p>Si activa el track de genes RefSeq y pone las coordenadas chr22:35,790,491-35,827,565 en el cuadro de texto del Genome Browser obtendr\u00e1 una imagen como esta:<\/p>\n<p id=\"kczVynf\"><a href=\"http:\/\/bioinfo2.ugr.es\/genomicafuncional\/wp-content\/uploads\/2017\/01\/hgt_genome_3251_a17180.png\"><img loading=\"lazy\" class=\"alignnone size-full wp-image-2105\" src=\"http:\/\/bioinfo2.ugr.es\/genomicafuncional\/wp-content\/uploads\/2017\/01\/hgt_genome_3251_a17180.png\" alt=\"\" width=\"1100\" height=\"415\" \/><\/a><\/p>\n<p>Observe como, al tratarse de datos del exoma, las lecturas se concentran en los exones.<\/p>\n<p>Aumentando el zoom puede observar las variantes con respecto al genoma de referencia.<\/p>\n<h2><span id=\"Filtrado_y_validacin_de_los_SNPs_SNP_calling\">Filtrado y validaci\u00f3n de los SNPs (SNP calling)<\/span><\/h2>\n<p>Para obtener informaci\u00f3n m\u00e1s detallada sobre cada posici\u00f3n del alineamiento, usaremos el programa <strong>pileup<\/strong>. Este programa facilita la selecci\u00f3n e identificaci\u00f3n de los SNPs m\u00e1s relevantes.<\/p>\n<p>Ejecute <strong>pileup<\/strong> sobre las lecturas alineadas que obtuvo en el ejercicio anterior (archivo NA12878.chr22_exome.BWA_mapped.bam):<\/p>\n<p><strong>NGS: SAMtools \u2013&gt; Generate Pileup<\/strong><\/p>\n<p>Mantenga todas las opciones por defecto, excepto <strong>Call consensus according to MAQ model -&gt; Yes.<\/strong> Esto genera una base de consenso en cada posici\u00f3n cromos\u00f3mica<strong>.<br \/>\n<\/strong><\/p>\n<p><strong>Nota:<\/strong> MAQ es un software para el mapeado de lecturas cortas frente a ensamblados. M\u00e1s informaci\u00f3n <a href=\"http:\/\/maq.sourceforge.net\/\">aqu\u00ed<\/a>.<\/p>\n<p>El cambio anterior abrir\u00e1 m\u00e1s opciones; mant\u00e9ngalas todas por defecto y pinche en \u2018<strong>Execute<\/strong>\u2018.<\/p>\n<p>Cambie a <a href=\"https:\/\/docs.google.com\/document\/pub?id=1fouC29Lq0CXxQQCpuojrR5RXbdzMdxRf8ZID01XYNqI#h.931a12a1a6ce\" target=\"_blank\" rel=\"noopener noreferrer\">formato pileup<\/a> el archivo que acaba de generar:<\/p>\n<p><strong>Herramienta\u00a0[icon name=&#8221;pencil&#8221; class=&#8221;&#8221; unprefixed_class=&#8221;&#8221;] (L\u00c1PIZ) \u2013&gt; Datatype &gt; pileup<\/strong><\/p>\n<p>El archivo pileup resume los datos de las lecturas en aquellas regiones gen\u00f3micas cubiertas por al menos una lectura.<\/p>\n<p>Para aumentar la calidad de las variantes obtenidas, aplicaremos dos filtros sucesivos:<\/p>\n<p><strong>A. NGS: SAM Tools \u2013&gt; Filter Pileup<\/strong><\/p>\n<ol>\n<li>Select \u2018Pileup with ten columns (with consensus)\u2019<\/li>\n<li>Do not report positions with coverage lower than = 10<\/li>\n<li>Convert coordinates to intervals = Yes<\/li>\n<\/ol>\n<p>Con este primer filtro obtendremos unos 16.096 SNPs, lo que resulta a\u00fan muy alto. T\u00e9ngase en cuenta que cabe esperar 1 SNP por kb; puesto que el exoma del cromosoma 22 tiene 600-700 kb (2% de 33500 kb, que es el tama\u00f1o de este cromosoma), cabr\u00eda esperar unos 600-700 SNPs. As\u00ed que todav\u00eda son muchos.<\/p>\n<p><strong>B. Filter and Sort \u2013&gt; Filter<\/strong><\/p>\n<ul>\n<li>Seleccione los SNPs que tengan \u2018c7&gt;50\u2032.\u00a0 La columna 7 contiene un score que combina varias medidas de calidad, como la cobertura o la calidad por posici\u00f3n.<\/li>\n<li>Ahora el n\u00famero de SNPs se reduce a 898, lo que no est\u00e1 muy lejos de lo que se espera.<\/li>\n<\/ul>\n<h2><span id=\"Visualizacin_en_Genome_Browser\">Visualizaci\u00f3n en Genome Browser y validaci\u00f3n con dbSNP<br \/>\n<\/span><\/h2>\n<ul>\n<li>Con la herramienta\u00a0[icon name=&#8221;pencil&#8221; class=&#8221;&#8221; unprefixed_class=&#8221;&#8221;] (L\u00c1PIZ), cambie a formato pileup.<\/li>\n<li>Cambie el nombre del \u00faltimo archivo obtenido a: NA12878_high_confidence_SNPs. [icon name=&#8221;floppy-o&#8221; class=&#8221;&#8221; unprefixed_class=&#8221;&#8221;]\u00a0Save attributes.<\/li>\n<li>De nuevo con la herramienta\u00a0[icon name=&#8221;pencil&#8221; class=&#8221;&#8221; unprefixed_class=&#8221;&#8221;] (L\u00c1PIZ), cambie a formato interval.\u00a0[icon name=&#8221;floppy-o&#8221; class=&#8221;&#8221; unprefixed_class=&#8221;&#8221;]\u00a0Save attributes.<\/li>\n<li>\n<div class=\"display-application\"><span class=\"display-application-location\">Display at UCSC<\/span> <span class=\"display-application-links\"><a href=\"https:\/\/usegalaxy.org\/datasets\/17233974\/display_at\/ucsc_main?redirect_url=http%3A%2F%2Fgenome.ucsc.edu%2Fcgi-bin%2FhgTracks%3Fdb%3Dhg19%26position%3Dchr22%3A16346044-20473225%26hgt.customText%3D%25s&amp;display_url=https%3A%2F%2Fusegalaxy.org%2Froot%2Fdisplay_as%3Fid%3D17233974%26display_app%3Ducsc%26authz_method%3Ddisplay_at\" target=\"_blank\" rel=\"noopener noreferrer\">main.<\/a><\/span><\/div>\n<\/li>\n<li>En el navegador UCSC especifique el chr22 y active el track \u2018Common SNPs\u2019 para comparar los variantes obtenidos con los que hay anotados en la base de datos.<\/li>\n<\/ul>\n<h2><span id=\"Ejemplos\">Ejemplos<\/span><\/h2>\n<h3><span id=\"SNP_en_homocigosis\">Variante en homocigosis:<br \/>\n<\/span><\/h3>\n<pre>chr22:35,947,536-35,947,638\r\n<a href=\"http:\/\/bioinfo2.ugr.es\/genomicafuncional\/wp-content\/uploads\/2015\/02\/homocigoto.png\"><img loading=\"lazy\" class=\"alignnone wp-image-2217 size-full\" src=\"http:\/\/bioinfo2.ugr.es\/genomicafuncional\/wp-content\/uploads\/2015\/02\/homocigoto.png\" alt=\"\" width=\"1200\" height=\"1299\" \/><\/a><\/pre>\n<p>Pinchando sobre el nombre del SNP que aparece en verde en el \u00faltimo track (rs41279993), puede ver la anotaci\u00f3n que hay en dbSNP sobre esta variante:<\/p>\n<p id=\"ehOsCOF\"><img loading=\"lazy\" class=\"alignnone wp-image-1977 size-full\" src=\"http:\/\/bioinfo2.ugr.es\/genomicafuncional\/wp-content\/uploads\/2015\/02\/img_54e38940f41d4.png\" alt=\"\" width=\"487\" height=\"107\" \/><\/p>\n<p>As\u00ed pues, se trata de una variante homocig\u00f3tica A\/A que provoca un cambio sin\u00f3nimo en la primera posici\u00f3n de un cod\u00f3n que codifica para arginina.<\/p>\n<h3><span id=\"SNP_en_heterocigosis\">Variante en heterocigosis<\/span><\/h3>\n<pre>chr22:36,007,039-36,007,052<\/pre>\n<p id=\"mnQYbjl\"><a href=\"http:\/\/bioinfo2.ugr.es\/genomicafuncional\/wp-content\/uploads\/2015\/02\/heterocigoto.png\"><img loading=\"lazy\" class=\"alignnone wp-image-2219 size-full\" src=\"http:\/\/bioinfo2.ugr.es\/genomicafuncional\/wp-content\/uploads\/2015\/02\/heterocigoto.png\" alt=\"\" width=\"1200\" height=\"1529\" \/><\/a><\/p>\n<p><a href=\"http:\/\/bioinfo2.ugr.es\/genomicafuncional\/wp-content\/uploads\/2017\/01\/Simple-Nucleotide-Polymorphisms-dbSNP-147-Found-in-1-of-Samples.png\"><img loading=\"lazy\" class=\"alignnone wp-image-2117 size-full\" src=\"http:\/\/bioinfo2.ugr.es\/genomicafuncional\/wp-content\/uploads\/2017\/01\/Simple-Nucleotide-Polymorphisms-dbSNP-147-Found-in-1-of-Samples.png\" alt=\"\" width=\"398\" height=\"110\" \/><\/a><\/p>\n<p id=\"mezrjyV\">En este caso, nuestra variante (G-&gt;R) est\u00e1 en heterocigosis y ocurre dentro del ex\u00f3n 2 del gen de la mioglobina (MB) que est\u00e1 en la hebra complementaria inversa, y corresponde al SNP <a href=\"http:\/\/www.ncbi.nlm.nih.gov\/projects\/SNP\/snp_ref.cgi?rs=7292\" target=\"_blank\" rel=\"noopener noreferrer\">rs7292<\/a>, anotado en dbSNP.<\/p>\n<h2><span id=\"VARIANT_Efectos_biolgicos_de_las_variantes\">Efectos biol\u00f3gicos de las variantes<\/span><\/h2>\n<p>Para estudiar los efectos biol\u00f3gicos de las 898 variantes obtenidas en el ejercicio anterior, utilizaremos <a href=\"http:\/\/snpeff.sourceforge.net\/SnpEff_manual.html\" target=\"_blank\" rel=\"noopener noreferrer\">SnpEff<\/a>. Este software permite anotar las variantes y predecir sus efectos biol\u00f3gicos.<\/p>\n<p>En primer lugar, es necesario poner el listado de variantes en <a href=\"https:\/\/samtools.github.io\/hts-specs\/VCFv4.2.pdf\" target=\"_blank\" rel=\"noopener noreferrer\">formato vcf<\/a>. Pinche en la herramienta\u00a0\u00a0[icon name=&#8221;pencil&#8221; class=&#8221;&#8221; unprefixed_class=&#8221;&#8221;] (L\u00c1PIZ) del item NA12878_high_confidence_SNPs -&gt; Datatype -&gt; vcf.<\/p>\n<p>Abra <strong>NGS Variant Analysis<\/strong> -&gt;\u00a0<strong><span class=\"portlet-title-text\"><b>SnpEff<\/b> Variant effect and annotation <\/span><\/strong> y seleccione NA12878_high_confidence_SNPs. Deje todas las opciones por defecto y pulse en <strong>Execute<\/strong>.<\/p>\n<p>Esto generar\u00e1 dos nuevos items en su historia. Pinche en la herramienta\u00a0[icon name=&#8221;eye&#8221; class=&#8221;&#8221; unprefixed_class=&#8221;&#8221;] (OJO) del \u00faltimo item (SnpEff on data\u00a0 &#8211; stats) para examinar los diferentes resultados que este software genera, entre ellos la distribuci\u00f3n de los efectos en las distintas regiones gen\u00f3micas:<\/p>\n<p><a href=\"http:\/\/bioinfo2.ugr.es\/genomicafuncional\/wp-content\/uploads\/2017\/01\/chart.png\"><img loading=\"lazy\" class=\"alignnone size-full wp-image-2137\" src=\"http:\/\/bioinfo2.ugr.es\/genomicafuncional\/wp-content\/uploads\/2017\/01\/chart.png\" alt=\"\" width=\"800\" height=\"300\" \/><\/a><\/p>\n<p>O su ditribuci\u00f3n espacial a lo largo del cromosoma:<\/p>\n<p><a href=\"http:\/\/bioinfo2.ugr.es\/genomicafuncional\/wp-content\/uploads\/2017\/01\/chart-1.png\"><img loading=\"lazy\" class=\"alignnone size-full wp-image-2139\" src=\"http:\/\/bioinfo2.ugr.es\/genomicafuncional\/wp-content\/uploads\/2017\/01\/chart-1.png\" alt=\"\" width=\"800\" height=\"300\" \/><\/a><\/p>\n","protected":false},"excerpt":{"rendered":"<p>Objetivos El objetivo de este ejercicio es la detecci\u00f3n de variantes (SNPs e indels) en ADN gen\u00f3mico extra\u00eddo de una \u00fanica persona y enriquecido en exoma, utilizando para ello un peque\u00f1o conjunto de lecturas cortas (single-end) del cromosoma 22 obtenidas mediante NGS [&hellip;]<\/p>\n","protected":false},"author":1,"featured_media":0,"parent":0,"menu_order":0,"comment_status":"closed","ping_status":"closed","template":"","meta":[],"_links":{"self":[{"href":"https:\/\/bioinfo2.ugr.es\/genomica\/wp-json\/wp\/v2\/pages\/3541"}],"collection":[{"href":"https:\/\/bioinfo2.ugr.es\/genomica\/wp-json\/wp\/v2\/pages"}],"about":[{"href":"https:\/\/bioinfo2.ugr.es\/genomica\/wp-json\/wp\/v2\/types\/page"}],"author":[{"embeddable":true,"href":"https:\/\/bioinfo2.ugr.es\/genomica\/wp-json\/wp\/v2\/users\/1"}],"replies":[{"embeddable":true,"href":"https:\/\/bioinfo2.ugr.es\/genomica\/wp-json\/wp\/v2\/comments?post=3541"}],"version-history":[{"count":5,"href":"https:\/\/bioinfo2.ugr.es\/genomica\/wp-json\/wp\/v2\/pages\/3541\/revisions"}],"predecessor-version":[{"id":3806,"href":"https:\/\/bioinfo2.ugr.es\/genomica\/wp-json\/wp\/v2\/pages\/3541\/revisions\/3806"}],"wp:attachment":[{"href":"https:\/\/bioinfo2.ugr.es\/genomica\/wp-json\/wp\/v2\/media?parent=3541"}],"curies":[{"name":"wp","href":"https:\/\/api.w.org\/{rel}","templated":true}]}}