{"id":3993,"date":"2024-09-19T19:06:46","date_gmt":"2024-09-19T17:06:46","guid":{"rendered":"https:\/\/bioinfo2.ugr.es\/genomica\/?page_id=3993"},"modified":"2024-09-26T11:44:32","modified_gmt":"2024-09-26T09:44:32","slug":"introduccion-formatos-e-informacion-basica","status":"publish","type":"page","link":"https:\/\/bioinfo2.ugr.es\/genomica\/introduccion-formatos-e-informacion-basica\/","title":{"rendered":"Introducci\u00f3n"},"content":{"rendered":"\n<h3>Contexto<\/h3>\n\n\n\n<p>La gen\u00f3mica es un campo interdisciplinario que se centra en el estudio de la estructura, funci\u00f3n, evoluci\u00f3n y anotaci\u00f3n de los genomas. Un genoma es todo el ADN contenido en un organismo, incluyendo todos los genes necesarios para su desarrollo, diferenciaci\u00f3n y funcionamiento. Los genes de un organismo dirigen la producci\u00f3n de prote\u00ednas a trav\u00e9s de su interacci\u00f3n con enzimas espec\u00edficas y mol\u00e9culas mensajeras. La gen\u00f3mica se diferencia de la gen\u00e9tica en cuanto a su alcance: mientras que la gen\u00e9tica se enfoca en el estudio de genes individuales y su papel en la herencia, la gen\u00f3mica estudia y cuantifica los genes de manera colectiva.<\/p>\n\n\n\n<p>La gen\u00f3mica es un campo en constante crecimiento, con m\u00faltiples l\u00edneas de investigaci\u00f3n destacadas, tales como la secuenciaci\u00f3n gen\u00f3mica a escala poblacional, el estudio de la regulaci\u00f3n de elementos no codificantes (como en la epigen\u00f3mica), la gen\u00f3mica a nivel de c\u00e9lula \u00fanica y su integraci\u00f3n en la pr\u00e1ctica cl\u00ednica.<\/p>\n\n\n\n<p>En estas pr\u00e1cticas llevaremos acabo un an\u00e1lisis comparado entre diferentes organismos eucariotas que podemos englobar dentro de la gen\u00f3mica evolutiva o comparada.<\/p>\n\n\n\n<h3>Objetivo<\/h3>\n\n\n\n<p>El objetivo de estas pr\u00e1cticas es proporcionar a los alumnos las herramientas y conocimientos necesarios para analizar y comparar la composici\u00f3n de genomas secuenciados, as\u00ed como sus anotaciones funcionales.<\/p>\n\n\n\n<h3>Desarrollo<\/h3>\n\n\n\n<p>A cada alumno se le asignar\u00e1 una especie eucariota, de la cual seleccionar\u00e1 4 cromosomas, preferentemente 2 autos\u00f3micos y 2 sexuales, cuya informaci\u00f3n composicional y funcional deber\u00e1 analizar utilizando las herramientas de las plataformas <a href=\"https:\/\/usegalaxy.org\/\">Galaxy<\/a> y <a href=\"https:\/\/genome.ucsc.edu\/\">UCSC Genome Browser<\/a>. Los resultados obtenidos se resumir\u00e1n en una tabla de c\u00e1lculo. Todos los datos recabados se compartir\u00e1n entre los alumnos. Una vez revisados, cada alumno deber\u00e1 realizar un trabajo de investigaci\u00f3n comparativa entre especies. Los resultados de dicho trabajo deber\u00e1n presentarse en un archivo PDF con una extensi\u00f3n m\u00e1xima de 4 p\u00e1ginas, incluyendo figuras y referencias, para que pueda ser evaluado por el profesor de la asignatura.<\/p>\n\n\n\n<h3>Tabla de resultados<\/h3>\n\n\n\n<p>Trabajaremos sobre una tabla compartida entre todos los alumnos de la asignatura, por lo que debemos ser cuidadosos a\u00f1adiendo, eliminado y modificando valores de la tabla.<\/p>\n","protected":false},"excerpt":{"rendered":"<p>Contexto La gen\u00f3mica es un campo interdisciplinario que se centra en el estudio de la estructura, funci\u00f3n, evoluci\u00f3n y anotaci\u00f3n de los genomas. Un genoma es todo el ADN contenido en un organismo, incluyendo todos los genes necesarios para su desarrollo, diferenciaci\u00f3n [&hellip;]<\/p>\n","protected":false},"author":1,"featured_media":0,"parent":0,"menu_order":0,"comment_status":"closed","ping_status":"closed","template":"","meta":[],"_links":{"self":[{"href":"https:\/\/bioinfo2.ugr.es\/genomica\/wp-json\/wp\/v2\/pages\/3993"}],"collection":[{"href":"https:\/\/bioinfo2.ugr.es\/genomica\/wp-json\/wp\/v2\/pages"}],"about":[{"href":"https:\/\/bioinfo2.ugr.es\/genomica\/wp-json\/wp\/v2\/types\/page"}],"author":[{"embeddable":true,"href":"https:\/\/bioinfo2.ugr.es\/genomica\/wp-json\/wp\/v2\/users\/1"}],"replies":[{"embeddable":true,"href":"https:\/\/bioinfo2.ugr.es\/genomica\/wp-json\/wp\/v2\/comments?post=3993"}],"version-history":[{"count":31,"href":"https:\/\/bioinfo2.ugr.es\/genomica\/wp-json\/wp\/v2\/pages\/3993\/revisions"}],"predecessor-version":[{"id":4634,"href":"https:\/\/bioinfo2.ugr.es\/genomica\/wp-json\/wp\/v2\/pages\/3993\/revisions\/4634"}],"wp:attachment":[{"href":"https:\/\/bioinfo2.ugr.es\/genomica\/wp-json\/wp\/v2\/media?parent=3993"}],"curies":[{"name":"wp","href":"https:\/\/api.w.org\/{rel}","templated":true}]}}