{"id":4049,"date":"2024-09-22T11:23:56","date_gmt":"2024-09-22T09:23:56","guid":{"rendered":"https:\/\/bioinfo2.ugr.es\/genomica\/?page_id=4049"},"modified":"2025-11-03T18:30:43","modified_gmt":"2025-11-03T16:30:43","slug":"servidor-galaxy","status":"publish","type":"page","link":"https:\/\/bioinfo2.ugr.es\/genomica\/servidor-galaxy\/","title":{"rendered":"Gen\u00f3mica con Galaxy"},"content":{"rendered":"\n<p><strong>Galaxy<\/strong> es una plataforma web de software libre para el an\u00e1lisis de datos gen\u00f3micos procedentes, entre otros, del Table Browser de la UCSC. <a rel=\"noreferrer noopener\" href=\"http:\/\/wiki.galaxyproject.org\/Learn\" target=\"_blank\">Galaxy wiki<\/a>.<\/p>\n\n\n\n<p>Existen muchas <a href=\"https:\/\/galaxyproject.org\/use\/\" target=\"_blank\" rel=\"noreferrer noopener\">implementaciones<\/a><a rel=\"noreferrer noopener\" href=\"http:\/\/wiki.galaxyproject.org\/PublicGalaxyServers\" target=\"_blank\"> de Galaxy<\/a>, entre ellas:<\/p>\n\n\n\n<ul><li><a rel=\"noreferrer noopener\" href=\"https:\/\/usegalaxy.org\/\" target=\"_blank\">Galaxy original,&nbsp;<\/a>Texas Advanced Computing Center<\/li><li><a rel=\"noreferrer noopener\" href=\"https:\/\/usegalaxy.eu\/\" target=\"_blank\">Galaxy Europe,<\/a> University of Freiburg<\/li><\/ul>\n\n\n\n<blockquote class=\"wp-block-quote has-text-align-left is-style-default\"><p><\/p><p><strong>USAREMOS GALAXY EUROPE<\/strong><\/p><p><strong>Vamos a registrarnos en <a rel=\"noreferrer noopener\" href=\"https:\/\/usegalaxy.eu\/\" target=\"_blank\">https:\/\/usegalaxy.eu\/<\/a><\/strong><\/p><\/blockquote>\n\n\n\n<h3>Interfaz de Galaxy<\/h3>\n\n\n\n<figure class=\"wp-block-image size-large\"><a href=\"https:\/\/bioinfo2.ugr.es\/genomica\/wp-content\/uploads\/2025\/11\/image.png\"><img loading=\"lazy\" width=\"1024\" height=\"436\" src=\"https:\/\/bioinfo2.ugr.es\/genomica\/wp-content\/uploads\/2025\/11\/image-1024x436.png\" alt=\"\" class=\"wp-image-4856\" srcset=\"https:\/\/bioinfo2.ugr.es\/genomica\/wp-content\/uploads\/2025\/11\/image-1024x436.png 1024w, https:\/\/bioinfo2.ugr.es\/genomica\/wp-content\/uploads\/2025\/11\/image-300x128.png 300w, https:\/\/bioinfo2.ugr.es\/genomica\/wp-content\/uploads\/2025\/11\/image-768x327.png 768w, https:\/\/bioinfo2.ugr.es\/genomica\/wp-content\/uploads\/2025\/11\/image-1536x654.png 1536w, https:\/\/bioinfo2.ugr.es\/genomica\/wp-content\/uploads\/2025\/11\/image-2048x872.png 2048w\" sizes=\"(max-width: 1024px) 100vw, 1024px\" \/><\/a><\/figure>\n\n\n\n<p>La interfaz de Galaxy se compone de 5 elementos bien diferenciados: panel central donde se muestras los par\u00e1metros de las herramientas a utilizar y los resultados de las mismas, barra izquierda con la barra de men\u00fas disponibles, men\u00fa desplegado al seleccionar uno de los men\u00fas de la barra de la izquierda, barra derecha con los objetos resultantes de los an\u00e1lisis y barra superior donde se encuentra el men\u00fa de gesti\u00f3n de cuentas o ayuda.<\/p>\n\n\n\n<h3>Flujos de Trabajo<\/h3>\n\n\n\n<p>Los flujos de trabajo nos permiten automatizar procesos y facilitar la repetici\u00f3n seriada de an\u00e1lisis. Su gesti\u00f3n y configuraci\u00f3n es muy intuitiva.<\/p>\n\n\n\n<figure class=\"wp-block-image size-large\"><a href=\"https:\/\/bioinfo2.ugr.es\/genomica\/wp-content\/uploads\/2025\/11\/image-1.png\"><img loading=\"lazy\" width=\"1024\" height=\"321\" src=\"https:\/\/bioinfo2.ugr.es\/genomica\/wp-content\/uploads\/2025\/11\/image-1-1024x321.png\" alt=\"\" class=\"wp-image-4858\" srcset=\"https:\/\/bioinfo2.ugr.es\/genomica\/wp-content\/uploads\/2025\/11\/image-1-1024x321.png 1024w, https:\/\/bioinfo2.ugr.es\/genomica\/wp-content\/uploads\/2025\/11\/image-1-300x94.png 300w, https:\/\/bioinfo2.ugr.es\/genomica\/wp-content\/uploads\/2025\/11\/image-1-768x241.png 768w, https:\/\/bioinfo2.ugr.es\/genomica\/wp-content\/uploads\/2025\/11\/image-1-1536x482.png 1536w, https:\/\/bioinfo2.ugr.es\/genomica\/wp-content\/uploads\/2025\/11\/image-1-2048x642.png 2048w\" sizes=\"(max-width: 1024px) 100vw, 1024px\" \/><\/a><\/figure>\n\n\n\n<figure class=\"wp-block-image size-full\"><a href=\"https:\/\/bioinfo2.ugr.es\/genomica\/wp-content\/uploads\/2024\/09\/image-3.png\"><img loading=\"lazy\" width=\"996\" height=\"494\" src=\"https:\/\/bioinfo2.ugr.es\/genomica\/wp-content\/uploads\/2024\/09\/image-3.png\" alt=\"\" class=\"wp-image-4072\" srcset=\"https:\/\/bioinfo2.ugr.es\/genomica\/wp-content\/uploads\/2024\/09\/image-3.png 996w, https:\/\/bioinfo2.ugr.es\/genomica\/wp-content\/uploads\/2024\/09\/image-3-300x149.png 300w, https:\/\/bioinfo2.ugr.es\/genomica\/wp-content\/uploads\/2024\/09\/image-3-768x381.png 768w\" sizes=\"(max-width: 996px) 100vw, 996px\" \/><\/a><\/figure>\n","protected":false},"excerpt":{"rendered":"<p>Galaxy es una plataforma web de software libre para el an\u00e1lisis de datos gen\u00f3micos procedentes, entre otros, del Table Browser de la UCSC. Galaxy wiki. Existen muchas implementaciones de Galaxy, entre ellas: Galaxy original,&nbsp;Texas Advanced Computing Center Galaxy Europe, University of Freiburg [&hellip;]<\/p>\n","protected":false},"author":1,"featured_media":0,"parent":0,"menu_order":0,"comment_status":"closed","ping_status":"closed","template":"","meta":[],"_links":{"self":[{"href":"https:\/\/bioinfo2.ugr.es\/genomica\/wp-json\/wp\/v2\/pages\/4049"}],"collection":[{"href":"https:\/\/bioinfo2.ugr.es\/genomica\/wp-json\/wp\/v2\/pages"}],"about":[{"href":"https:\/\/bioinfo2.ugr.es\/genomica\/wp-json\/wp\/v2\/types\/page"}],"author":[{"embeddable":true,"href":"https:\/\/bioinfo2.ugr.es\/genomica\/wp-json\/wp\/v2\/users\/1"}],"replies":[{"embeddable":true,"href":"https:\/\/bioinfo2.ugr.es\/genomica\/wp-json\/wp\/v2\/comments?post=4049"}],"version-history":[{"count":19,"href":"https:\/\/bioinfo2.ugr.es\/genomica\/wp-json\/wp\/v2\/pages\/4049\/revisions"}],"predecessor-version":[{"id":4859,"href":"https:\/\/bioinfo2.ugr.es\/genomica\/wp-json\/wp\/v2\/pages\/4049\/revisions\/4859"}],"wp:attachment":[{"href":"https:\/\/bioinfo2.ugr.es\/genomica\/wp-json\/wp\/v2\/media?parent=4049"}],"curies":[{"name":"wp","href":"https:\/\/api.w.org\/{rel}","templated":true}]}}