{"id":4196,"date":"2024-09-23T13:36:31","date_gmt":"2024-09-23T11:36:31","guid":{"rendered":"https:\/\/bioinfo2.ugr.es\/genomica\/?page_id=4196"},"modified":"2024-10-01T20:39:35","modified_gmt":"2024-10-01T18:39:35","slug":"islas-cpg","status":"publish","type":"page","link":"https:\/\/bioinfo2.ugr.es\/genomica\/islas-cpg\/","title":{"rendered":"Islas CpG"},"content":{"rendered":"\n<p>A pesar de la depleci\u00f3n generalizada de los dinucl\u00e9otidos CpG en el genoma de mam\u00edferos, esta depleci\u00f3n es asim\u00e9trica, encontrando regiones densas de estos dinucle\u00f3tidos conocidas como islas CpG. Las islas CpG se consideran la manifestaci\u00f3n en el genoma de mam\u00edferos del patr\u00f3n global de metilaci\u00f3n del ADN.<\/p>\n\n\n\n<div class=\"wp-block-image\"><figure class=\"aligncenter size-full\"><a href=\"https:\/\/bioinfo2.ugr.es\/genomica\/wp-content\/uploads\/2024\/09\/image-19.jpg\"><img loading=\"lazy\" width=\"361\" height=\"473\" src=\"https:\/\/bioinfo2.ugr.es\/genomica\/wp-content\/uploads\/2024\/09\/image-19.jpg\" alt=\"\" class=\"wp-image-4560\" srcset=\"https:\/\/bioinfo2.ugr.es\/genomica\/wp-content\/uploads\/2024\/09\/image-19.jpg 361w, https:\/\/bioinfo2.ugr.es\/genomica\/wp-content\/uploads\/2024\/09\/image-19-229x300.jpg 229w\" sizes=\"(max-width: 361px) 100vw, 361px\" \/><\/a><\/figure><\/div>\n\n\n\n<p>Estos elementos suelen presentar un elevado %GC y una relaci\u00f3n de CpG observados\/esperados alta, al contrario que la mayor\u00eda del genoma.<\/p>\n\n\n\n<div class=\"wp-block-image\"><figure class=\"aligncenter size-full is-resized\"><a href=\"https:\/\/bioinfo2.ugr.es\/genomica\/wp-content\/uploads\/2024\/09\/image-20.jpg\"><img loading=\"lazy\" src=\"https:\/\/bioinfo2.ugr.es\/genomica\/wp-content\/uploads\/2024\/09\/image-20.jpg\" alt=\"\" class=\"wp-image-4562\" width=\"559\" height=\"209\" srcset=\"https:\/\/bioinfo2.ugr.es\/genomica\/wp-content\/uploads\/2024\/09\/image-20.jpg 534w, https:\/\/bioinfo2.ugr.es\/genomica\/wp-content\/uploads\/2024\/09\/image-20-300x112.jpg 300w\" sizes=\"(max-width: 559px) 100vw, 559px\" \/><\/a><\/figure><\/div>\n\n\n\n<p>Existen 3 tipos de m\u00e9todos computacionales de detecci\u00f3n de islas CpG: m\u00e9todos de ventanas deslizantes, m\u00e9todos de adici\u00f3n y m\u00e9todos de agrupamiento (<em>clustering<\/em>). Cada uno presenta sus ventajas y desventajas, y dependiendo de lo que busquemos utilizaremos unos u otros. El m\u00e9todo cl\u00e1sico de detecci\u00f3n de islas CpG es el de ventanas deslizantes (o m\u00f3viles), donde se deslizar\u00e1 una ventana de un tama\u00f1o determinado a lo largo de la secuencia, calculando en cada paso una serie de par\u00e1metros composicionales a los que se aplicar\u00e1n umbrales para determinar su pertenencia a una isla CpG.<\/p>\n\n\n\n<div class=\"wp-block-image\"><figure class=\"aligncenter size-full is-resized\"><a href=\"https:\/\/bioinfo2.ugr.es\/genomica\/wp-content\/uploads\/2024\/09\/image-10.png\"><img loading=\"lazy\" src=\"https:\/\/bioinfo2.ugr.es\/genomica\/wp-content\/uploads\/2024\/09\/image-10.png\" alt=\"\" class=\"wp-image-4224\" width=\"676\" height=\"434\" srcset=\"https:\/\/bioinfo2.ugr.es\/genomica\/wp-content\/uploads\/2024\/09\/image-10.png 489w, https:\/\/bioinfo2.ugr.es\/genomica\/wp-content\/uploads\/2024\/09\/image-10-300x193.png 300w\" sizes=\"(max-width: 676px) 100vw, 676px\" \/><\/a><\/figure><\/div>\n\n\n\n<p>Estos m\u00e9todos de ventana presentan m\u00faltiples par\u00e1metros, pero por motivos hist\u00f3ricos hay dos conjuntos de par\u00e1metros muy utilizados.<\/p>\n\n\n\n<ul><li>Los par\u00e1metros definidos por Gardiner-Garden &amp; Frommer (1987)<ul><li>Longitud de ventana 100 pbs<\/li><li>Longitud m\u00ednima &gt; 200 pbs<\/li><li>%GC &gt; 50%<\/li><li>CpG O\/E &gt; 0.6<\/li><\/ul><\/li><li>Los par\u00e1metros definidos por Takai &amp; Jones (2002)<ul><li>Longitud de ventana 200 pbs<\/li><\/ul><ul><li>Longitud m\u00ednima &gt; 500 pbs<\/li><li>%GC &gt; 55%<\/li><li>CpG O\/E &gt; 0.65<\/li><\/ul><\/li><\/ul>\n\n\n\n<pre class=\"wp-block-code has-normal-font-size\"><code>Mediante el algoritmo <strong>cpgplot<\/strong> de <strong>EMBOSS<\/strong> calcularemos ambos conjuntos de islas CpG<\/code><\/pre>\n\n\n\n<figure class=\"wp-block-image size-large\"><a href=\"https:\/\/bioinfo2.ugr.es\/genomica\/wp-content\/uploads\/2024\/09\/image-11.png\"><img loading=\"lazy\" width=\"1024\" height=\"502\" src=\"https:\/\/bioinfo2.ugr.es\/genomica\/wp-content\/uploads\/2024\/09\/image-11-1024x502.png\" alt=\"\" class=\"wp-image-4234\" srcset=\"https:\/\/bioinfo2.ugr.es\/genomica\/wp-content\/uploads\/2024\/09\/image-11-1024x502.png 1024w, https:\/\/bioinfo2.ugr.es\/genomica\/wp-content\/uploads\/2024\/09\/image-11-300x147.png 300w, https:\/\/bioinfo2.ugr.es\/genomica\/wp-content\/uploads\/2024\/09\/image-11-768x377.png 768w, https:\/\/bioinfo2.ugr.es\/genomica\/wp-content\/uploads\/2024\/09\/image-11.png 1295w\" sizes=\"(max-width: 1024px) 100vw, 1024px\" \/><\/a><\/figure>\n\n\n\n<p>El programa cpgplot nos devuelve tres objetos: la localizaci\u00f3n de las islas en formato cpgplot, gr\u00e1ficos a lo largo de la secuencia de los par\u00e1metros utilizados y la localizaci\u00f3n de las islas en formato gff2. El que nos interesa es el formato gff2, que podremos convertir a formato BED y contabilizar el n\u00famero de elementos identificados.<\/p>\n\n\n\n<pre class=\"wp-block-code has-normal-font-size\"><code>En el men\u00fa <strong>Convert Formats<\/strong> usaremos la herramienta <strong>GFF-to-BED<\/strong> para transformar el fichero gff2 a bed<\/code><\/pre>\n\n\n\n<p>El fichero BED obtenido puede ser descargado y representado visualmente en el <a href=\"https:\/\/genome.ucsc.edu\/\">UCSC Genome Browser.<\/a><\/p>\n\n\n\n<div class=\"wp-block-image\"><figure class=\"aligncenter size-full is-resized\"><a href=\"https:\/\/bioinfo2.ugr.es\/genomica\/wp-content\/uploads\/2024\/09\/image-13.png\"><img loading=\"lazy\" src=\"https:\/\/bioinfo2.ugr.es\/genomica\/wp-content\/uploads\/2024\/09\/image-13.png\" alt=\"\" class=\"wp-image-4321\" width=\"259\" height=\"335\" srcset=\"https:\/\/bioinfo2.ugr.es\/genomica\/wp-content\/uploads\/2024\/09\/image-13.png 291w, https:\/\/bioinfo2.ugr.es\/genomica\/wp-content\/uploads\/2024\/09\/image-13-232x300.png 232w\" sizes=\"(max-width: 259px) 100vw, 259px\" \/><\/a><\/figure><\/div>\n\n\n\n<p>Con un editor de texto introduciremos una primera l\u00ednea que comience por &#8220;track&#8221; como cabecero de nuestro fichero de anotaci\u00f3n, para m\u00e1s detalles consultad los detalles del <a href=\"https:\/\/genome.ucsc.edu\/FAQ\/FAQformat.html#format1\">formato BED<\/a>.<\/p>\n\n\n\n<pre class=\"wp-block-code has-normal-font-size\"><code>Accedemos al buscador de nuestro ensamblado usando la pesta\u00f1a <strong>Genomes<\/strong>\n\nUna vez cargado entraremos en el men\u00fa <strong>My Data > Custom Tracks<\/strong><\/code><\/pre>\n\n\n\n<div class=\"wp-block-image\"><figure class=\"aligncenter size-full is-resized\"><a href=\"https:\/\/bioinfo2.ugr.es\/genomica\/wp-content\/uploads\/2024\/09\/image-12.png\"><img loading=\"lazy\" src=\"https:\/\/bioinfo2.ugr.es\/genomica\/wp-content\/uploads\/2024\/09\/image-12.png\" alt=\"\" class=\"wp-image-4317\" width=\"714\" height=\"146\" srcset=\"https:\/\/bioinfo2.ugr.es\/genomica\/wp-content\/uploads\/2024\/09\/image-12.png 885w, https:\/\/bioinfo2.ugr.es\/genomica\/wp-content\/uploads\/2024\/09\/image-12-300x62.png 300w, https:\/\/bioinfo2.ugr.es\/genomica\/wp-content\/uploads\/2024\/09\/image-12-768x158.png 768w\" sizes=\"(max-width: 714px) 100vw, 714px\" \/><\/a><\/figure><\/div>\n\n\n\n<p> <\/p>\n\n\n\n<pre class=\"wp-block-code has-normal-font-size\"><code>Seleccionamos nuestro fichero *.bed\nSubimos el fichero presionando <strong>Submit<\/strong><\/code><\/pre>\n\n\n\n<figure class=\"wp-block-image size-large\"><a href=\"https:\/\/bioinfo2.ugr.es\/genomica\/wp-content\/uploads\/2024\/09\/image-14.png\"><img loading=\"lazy\" width=\"1024\" height=\"383\" src=\"https:\/\/bioinfo2.ugr.es\/genomica\/wp-content\/uploads\/2024\/09\/image-14-1024x383.png\" alt=\"\" class=\"wp-image-4332\" srcset=\"https:\/\/bioinfo2.ugr.es\/genomica\/wp-content\/uploads\/2024\/09\/image-14-1024x383.png 1024w, https:\/\/bioinfo2.ugr.es\/genomica\/wp-content\/uploads\/2024\/09\/image-14-300x112.png 300w, https:\/\/bioinfo2.ugr.es\/genomica\/wp-content\/uploads\/2024\/09\/image-14-768x287.png 768w, https:\/\/bioinfo2.ugr.es\/genomica\/wp-content\/uploads\/2024\/09\/image-14.png 1117w\" sizes=\"(max-width: 1024px) 100vw, 1024px\" \/><\/a><\/figure>\n\n\n\n<pre class=\"wp-block-code has-normal-font-size\"><code>Comprobamos que nuestro fichero sea el correcto\n\nPinchamos en <strong>Go to first annotation<\/strong><\/code><\/pre>\n\n\n\n<figure class=\"wp-block-image size-large\"><a href=\"https:\/\/bioinfo2.ugr.es\/genomica\/wp-content\/uploads\/2024\/09\/image-15.png\"><img loading=\"lazy\" width=\"1024\" height=\"134\" src=\"https:\/\/bioinfo2.ugr.es\/genomica\/wp-content\/uploads\/2024\/09\/image-15-1024x134.png\" alt=\"\" class=\"wp-image-4335\" srcset=\"https:\/\/bioinfo2.ugr.es\/genomica\/wp-content\/uploads\/2024\/09\/image-15-1024x134.png 1024w, https:\/\/bioinfo2.ugr.es\/genomica\/wp-content\/uploads\/2024\/09\/image-15-300x39.png 300w, https:\/\/bioinfo2.ugr.es\/genomica\/wp-content\/uploads\/2024\/09\/image-15-768x101.png 768w, https:\/\/bioinfo2.ugr.es\/genomica\/wp-content\/uploads\/2024\/09\/image-15.png 1052w\" sizes=\"(max-width: 1024px) 100vw, 1024px\" \/><\/a><\/figure>\n\n\n\n<p>Una vez subido el fichero podemos ver nuestra nueva anotaci\u00f3n generada en conjunto con todas las anotaciones disponibles para el ensamblado en cuesti\u00f3n en el buscador de la UCSC.<\/p>\n\n\n\n<figure class=\"wp-block-image size-large\"><a href=\"https:\/\/bioinfo2.ugr.es\/genomica\/wp-content\/uploads\/2024\/09\/image-16.png\"><img loading=\"lazy\" width=\"1024\" height=\"316\" src=\"https:\/\/bioinfo2.ugr.es\/genomica\/wp-content\/uploads\/2024\/09\/image-16-1024x316.png\" alt=\"\" class=\"wp-image-4339\" srcset=\"https:\/\/bioinfo2.ugr.es\/genomica\/wp-content\/uploads\/2024\/09\/image-16-1024x316.png 1024w, https:\/\/bioinfo2.ugr.es\/genomica\/wp-content\/uploads\/2024\/09\/image-16-300x92.png 300w, https:\/\/bioinfo2.ugr.es\/genomica\/wp-content\/uploads\/2024\/09\/image-16-768x237.png 768w, https:\/\/bioinfo2.ugr.es\/genomica\/wp-content\/uploads\/2024\/09\/image-16-1536x474.png 1536w, https:\/\/bioinfo2.ugr.es\/genomica\/wp-content\/uploads\/2024\/09\/image-16.png 1917w\" sizes=\"(max-width: 1024px) 100vw, 1024px\" \/><\/a><\/figure>\n\n\n\n<blockquote class=\"wp-block-quote is-style-default\"><p><\/p><p>ANTES DE CONTINUAR COMPLETA EN LA TABLA COMPARTIDA:<\/p><p>N\u00famero de islas CpG para cada combinaci\u00f3n de par\u00e1metros y cromosoma.<\/p><\/blockquote>\n","protected":false},"excerpt":{"rendered":"<p>A pesar de la depleci\u00f3n generalizada de los dinucl\u00e9otidos CpG en el genoma de mam\u00edferos, esta depleci\u00f3n es asim\u00e9trica, encontrando regiones densas de estos dinucle\u00f3tidos conocidas como islas CpG. Las islas CpG se consideran la manifestaci\u00f3n en el genoma de mam\u00edferos del [&hellip;]<\/p>\n","protected":false},"author":1,"featured_media":0,"parent":0,"menu_order":0,"comment_status":"closed","ping_status":"closed","template":"","meta":[],"_links":{"self":[{"href":"https:\/\/bioinfo2.ugr.es\/genomica\/wp-json\/wp\/v2\/pages\/4196"}],"collection":[{"href":"https:\/\/bioinfo2.ugr.es\/genomica\/wp-json\/wp\/v2\/pages"}],"about":[{"href":"https:\/\/bioinfo2.ugr.es\/genomica\/wp-json\/wp\/v2\/types\/page"}],"author":[{"embeddable":true,"href":"https:\/\/bioinfo2.ugr.es\/genomica\/wp-json\/wp\/v2\/users\/1"}],"replies":[{"embeddable":true,"href":"https:\/\/bioinfo2.ugr.es\/genomica\/wp-json\/wp\/v2\/comments?post=4196"}],"version-history":[{"count":44,"href":"https:\/\/bioinfo2.ugr.es\/genomica\/wp-json\/wp\/v2\/pages\/4196\/revisions"}],"predecessor-version":[{"id":4808,"href":"https:\/\/bioinfo2.ugr.es\/genomica\/wp-json\/wp\/v2\/pages\/4196\/revisions\/4808"}],"wp:attachment":[{"href":"https:\/\/bioinfo2.ugr.es\/genomica\/wp-json\/wp\/v2\/media?parent=4196"}],"curies":[{"name":"wp","href":"https:\/\/api.w.org\/{rel}","templated":true}]}}