{"id":96,"date":"2013-05-29T22:38:56","date_gmt":"2013-05-29T20:38:56","guid":{"rendered":"http:\/\/bioinfo2.ugr.es\/genomica\/?page_id=96"},"modified":"2024-09-18T12:22:22","modified_gmt":"2024-09-18T10:22:22","slug":"contenidos","status":"publish","type":"page","link":"https:\/\/bioinfo2.ugr.es\/genomica\/contenidos\/","title":{"rendered":"Contenidos"},"content":{"rendered":"<p>1. Introducci\u00f3n a la Gen\u00f3mica. Genes y genomas. Grandes proyectos gen\u00f3micos. Bases de datos gen\u00f3micas y navegadores gen\u00f3micos.<br \/>\n2. Gen\u00f3mica de poblaciones. Din\u00e1mica de los genes en las poblaciones. Darwinismo y gen\u00e9tica de poblaciones. Conceptos b\u00e1sicos. Equilibrio Hardy-Weinberg.<br \/>\n3. El papel de la mutaci\u00f3n y de la migraci\u00f3n. Apareamientos no aleatorios. El papel del azar y de la necesidad en la evoluci\u00f3n. Selecci\u00f3n natural. Deriva gen\u00e9tica.<br \/>\n4. Evoluci\u00f3n del tama\u00f1o y de la complejidad de los genomas. Duplicaci\u00f3n parcial de los genes. Barajamiento de exones\/dominios.<br \/>\n5. Evoluci\u00f3n del n\u00famero de genes. Duplicaci\u00f3n g\u00e9nica. Retrotranscripci\u00f3n. Genes solapados. Splicing y edici\u00f3n del ARN. Genes compartidos.<br \/>\n6. Evoluci\u00f3n gen\u00f3mica. Tama\u00f1o y contenido de los genomas. Duplicaci\u00f3n gen\u00f3mica. Duplicaci\u00f3n cromos\u00f3mica. Duplicaci\u00f3n g\u00e9nica. Transposici\u00f3n gen\u00e9tica. Transferencia horizontal de genes. Otros mecanismos de amplificaci\u00f3n. La evoluci\u00f3n concertada.<br \/>\n7. Alineamientos de secuencias de DNA y prote\u00ednas. M\u00e9todo de la matriz de puntos. Alineamientos global y local. Alineamiento m\u00faltiple.<br \/>\n8. Evoluci\u00f3n de secuencias gen\u00f3micas. Estimaci\u00f3n de las tasas de sustituci\u00f3n de nucle\u00f3tidos: diferentes modelos. Estimaci\u00f3n de la divergencia evolutiva entre dos secuencias de DNA. Sustituciones sin\u00f3nimas y no-sin\u00f3nimas. Variaciones de las tasas de sustituci\u00f3n en diferentes regiones del DNA. Evoluci\u00f3n del DNA mitocondrial y cloropl\u00e1stico.<br \/>\n9. Filogen\u00f3mica. Reconstrucci\u00f3n de filogenias. Se\u00f1al filogen\u00e9tica. M\u00e9todos basados en matrices de distancia.M\u00e9todos de m\u00e1xima parsimonia. Fiabilidad de las reconstrucciones filogen\u00e9ticas. Alineamiento de genomas completos. Redes filogen\u00e9ticas.<br \/>\n10. An\u00e1lisis bioinform\u00e1tico de genomas. Procesado de datos de secuenciaci\u00f3n masiva (NGS). Diferentes protocolos de secuenciaci\u00f3n masiva. Ensamblado de genomas. Expresi\u00f3n g\u00e9nica diferencial: RNA-seq.<br \/>\n11. Variabilidad gen\u00e9tica en genoma completo. Detecci\u00f3n de variantes (SNPs). Efectos fenot\u00edpicos de las distintas clases de SNPs. Asociaci\u00f3n de SNPs con enfermedades gen\u00e9ticas.<br \/>\n12. Regulaci\u00f3n g\u00e9nica por microRNAs. Epigen\u00f3mica. Metilaci\u00f3n del DNA, modificaciones de histonas y microARNs. Metilaci\u00f3n diferencial y expresi\u00f3n g\u00e9nica.<br \/>\n13. Gen\u00f3mica funcional. Predicci\u00f3n computacional de genes.<\/p>\n","protected":false},"excerpt":{"rendered":"<p>1. Introducci\u00f3n a la Gen\u00f3mica. Genes y genomas. Grandes proyectos gen\u00f3micos. Bases de datos gen\u00f3micas y navegadores gen\u00f3micos. 2. Gen\u00f3mica de poblaciones. Din\u00e1mica de los genes en las poblaciones. Darwinismo y gen\u00e9tica de poblaciones. Conceptos b\u00e1sicos. Equilibrio Hardy-Weinberg. 3. El papel de [&hellip;]<\/p>\n","protected":false},"author":1,"featured_media":0,"parent":0,"menu_order":2,"comment_status":"closed","ping_status":"closed","template":"","meta":[],"_links":{"self":[{"href":"https:\/\/bioinfo2.ugr.es\/genomica\/wp-json\/wp\/v2\/pages\/96"}],"collection":[{"href":"https:\/\/bioinfo2.ugr.es\/genomica\/wp-json\/wp\/v2\/pages"}],"about":[{"href":"https:\/\/bioinfo2.ugr.es\/genomica\/wp-json\/wp\/v2\/types\/page"}],"author":[{"embeddable":true,"href":"https:\/\/bioinfo2.ugr.es\/genomica\/wp-json\/wp\/v2\/users\/1"}],"replies":[{"embeddable":true,"href":"https:\/\/bioinfo2.ugr.es\/genomica\/wp-json\/wp\/v2\/comments?post=96"}],"version-history":[{"count":1,"href":"https:\/\/bioinfo2.ugr.es\/genomica\/wp-json\/wp\/v2\/pages\/96\/revisions"}],"predecessor-version":[{"id":3936,"href":"https:\/\/bioinfo2.ugr.es\/genomica\/wp-json\/wp\/v2\/pages\/96\/revisions\/3936"}],"wp:attachment":[{"href":"https:\/\/bioinfo2.ugr.es\/genomica\/wp-json\/wp\/v2\/media?parent=96"}],"curies":[{"name":"wp","href":"https:\/\/api.w.org\/{rel}","templated":true}]}}