{"id":108,"date":"2013-05-29T22:46:23","date_gmt":"2013-05-29T20:46:23","guid":{"rendered":"http:\/\/bioinfo2.ugr.es\/genomicafuncional\/?page_id=108"},"modified":"2021-02-21T20:33:05","modified_gmt":"2021-02-21T18:33:05","slug":"contacto","status":"publish","type":"page","link":"https:\/\/bioinfo2.ugr.es\/genomicafuncional\/contacto\/","title":{"rendered":"Profesorado"},"content":{"rendered":"<ul>\n<li><a href=\"http:\/\/bioinfo5.ugr.es\/~michael\/\" target=\"_blank\" rel=\"noopener\">Michael Hackenberg<\/a><\/li>\n<\/ul>\n<p style=\"padding-left: 30px;\"><a href=\"http:\/\/posgrados.ugr.es\/genevol\/\" target=\"_blank\" rel=\"noopener\">M\u00e1ster en Gen\u00e9tica y Evoluci\u00f3n<\/a><br \/>\n<a href=\"http:\/\/www.ugr.es\/~genetica\/\" target=\"_blank\" rel=\"noopener\">Dpto. de Gen\u00e9tica<\/a><br \/>\n<a href=\"http:\/\/fciencias.ugr.es\/index.php?lang=es\" target=\"_blank\" rel=\"noopener\">Facultad de Ciencias<\/a><br \/>\n<a href=\"http:\/\/www.ugr.es\/\" target=\"_blank\" rel=\"noopener\">Universidad de Granada<\/a><\/p>\n","protected":false},"excerpt":{"rendered":"<p>Michael Hackenberg M\u00e1ster en Gen\u00e9tica y Evoluci\u00f3n Dpto. de Gen\u00e9tica Facultad de Ciencias Universidad de Granada<\/p>\n","protected":false},"author":1,"featured_media":0,"parent":0,"menu_order":11,"comment_status":"closed","ping_status":"closed","template":"","meta":[],"_links":{"self":[{"href":"https:\/\/bioinfo2.ugr.es\/genomicafuncional\/wp-json\/wp\/v2\/pages\/108"}],"collection":[{"href":"https:\/\/bioinfo2.ugr.es\/genomicafuncional\/wp-json\/wp\/v2\/pages"}],"about":[{"href":"https:\/\/bioinfo2.ugr.es\/genomicafuncional\/wp-json\/wp\/v2\/types\/page"}],"author":[{"embeddable":true,"href":"https:\/\/bioinfo2.ugr.es\/genomicafuncional\/wp-json\/wp\/v2\/users\/1"}],"replies":[{"embeddable":true,"href":"https:\/\/bioinfo2.ugr.es\/genomicafuncional\/wp-json\/wp\/v2\/comments?post=108"}],"version-history":[{"count":2,"href":"https:\/\/bioinfo2.ugr.es\/genomicafuncional\/wp-json\/wp\/v2\/pages\/108\/revisions"}],"predecessor-version":[{"id":2356,"href":"https:\/\/bioinfo2.ugr.es\/genomicafuncional\/wp-json\/wp\/v2\/pages\/108\/revisions\/2356"}],"wp:attachment":[{"href":"https:\/\/bioinfo2.ugr.es\/genomicafuncional\/wp-json\/wp\/v2\/media?parent=108"}],"curies":[{"name":"wp","href":"https:\/\/api.w.org\/{rel}","templated":true}]}}