{"id":16,"date":"2013-05-29T20:31:28","date_gmt":"2013-05-29T18:31:28","guid":{"rendered":"http:\/\/bioinfo2.ugr.es\/genomicafuncional\/?page_id=16"},"modified":"2023-02-15T10:33:32","modified_gmt":"2023-02-15T08:33:32","slug":"presentaciones","status":"publish","type":"page","link":"https:\/\/bioinfo2.ugr.es\/genomicafuncional\/presentaciones\/","title":{"rendered":"Presentaciones"},"content":{"rendered":"<ul>\n<li><a href=\"http:\/\/bioinfo2.ugr.es\/genomicafuncional\/wp-content\/uploads\/2023\/02\/Intro_genomica_funcional_23.pdf\" target=\"_blank\" rel=\"noopener\">Introducci\u00f3n<\/a><\/li>\n<li><a href=\"http:\/\/bioinfo2.ugr.es\/genomicafuncional\/wp-content\/uploads\/2023\/02\/microRNAs_genomicaFuncional_I_23.pdf\" target=\"_blank\" rel=\"noopener\">microRNA I<\/a><\/li>\n<li><a href=\"http:\/\/bioinfo2.ugr.es\/genomicafuncional\/wp-content\/uploads\/2022\/02\/microRNAs_secuenciacion_masiva_PII.pdf\" target=\"_blank\" rel=\"noopener\">microRNA II (secuenciaci\u00f3n masiva)<\/a><\/li>\n<li><a href=\"http:\/\/bioinfo2.ugr.es\/genomicafuncional\/wp-content\/uploads\/2022\/02\/AnalisisFuncional.pdf\" target=\"_blank\" rel=\"noopener\">An\u00e1lisis funcional<\/a><\/li>\n<\/ul>\n\n","protected":false},"excerpt":{"rendered":"<p>Introducci\u00f3n microRNA I microRNA II (secuenciaci\u00f3n masiva) An\u00e1lisis funcional<\/p>\n","protected":false},"author":1,"featured_media":0,"parent":0,"menu_order":3,"comment_status":"closed","ping_status":"closed","template":"","meta":[],"_links":{"self":[{"href":"https:\/\/bioinfo2.ugr.es\/genomicafuncional\/wp-json\/wp\/v2\/pages\/16"}],"collection":[{"href":"https:\/\/bioinfo2.ugr.es\/genomicafuncional\/wp-json\/wp\/v2\/pages"}],"about":[{"href":"https:\/\/bioinfo2.ugr.es\/genomicafuncional\/wp-json\/wp\/v2\/types\/page"}],"author":[{"embeddable":true,"href":"https:\/\/bioinfo2.ugr.es\/genomicafuncional\/wp-json\/wp\/v2\/users\/1"}],"replies":[{"embeddable":true,"href":"https:\/\/bioinfo2.ugr.es\/genomicafuncional\/wp-json\/wp\/v2\/comments?post=16"}],"version-history":[{"count":12,"href":"https:\/\/bioinfo2.ugr.es\/genomicafuncional\/wp-json\/wp\/v2\/pages\/16\/revisions"}],"predecessor-version":[{"id":2483,"href":"https:\/\/bioinfo2.ugr.es\/genomicafuncional\/wp-json\/wp\/v2\/pages\/16\/revisions\/2483"}],"wp:attachment":[{"href":"https:\/\/bioinfo2.ugr.es\/genomicafuncional\/wp-json\/wp\/v2\/media?parent=16"}],"curies":[{"name":"wp","href":"https:\/\/api.w.org\/{rel}","templated":true}]}}