{"id":2293,"date":"2020-02-15T16:09:31","date_gmt":"2020-02-15T14:09:31","guid":{"rendered":"http:\/\/bioinfo2.ugr.es\/genomicafuncional\/?page_id=2293"},"modified":"2020-02-16T15:17:22","modified_gmt":"2020-02-16T13:17:22","slug":"mirnas-generalidades","status":"publish","type":"page","link":"https:\/\/bioinfo2.ugr.es\/genomicafuncional\/mirnas-generalidades\/","title":{"rendered":"miRNAs: Generalidades"},"content":{"rendered":"<p>A lo largo de estas asignatura vamos a analizar las propiedades principales de los microRNAs. Cada alumno ha obtenido un microRNA con el que trabajar\u00e1.<\/p>\n<p><b>Objetivos:<\/b><\/p>\n<ul>\n<li>Entender la funci\u00f3n y la biog\u00e9nesis de los microRNAs<\/li>\n<li>Manejar la base de datos miRBase<\/li>\n<li>Entender la nomenclatura de los microRNAs<\/li>\n<li>Saber detectar variaci\u00f3n de secuencia en un microRNA<\/li>\n<li>Detectar posibles dianas de un microRNAs<\/li>\n<li>Calcular la estructura secundaria de una mol\u00e9cula de ARN<\/li>\n<li>Saber interpretar el alineamiento m\u00faltiple entre secuencias pre-microRNAs de diferentes especies: i) cual es el brazo funcional? ii) donde se ubica la regi\u00f3n semilla?, iii) donde se encuentra el bucle?<\/li>\n<li>Generar los perfiles de expresi\u00f3n a partir de datos de secuenciaci\u00f3n masiva<\/li>\n<li>Determinar los microRNAs que se expresan diferencialmente<\/li>\n<li>Predecir las posibles funciones de los microRNAs que se expresan diferencialmente<\/li>\n<\/ul>\n<h4><b>Programas que necesitaremos<\/b><\/h4>\n<ul>\n<li>El editor de texto: <a href=\"http:\/\/notepad-plus-plus.org\/download\/v6.2.3.html\">Notepad++<\/a><\/li>\n<li>Usaremos el miRNA hsa-mir-125a para practicar<\/li>\n<\/ul>\n<h4>Enlaces importantes<\/h4>\n<ul>\n<li><a href=\"https:\/\/arn.ugr.es\/srnatoolbox\/\" target=\"_blank\" rel=\"noopener noreferrer\">https:\/\/arn.ugr.es\/srnatoolbox\/<\/a><\/li>\n<li>RNAfold: <a href=\"http:\/\/rna.tbi.univie.ac.at\/cgi-bin\/RNAWebSuite\/RNAfold.cgi\" target=\"_blank\" rel=\"noopener noreferrer\">http:\/\/rna.tbi.univie.ac.at\/cgi-bin\/RNAWebSuite\/RNAfold.cgi<\/a><\/li>\n<li><\/li>\n<\/ul>\n","protected":false},"excerpt":{"rendered":"<p>A lo largo de estas asignatura vamos a analizar las propiedades principales de los microRNAs. Cada alumno ha obtenido un microRNA con el que trabajar\u00e1. Objetivos: Entender la funci\u00f3n y la biog\u00e9nesis de los microRNAs Manejar la base de datos miRBase Entender la nomenclatura de los microRNAs Saber detectar variaci\u00f3n de secuencia en un microRNA &hellip; <a href=\"https:\/\/bioinfo2.ugr.es\/genomicafuncional\/mirnas-generalidades\/\">Continue reading <span class=\"meta-nav\">&rarr;<\/span><\/a><\/p>\n","protected":false},"author":1,"featured_media":0,"parent":0,"menu_order":0,"comment_status":"closed","ping_status":"closed","template":"","meta":[],"_links":{"self":[{"href":"https:\/\/bioinfo2.ugr.es\/genomicafuncional\/wp-json\/wp\/v2\/pages\/2293"}],"collection":[{"href":"https:\/\/bioinfo2.ugr.es\/genomicafuncional\/wp-json\/wp\/v2\/pages"}],"about":[{"href":"https:\/\/bioinfo2.ugr.es\/genomicafuncional\/wp-json\/wp\/v2\/types\/page"}],"author":[{"embeddable":true,"href":"https:\/\/bioinfo2.ugr.es\/genomicafuncional\/wp-json\/wp\/v2\/users\/1"}],"replies":[{"embeddable":true,"href":"https:\/\/bioinfo2.ugr.es\/genomicafuncional\/wp-json\/wp\/v2\/comments?post=2293"}],"version-history":[{"count":4,"href":"https:\/\/bioinfo2.ugr.es\/genomicafuncional\/wp-json\/wp\/v2\/pages\/2293\/revisions"}],"predecessor-version":[{"id":2300,"href":"https:\/\/bioinfo2.ugr.es\/genomicafuncional\/wp-json\/wp\/v2\/pages\/2293\/revisions\/2300"}],"wp:attachment":[{"href":"https:\/\/bioinfo2.ugr.es\/genomicafuncional\/wp-json\/wp\/v2\/media?parent=2293"}],"curies":[{"name":"wp","href":"https:\/\/api.w.org\/{rel}","templated":true}]}}