{"id":888,"date":"2013-06-24T19:29:58","date_gmt":"2013-06-24T17:29:58","guid":{"rendered":"http:\/\/bioinfo2.ugr.es\/genomicafuncional\/?page_id=888"},"modified":"2014-01-09T12:31:48","modified_gmt":"2014-01-09T10:31:48","slug":"introduccion-2","status":"publish","type":"page","link":"https:\/\/bioinfo2.ugr.es\/genomicafuncional\/","title":{"rendered":"Gen\u00f3mica Funcional"},"content":{"rendered":"<p>La palabra GENOMICA fue propuesta por Thomas H. Roderick en 1986 para describir la disciplina cuyo objetivo es <strong>mapear y secuenciar el genoma<\/strong>. La gen\u00f3mica funcional trata de <strong>asignar funci\u00f3n a las secuencias an\u00f3nimas generadas por los proyectos genoma<\/strong>. En realidad, lo que hacen estos proyectos es simplemente transferir la informaci\u00f3n digital del ADN a ficheros de ordenador. Pero esto dista mucho de comprender su funci\u00f3n. Cost\u00f3 cientos de a\u00f1os pasar de una descripci\u00f3n detallada de la anatom\u00eda humana a comprender la funci\u00f3n de los distintos \u00f3rganos. Pues bien, el conocimiento de la secuencia y localizaci\u00f3n de todos los genes no es m\u00e1s que una descripci\u00f3n &#8216;anat\u00f3mica&#8217; del genoma humano.<\/p>\n<p>La gen\u00f3mica funcional es la ciencia que <strong>permitir\u00e1 comprender como funciona el genoma en su conjunto<\/strong>, a trav\u00e9s de la expresi\u00f3n controlada de todos y cada uno de sus genes. La investigaci\u00f3n en este campo continuar\u00e1 a\u00fan mucho tiempo despues de que conozcamos las secuencias de muchos genomas. Obtener informaci\u00f3n acerca de la expresi\u00f3n de los genes es una tarea mucho m\u00e1s dificil que obtener su secuencia, debido a que la expresi\u00f3n g\u00e9nica es un proceso din\u00e1mico en el que intervienen numerosos factores.<\/p>\n<p>Los chips de ADN (DNA microarrays) y las t\u00e9cnicas de secuenciaci\u00f3n masiva (transcript\u00f3mica) permiten analizar la expresi\u00f3n g\u00e9nica a escala gen\u00f3mica, ya que posibilitan determinar los niveles de transcripci\u00f3n de muchos genes al mismo tiempo. El volumen de datos generado por estas t\u00e9cnicas es varios \u00f3rdenes de magnitud mayor que el de los proyectos de secuenciaci\u00f3n. El reto pues es el desarrollo de nuevas y potentes herramientas inform\u00e1ticas para almacenar y analizar esos datos.<\/p>\n<h3>Gen\u00f3mica computacional<\/h3>\n<p>La gen\u00f3mica computacional se encarga del <strong>desarrollo de las herramientas computacionales necesarias para el almacenamiento, recuperaci\u00f3n y an\u00e1lisis de los datos gen\u00f3micos<\/strong>: secuencias primarias de genes y prote\u00ednas, mapas gen\u00f3micos de alta resoluci\u00f3n, estructuras tridimensionales de prote\u00ednas y perfiles de expresi\u00f3n g\u00e9nica. <strong>Su desarrollo va en paralelo con la biolog\u00eda computacional, biocomputaci\u00f3n o bioinform\u00e1tica<\/strong>. Se trata de una disciplina cient\u00edfica con un rapid\u00edsimo desarrollo, basado fundamentalmente en los extraordinarios avances hechos en secuenciaci\u00f3n gen\u00f3mica y en las t\u00e9cnicas para la elaboraci\u00f3n de mapas gen\u00e9ticos, adem\u00e1s de en otras disciplinas biol\u00f3gicas y biotecnol\u00f3gicas.<\/p>\n<p>La enorme avalancha de datos producida por la gen\u00f3mica estructural, en forma principalmente de secuencias primarias de multitud de genes y prote\u00ednas de todo tipo de organismos, plantea el reto de encontrar su significado, es decir c\u00f3mo transformar esos datos en informaci\u00f3n \u00fatil que permita el desarrollo de nuevos medicamentos, nuevos avances en la curaci\u00f3n de enfermedades y, en definitiva, una mayor comprensi\u00f3n de c\u00f3mo funcionan los seres vivos.<\/p>\n","protected":false},"excerpt":{"rendered":"<p>La palabra GENOMICA fue propuesta por Thomas H. Roderick en 1986 para describir la disciplina cuyo objetivo es mapear y secuenciar el genoma. La gen\u00f3mica funcional trata de asignar funci\u00f3n a las secuencias an\u00f3nimas generadas por los proyectos genoma. En realidad, lo que hacen estos proyectos es simplemente transferir la informaci\u00f3n digital del ADN a &hellip; <a href=\"https:\/\/bioinfo2.ugr.es\/genomicafuncional\/\">Continue reading <span class=\"meta-nav\">&rarr;<\/span><\/a><\/p>\n","protected":false},"author":1,"featured_media":0,"parent":0,"menu_order":1,"comment_status":"closed","ping_status":"closed","template":"","meta":[],"_links":{"self":[{"href":"https:\/\/bioinfo2.ugr.es\/genomicafuncional\/wp-json\/wp\/v2\/pages\/888"}],"collection":[{"href":"https:\/\/bioinfo2.ugr.es\/genomicafuncional\/wp-json\/wp\/v2\/pages"}],"about":[{"href":"https:\/\/bioinfo2.ugr.es\/genomicafuncional\/wp-json\/wp\/v2\/types\/page"}],"author":[{"embeddable":true,"href":"https:\/\/bioinfo2.ugr.es\/genomicafuncional\/wp-json\/wp\/v2\/users\/1"}],"replies":[{"embeddable":true,"href":"https:\/\/bioinfo2.ugr.es\/genomicafuncional\/wp-json\/wp\/v2\/comments?post=888"}],"version-history":[{"count":0,"href":"https:\/\/bioinfo2.ugr.es\/genomicafuncional\/wp-json\/wp\/v2\/pages\/888\/revisions"}],"wp:attachment":[{"href":"https:\/\/bioinfo2.ugr.es\/genomicafuncional\/wp-json\/wp\/v2\/media?parent=888"}],"curies":[{"name":"wp","href":"https:\/\/api.w.org\/{rel}","templated":true}]}}