{"id":96,"date":"2013-05-29T22:38:56","date_gmt":"2013-05-29T20:38:56","guid":{"rendered":"http:\/\/bioinfo2.ugr.es\/genomicafuncional\/?page_id=96"},"modified":"2020-02-15T15:52:17","modified_gmt":"2020-02-15T13:52:17","slug":"contenidos","status":"publish","type":"page","link":"https:\/\/bioinfo2.ugr.es\/genomicafuncional\/contenidos\/","title":{"rendered":"Contenidos"},"content":{"rendered":"<h3>I. Computacional<\/h3>\n<ol>\n<li>Introducci\u00f3n.<\/li>\n<li>microRNA: biog\u00e9nesis, estructura secundaria, predicci\u00f3n de las dianas,<\/li>\n<li>Determinar los perfiles de expresi\u00f3n mediante secuenciaci\u00f3n masiva.<\/li>\n<li>An\u00e1lisis funcional de microRNAs. Enriquecimiento en t\u00e9rminos funcionales. An\u00e1lisis de ontolog\u00edas (GO) y funci\u00f3n biol\u00f3gica. Diferencias en t\u00e9rminos GO de una lista de genes frente al genoma completo. Diferencias entre dos listas de genes.<\/li>\n<\/ol>\n","protected":false},"excerpt":{"rendered":"<p>I. Computacional Introducci\u00f3n. microRNA: biog\u00e9nesis, estructura secundaria, predicci\u00f3n de las dianas, Determinar los perfiles de expresi\u00f3n mediante secuenciaci\u00f3n masiva. An\u00e1lisis funcional de microRNAs. Enriquecimiento en t\u00e9rminos funcionales. An\u00e1lisis de ontolog\u00edas (GO) y funci\u00f3n biol\u00f3gica. Diferencias en t\u00e9rminos GO de una lista de genes frente al genoma completo. Diferencias entre dos listas de genes.<\/p>\n","protected":false},"author":1,"featured_media":0,"parent":0,"menu_order":2,"comment_status":"closed","ping_status":"closed","template":"","meta":[],"_links":{"self":[{"href":"https:\/\/bioinfo2.ugr.es\/genomicafuncional\/wp-json\/wp\/v2\/pages\/96"}],"collection":[{"href":"https:\/\/bioinfo2.ugr.es\/genomicafuncional\/wp-json\/wp\/v2\/pages"}],"about":[{"href":"https:\/\/bioinfo2.ugr.es\/genomicafuncional\/wp-json\/wp\/v2\/types\/page"}],"author":[{"embeddable":true,"href":"https:\/\/bioinfo2.ugr.es\/genomicafuncional\/wp-json\/wp\/v2\/users\/1"}],"replies":[{"embeddable":true,"href":"https:\/\/bioinfo2.ugr.es\/genomicafuncional\/wp-json\/wp\/v2\/comments?post=96"}],"version-history":[{"count":5,"href":"https:\/\/bioinfo2.ugr.es\/genomicafuncional\/wp-json\/wp\/v2\/pages\/96\/revisions"}],"predecessor-version":[{"id":2284,"href":"https:\/\/bioinfo2.ugr.es\/genomicafuncional\/wp-json\/wp\/v2\/pages\/96\/revisions\/2284"}],"wp:attachment":[{"href":"https:\/\/bioinfo2.ugr.es\/genomicafuncional\/wp-json\/wp\/v2\/media?parent=96"}],"curies":[{"name":"wp","href":"https:\/\/api.w.org\/{rel}","templated":true}]}}