{"id":1365,"date":"2015-12-13T11:24:42","date_gmt":"2015-12-13T09:24:42","guid":{"rendered":"http:\/\/bioinfo2.ugr.es\/secuencias\/?page_id=1365"},"modified":"2024-09-17T09:12:42","modified_gmt":"2024-09-17T07:12:42","slug":"workflows-1-programacion","status":"publish","type":"page","link":"https:\/\/bioinfo2.ugr.es\/secuencias\/workflows-1-programacion\/","title":{"rendered":"Workflows 1: Programaci\u00f3n"},"content":{"rendered":"<h3>Workflows o pipelines<\/h3>\n<div id=\"nodeDecoration\">\n<h3>Las &#8216;historias&#8217; en Galaxy<\/h3>\n<div id=\"content\" class=\"clearfix\">\n<div class=\"column column-content single\">\n<div id=\"post-1069\" class=\"post-1069 page type-page status-publish hentry\">\n<div class=\"entry-content clearfix\">\n<p>En Galaxy todos los datos y an\u00e1lisis residen en \u2018Historias\u2019 como esta:<\/p>\n<p id=\"AxaFXYJ\"><img loading=\"lazy\" width=\"253\" height=\"465\" class=\"alignnone size-full wp-image-1874 \" src=\"http:\/\/bioinfo2.ugr.es\/secuencias\/wp-content\/uploads\/2023\/10\/img_651ab035311b0.png\" alt=\"\" srcset=\"https:\/\/bioinfo2.ugr.es\/secuencias\/wp-content\/uploads\/2023\/10\/img_651ab035311b0.png 253w, https:\/\/bioinfo2.ugr.es\/secuencias\/wp-content\/uploads\/2023\/10\/img_651ab035311b0-163x300.png 163w, https:\/\/bioinfo2.ugr.es\/secuencias\/wp-content\/uploads\/2023\/10\/img_651ab035311b0-147x270.png 147w\" sizes=\"(max-width: 253px) 100vw, 253px\" \/><\/p>\n<p>Las historias pueden ser muy largas y se pueden tener tantas historias como sea necesario. Las historias se pueden controlar con los iconos situados en la parte superior derecha del panel de historias. Incluyen crear una nueva, cambiar de historia, compartirla&#8230;<\/p>\n<p><img loading=\"lazy\" width=\"251\" height=\"41\" class=\"alignnone size-full wp-image-1875 \" src=\"http:\/\/bioinfo2.ugr.es\/secuencias\/wp-content\/uploads\/2023\/10\/img_651ab09a08844.png\" alt=\"\"><\/p>\n<p>Muchas de las opciones son autoexplicativas. Si se crea una nueva historia, la historia actual no desaparece. Para ver todas las historias pinche en <strong>&#8220;Historiales&#8221;<\/strong> en el <strong>men\u00fa Usuario<\/strong>&nbsp;situado en la barra superior de la ventana:<\/p>\n<p id=\"SplNOtg\"><img loading=\"lazy\" width=\"253\" height=\"426\" class=\"alignnone size-full wp-image-1876 \" src=\"http:\/\/bioinfo2.ugr.es\/secuencias\/wp-content\/uploads\/2023\/10\/img_651ab100e0eb1.png\" alt=\"\" srcset=\"https:\/\/bioinfo2.ugr.es\/secuencias\/wp-content\/uploads\/2023\/10\/img_651ab100e0eb1.png 253w, https:\/\/bioinfo2.ugr.es\/secuencias\/wp-content\/uploads\/2023\/10\/img_651ab100e0eb1-178x300.png 178w, https:\/\/bioinfo2.ugr.es\/secuencias\/wp-content\/uploads\/2023\/10\/img_651ab100e0eb1-160x270.png 160w\" sizes=\"(max-width: 253px) 100vw, 253px\" \/><\/p>\n<p id=\"AkAsZpq\"><img loading=\"lazy\" width=\"1310\" height=\"547\" class=\"alignnone size-full wp-image-1877 \" src=\"http:\/\/bioinfo2.ugr.es\/secuencias\/wp-content\/uploads\/2023\/10\/img_651ab148590ff.png\" alt=\"\" srcset=\"https:\/\/bioinfo2.ugr.es\/secuencias\/wp-content\/uploads\/2023\/10\/img_651ab148590ff.png 1310w, https:\/\/bioinfo2.ugr.es\/secuencias\/wp-content\/uploads\/2023\/10\/img_651ab148590ff-300x125.png 300w, https:\/\/bioinfo2.ugr.es\/secuencias\/wp-content\/uploads\/2023\/10\/img_651ab148590ff-1024x428.png 1024w, https:\/\/bioinfo2.ugr.es\/secuencias\/wp-content\/uploads\/2023\/10\/img_651ab148590ff-768x321.png 768w, https:\/\/bioinfo2.ugr.es\/secuencias\/wp-content\/uploads\/2023\/10\/img_651ab148590ff-360x150.png 360w\" sizes=\"(max-width: 1310px) 100vw, 1310px\" \/><\/p>\n<h3>Conversi\u00f3n de historias en workflows<\/h3>\n<p>Una de las opciones del panel de historias es muy especial. Permite convertir las historias en flujos de trabajo o workflows. Ello permite repetir el an\u00e1lisis completo sobre otros datos con muy poco trabajo.<\/p>\n<h4><span id=\"40_Extraccin_de_un_workfklow\">Extracci\u00f3n de un workfklow<\/span><\/h4>\n<p>Obervemos nuestra historia de nuevo:<\/p>\n<p id=\"ZcOlcNX\"><img loading=\"lazy\" width=\"251\" height=\"457\" class=\"alignnone size-full wp-image-1878 \" src=\"http:\/\/bioinfo2.ugr.es\/secuencias\/wp-content\/uploads\/2023\/10\/img_651ab180e4fe4.png\" alt=\"\" srcset=\"https:\/\/bioinfo2.ugr.es\/secuencias\/wp-content\/uploads\/2023\/10\/img_651ab180e4fe4.png 251w, https:\/\/bioinfo2.ugr.es\/secuencias\/wp-content\/uploads\/2023\/10\/img_651ab180e4fe4-165x300.png 165w, https:\/\/bioinfo2.ugr.es\/secuencias\/wp-content\/uploads\/2023\/10\/img_651ab180e4fe4-148x270.png 148w\" sizes=\"(max-width: 251px) 100vw, 251px\" \/><\/p>\n<p>Esta historia contiene todas las etapas del an\u00e1lisis que hemos hecho hasta ahora, y tambi\u00e9n los par\u00e1metros que hemos utilizado para ello. Podemos convertir esta historia en un workflow para repetirlo tantas veces como queramos. Pinche en la rueda <b>History options<\/b> &#8211;&gt; <b>Extract Workflow<\/b>.<\/p>\n<p>El panel central cambiar\u00e1 como se muestra abajo y podr\u00e1 elegir las etapas a incluir\/excluir y el nombre para el nuevo workflow:<\/p>\n<p id=\"enhoMNJ\"><img loading=\"lazy\" width=\"863\" height=\"706\" class=\"alignnone size-full wp-image-1879 \" src=\"http:\/\/bioinfo2.ugr.es\/secuencias\/wp-content\/uploads\/2023\/10\/img_651ab1a946c88.png\" alt=\"\" srcset=\"https:\/\/bioinfo2.ugr.es\/secuencias\/wp-content\/uploads\/2023\/10\/img_651ab1a946c88.png 863w, https:\/\/bioinfo2.ugr.es\/secuencias\/wp-content\/uploads\/2023\/10\/img_651ab1a946c88-300x245.png 300w, https:\/\/bioinfo2.ugr.es\/secuencias\/wp-content\/uploads\/2023\/10\/img_651ab1a946c88-768x628.png 768w, https:\/\/bioinfo2.ugr.es\/secuencias\/wp-content\/uploads\/2023\/10\/img_651ab1a946c88-330x270.png 330w\" sizes=\"(max-width: 863px) 100vw, 863px\" \/><\/p>\n<p>C\u00e1mbiele el nombre, por ejemplo WF1. Cuando pinche en&nbsp;<b>Create Workflow<\/b>&nbsp;obtendr\u00e1 el siguiente mensaje: \u201cWorkflow &#8220;WF1&#8221; created from current history\u201d. Si pincha en el enlace&nbsp;<b>Workflow <\/b>(la segunda pesta\u00f1a situada en la parte de arriba de la interfaz de Galaxy) obtendr\u00e1 una lista de sus workflows:<\/p>\n<p id=\"uvAVuiW\"><img loading=\"lazy\" width=\"1311\" height=\"227\" class=\"alignnone size-full wp-image-1880 \" src=\"http:\/\/bioinfo2.ugr.es\/secuencias\/wp-content\/uploads\/2023\/10\/img_651ab1db9fe14.png\" alt=\"\" srcset=\"https:\/\/bioinfo2.ugr.es\/secuencias\/wp-content\/uploads\/2023\/10\/img_651ab1db9fe14.png 1311w, https:\/\/bioinfo2.ugr.es\/secuencias\/wp-content\/uploads\/2023\/10\/img_651ab1db9fe14-300x52.png 300w, https:\/\/bioinfo2.ugr.es\/secuencias\/wp-content\/uploads\/2023\/10\/img_651ab1db9fe14-1024x177.png 1024w, https:\/\/bioinfo2.ugr.es\/secuencias\/wp-content\/uploads\/2023\/10\/img_651ab1db9fe14-768x133.png 768w, https:\/\/bioinfo2.ugr.es\/secuencias\/wp-content\/uploads\/2023\/10\/img_651ab1db9fe14-360x62.png 360w\" sizes=\"(max-width: 1311px) 100vw, 1311px\" \/><\/p>\n<h4><span id=\"41_Opening_workflow_editor\">Edici\u00f3n de workflows<br \/>\n<\/span><\/h4>\n<p>Pinchando en el tri\u00e1ngulo adyacente al nombre del workflow obtendr\u00e1 una lista de opciones:<\/p>\n<p id=\"OkDcMgq\"><img loading=\"lazy\" width=\"177\" height=\"233\" class=\"alignnone size-full wp-image-1387 \" src=\"http:\/\/bioinfo2.ugr.es\/secuencias\/wp-content\/uploads\/2015\/12\/img_566d44535fb41.png\" alt=\"\"><\/p>\n<p>Pinchando en&nbsp;<b>Edit<\/b>&nbsp;se abrir\u00e1 el editor de workflows. Este editor le permitir\u00e1 examinar y cambiar las opciones de este workflow:<\/p>\n<p id=\"oenlMep\"><img loading=\"lazy\" width=\"1227\" height=\"265\" class=\"alignnone size-full wp-image-1881 \" src=\"http:\/\/bioinfo2.ugr.es\/secuencias\/wp-content\/uploads\/2023\/10\/img_651ab20634616.png\" alt=\"\" srcset=\"https:\/\/bioinfo2.ugr.es\/secuencias\/wp-content\/uploads\/2023\/10\/img_651ab20634616.png 1227w, https:\/\/bioinfo2.ugr.es\/secuencias\/wp-content\/uploads\/2023\/10\/img_651ab20634616-300x65.png 300w, https:\/\/bioinfo2.ugr.es\/secuencias\/wp-content\/uploads\/2023\/10\/img_651ab20634616-1024x221.png 1024w, https:\/\/bioinfo2.ugr.es\/secuencias\/wp-content\/uploads\/2023\/10\/img_651ab20634616-768x166.png 768w, https:\/\/bioinfo2.ugr.es\/secuencias\/wp-content\/uploads\/2023\/10\/img_651ab20634616-360x78.png 360w\" sizes=\"(max-width: 1227px) 100vw, 1227px\" \/><\/p>\n<p>Al pinchar sobre cualquiera de los cuadros, se resaltar\u00e1 con un borde azul y podr\u00e1 ver los par\u00e1metros de esta herramienta en el panel derecho. Esta es la forma en que puede ver y cambiar las opciones de todas las herramientas de este workflow.<\/p>\n<h4><span id=\"42_Ocultando_las_etapas_intermedias\">Ocultaci\u00f3n\/activaci\u00f3n de las etapas intermedias<\/span><\/h4>\n<p>Cuando se ejecuta un workflow, se suele estar interesado en el resultado final y no en las etapas intermedias. Estas etapas se pueden mostrar\/ocultar pinchando con el rat\u00f3n sobre la caja junto al &#8220;ojo&#8221; en la esquina inferior izquierda de cada etapa.<\/p>\n<h4><span id=\"43_Renombre_los_inputs\">Renombre los inputs<\/span><\/h4>\n<p>Tanto los inputs como cada uno de los pasos del workflow pueden ser renombrados, simplemente renombrando el campo label en el men\u00fa de opciones de cada recuadro. En este caso renombraremos nuestros inputs para hacerlos m\u00e1s gen\u00e9ricos, el input exones lo renombraremos como &#8220;contenedores&#8221; y en input SNPs como &#8220;continentes&#8221;.<\/p>\n<p id=\"bgUqmEp\"><img loading=\"lazy\" width=\"278\" height=\"618\" class=\"alignnone size-full wp-image-1882 \" src=\"http:\/\/bioinfo2.ugr.es\/secuencias\/wp-content\/uploads\/2023\/10\/img_651ab35fbda5f.png\" alt=\"\" srcset=\"https:\/\/bioinfo2.ugr.es\/secuencias\/wp-content\/uploads\/2023\/10\/img_651ab35fbda5f.png 278w, https:\/\/bioinfo2.ugr.es\/secuencias\/wp-content\/uploads\/2023\/10\/img_651ab35fbda5f-135x300.png 135w, https:\/\/bioinfo2.ugr.es\/secuencias\/wp-content\/uploads\/2023\/10\/img_651ab35fbda5f-121x270.png 121w\" sizes=\"(max-width: 278px) 100vw, 278px\" \/><\/p>\n<h4>Guardar!<\/h4>\n<p>Una vez modificado seleccione <b>Save Workflow<\/b> para guardar los cambios.<\/p>\n<\/div>\n<\/div>\n<\/div>\n<\/div>\n<\/div>\n","protected":false},"excerpt":{"rendered":"<p>Workflows o pipelines Las &#8216;historias&#8217; en Galaxy En Galaxy todos los datos y an\u00e1lisis residen en \u2018Historias\u2019 como esta: Las historias pueden ser muy largas y se pueden tener tantas historias como sea necesario. Las historias se pueden controlar con los iconos [&hellip;]<\/p>\n","protected":false},"author":1,"featured_media":0,"parent":0,"menu_order":0,"comment_status":"closed","ping_status":"closed","template":"","meta":[],"_links":{"self":[{"href":"https:\/\/bioinfo2.ugr.es\/secuencias\/wp-json\/wp\/v2\/pages\/1365"}],"collection":[{"href":"https:\/\/bioinfo2.ugr.es\/secuencias\/wp-json\/wp\/v2\/pages"}],"about":[{"href":"https:\/\/bioinfo2.ugr.es\/secuencias\/wp-json\/wp\/v2\/types\/page"}],"author":[{"embeddable":true,"href":"https:\/\/bioinfo2.ugr.es\/secuencias\/wp-json\/wp\/v2\/users\/1"}],"replies":[{"embeddable":true,"href":"https:\/\/bioinfo2.ugr.es\/secuencias\/wp-json\/wp\/v2\/comments?post=1365"}],"version-history":[{"count":6,"href":"https:\/\/bioinfo2.ugr.es\/secuencias\/wp-json\/wp\/v2\/pages\/1365\/revisions"}],"predecessor-version":[{"id":2203,"href":"https:\/\/bioinfo2.ugr.es\/secuencias\/wp-json\/wp\/v2\/pages\/1365\/revisions\/2203"}],"wp:attachment":[{"href":"https:\/\/bioinfo2.ugr.es\/secuencias\/wp-json\/wp\/v2\/media?parent=1365"}],"curies":[{"name":"wp","href":"https:\/\/api.w.org\/{rel}","templated":true}]}}