{"id":1368,"date":"2015-12-13T11:26:06","date_gmt":"2015-12-13T09:26:06","guid":{"rendered":"http:\/\/bioinfo2.ugr.es\/secuencias\/?page_id=1368"},"modified":"2024-09-17T09:13:03","modified_gmt":"2024-09-17T07:13:03","slug":"workflows-2-ejecucion","status":"publish","type":"page","link":"https:\/\/bioinfo2.ugr.es\/secuencias\/workflows-2-ejecucion\/","title":{"rendered":"Workflows 2: Ejecuci\u00f3n"},"content":{"rendered":"<h3>Ejecuci\u00f3n de workflows<\/h3>\n<p>Una vez programado un workflow, podemos aplicarlo a otros datos de entrada y repetir los c\u00e1lculos de manera autom\u00e1tica.<\/p>\n<p>Vamos a comenzar por aplicar WF1 a los datos de exones y SNPs a partir de los cuales fu\u00e9 extra\u00eddo el workflow.<\/p>\n<p id=\"TaQfJvZ\">Cree una nueva historia y ll\u00e1mela ExonsSNPs2, despu\u00e9s utilice la funcionalidad &#8220;Show Histories Side-by-Side&#8221; para visualizar el historial previo y copiar los datasets de exones y SNPs (simplemente arrastrando los items del historial):<\/p>\n<p><img loading=\"lazy\" width=\"1596\" height=\"488\" class=\"alignnone size-full wp-image-1884 \" src=\"http:\/\/bioinfo2.ugr.es\/secuencias\/wp-content\/uploads\/2023\/10\/img_651ab50f971b7.png\" alt=\"\" srcset=\"https:\/\/bioinfo2.ugr.es\/secuencias\/wp-content\/uploads\/2023\/10\/img_651ab50f971b7.png 1596w, https:\/\/bioinfo2.ugr.es\/secuencias\/wp-content\/uploads\/2023\/10\/img_651ab50f971b7-300x92.png 300w, https:\/\/bioinfo2.ugr.es\/secuencias\/wp-content\/uploads\/2023\/10\/img_651ab50f971b7-1024x313.png 1024w, https:\/\/bioinfo2.ugr.es\/secuencias\/wp-content\/uploads\/2023\/10\/img_651ab50f971b7-768x235.png 768w, https:\/\/bioinfo2.ugr.es\/secuencias\/wp-content\/uploads\/2023\/10\/img_651ab50f971b7-1536x470.png 1536w, https:\/\/bioinfo2.ugr.es\/secuencias\/wp-content\/uploads\/2023\/10\/img_651ab50f971b7-360x110.png 360w\" sizes=\"(max-width: 1596px) 100vw, 1596px\" \/><\/p>\n<p>Pinche en&nbsp;<b>Workflow <\/b>(barra superior), pase el rat\u00f3n sobre &#8220;WF1&#8221;, pinche en la flecha y elija &#8216;Run&#8217;.<\/p>\n<p id=\"iiRxpgF\"><img loading=\"lazy\" width=\"1309\" height=\"236\" class=\"alignnone size-full wp-image-1885 \" src=\"http:\/\/bioinfo2.ugr.es\/secuencias\/wp-content\/uploads\/2023\/10\/img_651ab556338d5.png\" alt=\"\" srcset=\"https:\/\/bioinfo2.ugr.es\/secuencias\/wp-content\/uploads\/2023\/10\/img_651ab556338d5.png 1309w, https:\/\/bioinfo2.ugr.es\/secuencias\/wp-content\/uploads\/2023\/10\/img_651ab556338d5-300x54.png 300w, https:\/\/bioinfo2.ugr.es\/secuencias\/wp-content\/uploads\/2023\/10\/img_651ab556338d5-1024x185.png 1024w, https:\/\/bioinfo2.ugr.es\/secuencias\/wp-content\/uploads\/2023\/10\/img_651ab556338d5-768x138.png 768w, https:\/\/bioinfo2.ugr.es\/secuencias\/wp-content\/uploads\/2023\/10\/img_651ab556338d5-360x65.png 360w\" sizes=\"(max-width: 1309px) 100vw, 1309px\" \/><\/p>\n<p>El panel central cambiar\u00e1 para permitir ejecutar el workflow. Seleccione los dos conjuntos de datos (primero los exones en contenedores, despu\u00e9s los SNPs en continentes) como se muestra abajo, vaya al final de la p\u00e1gina y pinche <b>Run workflow:<\/b><\/p>\n<p id=\"tNYroZl\"><img loading=\"lazy\" width=\"1309\" height=\"232\" class=\"alignnone size-full wp-image-1887 \" src=\"http:\/\/bioinfo2.ugr.es\/secuencias\/wp-content\/uploads\/2023\/10\/img_651ab589dcea9.png\" alt=\"\" srcset=\"https:\/\/bioinfo2.ugr.es\/secuencias\/wp-content\/uploads\/2023\/10\/img_651ab589dcea9.png 1309w, https:\/\/bioinfo2.ugr.es\/secuencias\/wp-content\/uploads\/2023\/10\/img_651ab589dcea9-300x53.png 300w, https:\/\/bioinfo2.ugr.es\/secuencias\/wp-content\/uploads\/2023\/10\/img_651ab589dcea9-1024x181.png 1024w, https:\/\/bioinfo2.ugr.es\/secuencias\/wp-content\/uploads\/2023\/10\/img_651ab589dcea9-768x136.png 768w, https:\/\/bioinfo2.ugr.es\/secuencias\/wp-content\/uploads\/2023\/10\/img_651ab589dcea9-360x64.png 360w\" sizes=\"(max-width: 1309px) 100vw, 1309px\" \/><\/p>\n<p>Una vez que comience a ejecutarse el workflow, podr\u00e1 ir siguiendo todas sus etapas en el panel central o en el historial:<\/p>\n<p id=\"KthxfSB\"><img loading=\"lazy\" width=\"263\" height=\"499\" class=\"alignnone size-full wp-image-1888 \" src=\"http:\/\/bioinfo2.ugr.es\/secuencias\/wp-content\/uploads\/2023\/10\/img_651ab5a7aef01.png\" alt=\"\" srcset=\"https:\/\/bioinfo2.ugr.es\/secuencias\/wp-content\/uploads\/2023\/10\/img_651ab5a7aef01.png 263w, https:\/\/bioinfo2.ugr.es\/secuencias\/wp-content\/uploads\/2023\/10\/img_651ab5a7aef01-158x300.png 158w, https:\/\/bioinfo2.ugr.es\/secuencias\/wp-content\/uploads\/2023\/10\/img_651ab5a7aef01-142x270.png 142w\" sizes=\"(max-width: 263px) 100vw, 263px\" \/><\/p>\n<h3>Resultados<\/h3>\n<p>Cuando el proceso acabe podr\u00e1 ver la salida final ( dataset #7), las etapas intermedias habr\u00e1n desaparecido.<\/p>\n<h3>Ejercicios<\/h3>\n<h4><span id=\"Utilice_WF1_para_examinar_las_relaciones_entre_otros_elementos_genmicos\">Utilice el workflow WF1 para examinar las relaciones entre otros elementos gen\u00f3micos<\/span><\/h4>\n<ol>\n<li>Obtenga los 5 exones del cromosoma 22 humano con m\u00e1s retrotransposones Alu (exonizaci\u00f3n).<\/li>\n<li>Obtenga las islas CpG del cromosoma 22 con m\u00e1s retrotransposones Alu.<\/li>\n<\/ol>\n<h4><span id=\"Desarrollo_de_workflows_con_otra_funcionalidades\">Desarrollo de workflows con otra funcionalidades<\/span><\/h4>\n<p>Sugerencias:<\/p>\n<ol>\n<li>Elimine alguna etapa intermedia de forma que en vez de los Top5, el nuevo workflow sea capaz de extraer todos los exones humanos con alguna Alu.<\/li>\n<li>Adem\u00e1s de contar elementos dentro de un contenedor, puede explorar tambi\u00e9n otras propiedades estad\u00edsticas de los elementos gen\u00f3micos. Por ejemplo, en el programa \u2018Group\u2019 puede usar la media, moda, mediana, m\u00e1x, min\u2026 de la longitud de los elementos dentro del contenedor.<\/li>\n<\/ol>\n<h3>Compartiendo historias y workflows<\/h3>\n<p><strong>History options &#8211;&gt; Share or publish<\/strong><\/p>\n<p><strong>Workflows &#8211;&gt; Share<\/strong><\/p>\n<p id=\"PSngGvv\"><img loading=\"lazy\" width=\"1312\" height=\"313\" class=\"alignnone size-full wp-image-1890 \" src=\"http:\/\/bioinfo2.ugr.es\/secuencias\/wp-content\/uploads\/2023\/10\/img_651ac04b0ba11.png\" alt=\"\" srcset=\"https:\/\/bioinfo2.ugr.es\/secuencias\/wp-content\/uploads\/2023\/10\/img_651ac04b0ba11.png 1312w, https:\/\/bioinfo2.ugr.es\/secuencias\/wp-content\/uploads\/2023\/10\/img_651ac04b0ba11-300x72.png 300w, https:\/\/bioinfo2.ugr.es\/secuencias\/wp-content\/uploads\/2023\/10\/img_651ac04b0ba11-1024x244.png 1024w, https:\/\/bioinfo2.ugr.es\/secuencias\/wp-content\/uploads\/2023\/10\/img_651ac04b0ba11-768x183.png 768w, https:\/\/bioinfo2.ugr.es\/secuencias\/wp-content\/uploads\/2023\/10\/img_651ac04b0ba11-360x86.png 360w\" sizes=\"(max-width: 1312px) 100vw, 1312px\" \/><\/p>\n<p id=\"WxLQYWe\"><img loading=\"lazy\" width=\"1311\" height=\"309\" class=\"alignnone size-full wp-image-1892 \" src=\"http:\/\/bioinfo2.ugr.es\/secuencias\/wp-content\/uploads\/2023\/10\/img_651ac0749b2eb.png\" alt=\"\" srcset=\"https:\/\/bioinfo2.ugr.es\/secuencias\/wp-content\/uploads\/2023\/10\/img_651ac0749b2eb.png 1311w, https:\/\/bioinfo2.ugr.es\/secuencias\/wp-content\/uploads\/2023\/10\/img_651ac0749b2eb-300x71.png 300w, https:\/\/bioinfo2.ugr.es\/secuencias\/wp-content\/uploads\/2023\/10\/img_651ac0749b2eb-1024x241.png 1024w, https:\/\/bioinfo2.ugr.es\/secuencias\/wp-content\/uploads\/2023\/10\/img_651ac0749b2eb-768x181.png 768w, https:\/\/bioinfo2.ugr.es\/secuencias\/wp-content\/uploads\/2023\/10\/img_651ac0749b2eb-360x85.png 360w\" sizes=\"(max-width: 1311px) 100vw, 1311px\" \/><\/p>\n","protected":false},"excerpt":{"rendered":"<p>Ejecuci\u00f3n de workflows Una vez programado un workflow, podemos aplicarlo a otros datos de entrada y repetir los c\u00e1lculos de manera autom\u00e1tica. Vamos a comenzar por aplicar WF1 a los datos de exones y SNPs a partir de los cuales fu\u00e9 extra\u00eddo [&hellip;]<\/p>\n","protected":false},"author":1,"featured_media":0,"parent":0,"menu_order":0,"comment_status":"closed","ping_status":"closed","template":"","meta":[],"_links":{"self":[{"href":"https:\/\/bioinfo2.ugr.es\/secuencias\/wp-json\/wp\/v2\/pages\/1368"}],"collection":[{"href":"https:\/\/bioinfo2.ugr.es\/secuencias\/wp-json\/wp\/v2\/pages"}],"about":[{"href":"https:\/\/bioinfo2.ugr.es\/secuencias\/wp-json\/wp\/v2\/types\/page"}],"author":[{"embeddable":true,"href":"https:\/\/bioinfo2.ugr.es\/secuencias\/wp-json\/wp\/v2\/users\/1"}],"replies":[{"embeddable":true,"href":"https:\/\/bioinfo2.ugr.es\/secuencias\/wp-json\/wp\/v2\/comments?post=1368"}],"version-history":[{"count":8,"href":"https:\/\/bioinfo2.ugr.es\/secuencias\/wp-json\/wp\/v2\/pages\/1368\/revisions"}],"predecessor-version":[{"id":2204,"href":"https:\/\/bioinfo2.ugr.es\/secuencias\/wp-json\/wp\/v2\/pages\/1368\/revisions\/2204"}],"wp:attachment":[{"href":"https:\/\/bioinfo2.ugr.es\/secuencias\/wp-json\/wp\/v2\/media?parent=1368"}],"curies":[{"name":"wp","href":"https:\/\/api.w.org\/{rel}","templated":true}]}}