{"id":16,"date":"2013-05-29T20:31:28","date_gmt":"2013-05-29T18:31:28","guid":{"rendered":"http:\/\/bioinfo2.ugr.es\/secuencias\/?page_id=16"},"modified":"2024-09-17T11:15:37","modified_gmt":"2024-09-17T09:15:37","slug":"presentaciones","status":"publish","type":"page","link":"https:\/\/bioinfo2.ugr.es\/secuencias\/otros\/presentaciones\/","title":{"rendered":"Presentaciones"},"content":{"rendered":"<ul>\n<li><a href=\"http:\/\/bioinfo2.ugr.es\/secuencias\/wp-content\/uploads\/2023\/09\/1.-IntroAnalisis.pdf\">Introduc<\/a><a href=\"http:\/\/bioinfo2.ugr.es\/secuencias\/wp-content\/uploads\/2023\/09\/1.-IntroAnalisis.pdf\">ci\u00f3n al An\u00e1lisis de Secuencias<\/a><\/li>\n<li><a href=\"http:\/\/bioinfo2.ugr.es\/secuencias\/wp-content\/uploads\/2023\/09\/2.-AlineamientoSecuencias.pdf\">Alineamiento Global de Secuencias<\/a><\/li>\n<li><a href=\"http:\/\/bioinfo2.ugr.es\/secuencias\/wp-content\/uploads\/2023\/10\/3.-AlineamientoLocal.pdf\">Alineamiento Local de Secuencias<\/a><\/li>\n<li><a href=\"http:\/\/bioinfo2.ugr.es\/secuencias\/wp-content\/uploads\/2023\/10\/4.-AlineamientoMultiple.pdf\">Alineamiento M\u00faltiple<\/a><\/li>\n<li><a href=\"http:\/\/bioinfo2.ugr.es\/secuencias\/wp-content\/uploads\/2023\/10\/5.-FilogeniaMolecular-1.pdf\">Filogenias Moleculares<\/a><\/li>\n<li><a href=\"http:\/\/bioinfo2.ugr.es\/secuencias\/wp-content\/uploads\/2023\/09\/6.-PrediccionGenes-1.pdf\">Predicci\u00f3n Computacional de Genes<\/a><\/li>\n<li><a href=\"http:\/\/bioinfo2.ugr.es\/secuencias\/wp-content\/uploads\/2023\/09\/7.-IslasCpG.pdf\">Predicci\u00f3n Computacional de Islas CpG<\/a><\/li>\n<li><a href=\"http:\/\/bioinfo2.ugr.es\/secuencias\/wp-content\/uploads\/2023\/10\/8.-AnalisisSecuenciaADN.pdf\">Detecci\u00f3n de Variantes de Secuencia<\/a><\/li>\n<li><a href=\"http:\/\/bioinfo2.ugr.es\/secuencias\/wp-content\/uploads\/2023\/10\/9.-MetilacionADN.pdf\">Metilacion del ADN<\/a><\/li>\n<li><a href=\"http:\/\/bioinfo2.ugr.es\/secuencias\/wp-content\/uploads\/2023\/10\/10.-MetilacionTecnicas.pdf\">Cuantificaci\u00f3n de la Metilaci\u00f3n del ADN<\/a><\/li>\n<\/ul>\n","protected":false},"excerpt":{"rendered":"<p>Introducci\u00f3n al An\u00e1lisis de Secuencias Alineamiento Global de Secuencias Alineamiento Local de Secuencias Alineamiento M\u00faltiple Filogenias Moleculares Predicci\u00f3n Computacional de Genes Predicci\u00f3n Computacional de Islas CpG Detecci\u00f3n de Variantes de Secuencia Metilacion del ADN Cuantificaci\u00f3n de la Metilaci\u00f3n del ADN<\/p>\n","protected":false},"author":1,"featured_media":0,"parent":303,"menu_order":3,"comment_status":"closed","ping_status":"closed","template":"","meta":[],"_links":{"self":[{"href":"https:\/\/bioinfo2.ugr.es\/secuencias\/wp-json\/wp\/v2\/pages\/16"}],"collection":[{"href":"https:\/\/bioinfo2.ugr.es\/secuencias\/wp-json\/wp\/v2\/pages"}],"about":[{"href":"https:\/\/bioinfo2.ugr.es\/secuencias\/wp-json\/wp\/v2\/types\/page"}],"author":[{"embeddable":true,"href":"https:\/\/bioinfo2.ugr.es\/secuencias\/wp-json\/wp\/v2\/users\/1"}],"replies":[{"embeddable":true,"href":"https:\/\/bioinfo2.ugr.es\/secuencias\/wp-json\/wp\/v2\/comments?post=16"}],"version-history":[{"count":23,"href":"https:\/\/bioinfo2.ugr.es\/secuencias\/wp-json\/wp\/v2\/pages\/16\/revisions"}],"predecessor-version":[{"id":2144,"href":"https:\/\/bioinfo2.ugr.es\/secuencias\/wp-json\/wp\/v2\/pages\/16\/revisions\/2144"}],"up":[{"embeddable":true,"href":"https:\/\/bioinfo2.ugr.es\/secuencias\/wp-json\/wp\/v2\/pages\/303"}],"wp:attachment":[{"href":"https:\/\/bioinfo2.ugr.es\/secuencias\/wp-json\/wp\/v2\/media?parent=16"}],"curies":[{"name":"wp","href":"https:\/\/api.w.org\/{rel}","templated":true}]}}