{"id":17,"date":"2013-05-29T20:31:49","date_gmt":"2013-05-29T18:31:49","guid":{"rendered":"http:\/\/bioinfo2.ugr.es\/secuencias\/?page_id=17"},"modified":"2025-09-16T12:25:32","modified_gmt":"2025-09-16T10:25:32","slug":"proyectos","status":"publish","type":"page","link":"https:\/\/bioinfo2.ugr.es\/secuencias\/otros\/proyectos\/","title":{"rendered":"Proyectos"},"content":{"rendered":"<p style=\"text-align: left;\">A lo largo del curso, cada alumno desarrollar\u00e1 un proyecto de an\u00e1lisis de secuencias tomando como base de partida la secuencia an\u00f3nima asignada m\u00e1s abajo. El objetivo que se persigue es iniciar al alumno en las t\u00e9cnicas de an\u00e1lisis de secuencias de ADN y prote\u00ednas, as\u00ed como en el manejo de las correspondientes bases de datos. Se valorar\u00e1 especialmente el grado de iniciativa a la hora de planear y desarrollar el trabajo. Se expondr\u00e1 oralmente a final de curso y la nota obtenida, junto con la de evaluaci\u00f3n continua en clase, permitir\u00e1 aprobar la asignatura por curso. Este tipo de actividad a\u00fana una serie de tareas fundamentales en la formaci\u00f3n universitaria (b\u00fasqueda de informaci\u00f3n, an\u00e1lisis, s\u00edntesis, expresi\u00f3n escrita y expresi\u00f3n oral) que son de todo punto imprescindibles en la universidad actual.<\/p>\n<p><a href=\"http:\/\/bioinfo2.ugr.es\/secuencias\/wp-content\/uploads\/2014\/01\/GuiaSeminarios.pdf\" target=\"_blank\" rel=\"noopener noreferrer\">Gu\u00eda para la elaboraci\u00f3n de los Proyectos<\/a><\/p>\n<h3>Instrucciones para la presentaci\u00f3n<\/h3>\n<p><strong>EXPOSICI\u00d3N:<\/strong> El tiempo disponible ser\u00e1 de 8 minutos para la exposici\u00f3n y otros 2 minutos para preguntas.<\/p>\n<p><strong>ENTREGA:<\/strong> La presentaci\u00f3n (formato PDF) deber\u00e1 subirse a la tarea &#8220;Secuencia An\u00f3nima&#8221; antes del d\u00eda <strong>19 de Noviembre 23:59<\/strong>, y no se permitir\u00e1n modificaciones en la misma una vez enviada. Adem\u00e1s, cada alumno deber\u00e1 traerla en un pen-drive, o asegurarse de que podr\u00e1 acceder a ella a trav\u00e9s de Internet (correo, cuenta compartida, etc) el d\u00eda y hora asignado para su presentaci\u00f3n.<\/p>\n<p><b>INTERCAMBIOS DE GRUPO<\/b>: Tanto el d\u00eda como la hora han sido asignadas por sorteo, por tanto deben ser respetados salvo causa de fuerza mayor. Por otra parte, como el tiempo est\u00e1 acotado, solo se permitir\u00e1n INTERCAMBIOS DE GRUPO, lo que requiere ponerse de acuerdo con otro compa\u00f1ero que acepte el cambio y que los dos implicados lo comuniquen por correo.<\/p>\n<p style=\"text-align: center;\"><strong>Secuencias asignadas<\/strong><\/p>\n<p style=\"text-align: center;\">\n<table id=\"tablepress-3\" class=\"tablepress tablepress-id-3\">\n<thead>\n<tr class=\"row-1 odd\">\n\t<th class=\"column-1\">SECUENCIAS<\/th><th class=\"column-2\">ALUMNO<\/th>\n<\/tr>\n<\/thead>\n<tbody class=\"row-hover\">\n<tr class=\"row-2 even\">\n\t<td class=\"column-1\"><a href=\"http:\/\/bioinfo2.ugr.es\/SecuenciasDatasets\/SEQ.ANALISIS\/SEQ1.fa\" rel=\"noopener\" target=\"_blank\">SEQ1<\/a><\/td><td class=\"column-2\">Ra\u00fal<\/td>\n<\/tr>\n<tr class=\"row-3 odd\">\n\t<td class=\"column-1\"><a href=\"http:\/\/bioinfo2.ugr.es\/SecuenciasDatasets\/SEQ.ANALISIS\/SEQ2.fa\" rel=\"noopener\" target=\"_blank\">SEQ2<\/a><\/td><td class=\"column-2\">Daniel<\/td>\n<\/tr>\n<tr class=\"row-4 even\">\n\t<td class=\"column-1\"><a href=\"http:\/\/bioinfo2.ugr.es\/SecuenciasDatasets\/SEQ.ANALISIS\/SEQ3.fa\" rel=\"noopener\" target=\"_blank\">SEQ3<\/a><\/td><td class=\"column-2\">Desiree<\/td>\n<\/tr>\n<tr class=\"row-5 odd\">\n\t<td class=\"column-1\"><a href=\"http:\/\/bioinfo2.ugr.es\/SecuenciasDatasets\/SEQ.ANALISIS\/SEQ4.fa\" rel=\"noopener\" target=\"_blank\">SEQ4<\/a><\/td><td class=\"column-2\">Mar\u00eda Dolores<\/td>\n<\/tr>\n<tr class=\"row-6 even\">\n\t<td class=\"column-1\"><a href=\"http:\/\/bioinfo2.ugr.es\/SecuenciasDatasets\/SEQ.ANALISIS\/SEQ5.fa\" rel=\"noopener\" target=\"_blank\">SEQ5<\/a><\/td><td class=\"column-2\">Silvia<\/td>\n<\/tr>\n<tr class=\"row-7 odd\">\n\t<td class=\"column-1\"><a href=\"http:\/\/bioinfo2.ugr.es\/SecuenciasDatasets\/SEQ.ANALISIS\/SEQ6.fa\" rel=\"noopener\" target=\"_blank\">SEQ6<\/a><\/td><td class=\"column-2\">Francis Rocio<\/td>\n<\/tr>\n<tr class=\"row-8 even\">\n\t<td class=\"column-1\"><a href=\"http:\/\/bioinfo2.ugr.es\/SecuenciasDatasets\/SEQ.ANALISIS\/SEQ7.fa\" rel=\"noopener\" target=\"_blank\">SEQ7<\/a><\/td><td class=\"column-2\">Luc\u00eda<\/td>\n<\/tr>\n<tr class=\"row-9 odd\">\n\t<td class=\"column-1\"><a href=\"http:\/\/bioinfo2.ugr.es\/SecuenciasDatasets\/SEQ.ANALISIS\/SEQ8.fa\" rel=\"noopener\" target=\"_blank\">SEQ8<\/a><\/td><td class=\"column-2\">Ver\u00f3nica<\/td>\n<\/tr>\n<tr class=\"row-10 even\">\n\t<td class=\"column-1\"><a href=\"http:\/\/bioinfo2.ugr.es\/SecuenciasDatasets\/SEQ.ANALISIS\/SEQ9.fa\" rel=\"noopener\" target=\"_blank\">SEQ9<\/a><\/td><td class=\"column-2\">Diego<\/td>\n<\/tr>\n<tr class=\"row-11 odd\">\n\t<td class=\"column-1\"><a href=\"http:\/\/bioinfo2.ugr.es\/SecuenciasDatasets\/SEQ.ANALISIS\/SEQ10.fa\" rel=\"noopener\" target=\"_blank\">SEQ10<\/a><\/td><td class=\"column-2\">Jone<\/td>\n<\/tr>\n<tr class=\"row-12 even\">\n\t<td class=\"column-1\"><a href=\"http:\/\/bioinfo2.ugr.es\/SecuenciasDatasets\/SEQ.ANALISIS\/SEQ11.fa\" rel=\"noopener\" target=\"_blank\">SEQ11<\/a><\/td><td class=\"column-2\">\u00c1lvaro<\/td>\n<\/tr>\n<tr class=\"row-13 odd\">\n\t<td class=\"column-1\"><a href=\"http:\/\/bioinfo2.ugr.es\/SecuenciasDatasets\/SEQ.ANALISIS\/SEQ12.fa\" rel=\"noopener\" target=\"_blank\">SEQ12<\/a><\/td><td class=\"column-2\">Marta<\/td>\n<\/tr>\n<tr class=\"row-14 even\">\n\t<td class=\"column-1\"><a href=\"http:\/\/bioinfo2.ugr.es\/SecuenciasDatasets\/SEQ.ANALISIS\/SEQ13.fa\" rel=\"noopener\" target=\"_blank\">SEQ13<\/a><\/td><td class=\"column-2\">Cristina<\/td>\n<\/tr>\n<tr class=\"row-15 odd\">\n\t<td class=\"column-1\"><a href=\"http:\/\/bioinfo2.ugr.es\/SecuenciasDatasets\/SEQ.ANALISIS\/SEQ14.fa\" rel=\"noopener\" target=\"_blank\">SEQ14<\/a><\/td><td class=\"column-2\">Ainhoa<\/td>\n<\/tr>\n<tr class=\"row-16 even\">\n\t<td class=\"column-1\"><a href=\"http:\/\/bioinfo2.ugr.es\/SecuenciasDatasets\/SEQ.ANALISIS\/SEQ15.fa\" rel=\"noopener\" target=\"_blank\">SEQ15<\/a><\/td><td class=\"column-2\">Mar\u00eda<\/td>\n<\/tr>\n<tr class=\"row-17 odd\">\n\t<td class=\"column-1\"><a href=\"http:\/\/bioinfo2.ugr.es\/SecuenciasDatasets\/SEQ.ANALISIS\/SEQ16.fa\" rel=\"noopener\" target=\"_blank\">SEQ16<\/a><\/td><td class=\"column-2\">Francisco<\/td>\n<\/tr>\n<tr class=\"row-18 even\">\n\t<td class=\"column-1\"><a href=\"http:\/\/bioinfo2.ugr.es\/SecuenciasDatasets\/SEQ.ANALISIS\/SEQ17.fa\" rel=\"noopener\" target=\"_blank\">SEQ17<\/a><\/td><td class=\"column-2\">Diana<\/td>\n<\/tr>\n<tr class=\"row-19 odd\">\n\t<td class=\"column-1\"><a href=\"http:\/\/bioinfo2.ugr.es\/SecuenciasDatasets\/SEQ.ANALISIS\/SEQ18.fa\" rel=\"noopener\" target=\"_blank\">SEQ18<\/a><\/td><td class=\"column-2\">Patricia<\/td>\n<\/tr>\n<tr class=\"row-20 even\">\n\t<td class=\"column-1\"><a href=\"http:\/\/bioinfo2.ugr.es\/SecuenciasDatasets\/SEQ.ANALISIS\/SEQ19.fa\" rel=\"noopener\" target=\"_blank\">SEQ19<\/a><\/td><td class=\"column-2\">Mario<\/td>\n<\/tr>\n<tr class=\"row-21 odd\">\n\t<td class=\"column-1\"><a href=\"http:\/\/bioinfo2.ugr.es\/SecuenciasDatasets\/SEQ.ANALISIS\/SEQ20.fa\" rel=\"noopener\" target=\"_blank\">SEQ20<\/a><\/td><td class=\"column-2\">Paola<\/td>\n<\/tr>\n<tr class=\"row-22 even\">\n\t<td class=\"column-1\"><a href=\"http:\/\/bioinfo2.ugr.es\/SecuenciasDatasets\/SEQ.ANALISIS\/SEQ21.fa\" rel=\"noopener\" target=\"_blank\">SEQ21<\/a><\/td><td class=\"column-2\"><\/td>\n<\/tr>\n<tr class=\"row-23 odd\">\n\t<td class=\"column-1\"><a href=\"http:\/\/bioinfo2.ugr.es\/SecuenciasDatasets\/SEQ.ANALISIS\/SEQ22.fa\" rel=\"noopener\" target=\"_blank\">SEQ22<\/a><\/td><td class=\"column-2\"><\/td>\n<\/tr>\n<\/tbody>\n<\/table>\n<!-- #tablepress-3 from cache --><\/p>\n<p style=\"text-align: center;\"><strong>Exposici\u00f3n de los Proyectos (D\u00eda y Hora asignada)<\/strong><\/p>\n<p style=\"text-align: center;\">\n<table id=\"tablepress-4\" class=\"tablepress tablepress-id-4\">\n<thead>\n<tr class=\"row-1 odd\">\n\t<th class=\"column-1\">D\u00cdA<\/th><th class=\"column-2\">HORA<\/th><th class=\"column-3\">ALUMNO<\/th>\n<\/tr>\n<\/thead>\n<tbody class=\"row-hover\">\n<tr class=\"row-2 even\">\n\t<td class=\"column-1\">20\/11\/2024<\/td><td class=\"column-2\">12:00 - 12:12<\/td><td class=\"column-3\">Paola<\/td>\n<\/tr>\n<tr class=\"row-3 odd\">\n\t<td class=\"column-1\">20\/11\/2024<\/td><td class=\"column-2\">12:12 - 12:24<\/td><td class=\"column-3\">Mario<\/td>\n<\/tr>\n<tr class=\"row-4 even\">\n\t<td class=\"column-1\">20\/11\/2024<\/td><td class=\"column-2\">12:24 - 12:36<\/td><td class=\"column-3\">Patricia<\/td>\n<\/tr>\n<tr class=\"row-5 odd\">\n\t<td class=\"column-1\">20\/11\/2024<\/td><td class=\"column-2\">12:36 - 12:48<\/td><td class=\"column-3\">Diana<\/td>\n<\/tr>\n<tr class=\"row-6 even\">\n\t<td class=\"column-1\">20\/11\/2024<\/td><td class=\"column-2\">12:48 - 13:00<\/td><td class=\"column-3\">Francisco<\/td>\n<\/tr>\n<tr class=\"row-7 odd\">\n\t<td class=\"column-1\">20\/11\/2024<\/td><td class=\"column-2\">13:00 - 13:12<\/td><td class=\"column-3\">Mar\u00eda<\/td>\n<\/tr>\n<tr class=\"row-8 even\">\n\t<td class=\"column-1\">20\/11\/2024<\/td><td class=\"column-2\">13:12 - 13:24<\/td><td class=\"column-3\">Ainhoa<\/td>\n<\/tr>\n<tr class=\"row-9 odd\">\n\t<td class=\"column-1\">20\/11\/2024<\/td><td class=\"column-2\">13:24 - 13:36<\/td><td class=\"column-3\">Cristina<\/td>\n<\/tr>\n<tr class=\"row-10 even\">\n\t<td class=\"column-1\">20\/11\/2024<\/td><td class=\"column-2\">13:36 - 13:48<\/td><td class=\"column-3\">Marta<\/td>\n<\/tr>\n<tr class=\"row-11 odd\">\n\t<td class=\"column-1\">20\/11\/2024<\/td><td class=\"column-2\">13:48 - 14:00<\/td><td class=\"column-3\">\u00c1lvaro<\/td>\n<\/tr>\n<tr class=\"row-12 even\">\n\t<td class=\"column-1\">25\/11\/2024<\/td><td class=\"column-2\">12:00 - 12:12<\/td><td class=\"column-3\">Jone<\/td>\n<\/tr>\n<tr class=\"row-13 odd\">\n\t<td class=\"column-1\">25\/11\/2024<\/td><td class=\"column-2\">12:12 - 12:24<\/td><td class=\"column-3\">Diego<\/td>\n<\/tr>\n<tr class=\"row-14 even\">\n\t<td class=\"column-1\">25\/11\/2024<\/td><td class=\"column-2\">12:24 - 12:36<\/td><td class=\"column-3\">Ver\u00f3nica<\/td>\n<\/tr>\n<tr class=\"row-15 odd\">\n\t<td class=\"column-1\">25\/11\/2024<\/td><td class=\"column-2\">12:36 - 12:48<\/td><td class=\"column-3\">Luc\u00eda<\/td>\n<\/tr>\n<tr class=\"row-16 even\">\n\t<td class=\"column-1\">25\/11\/2024<\/td><td class=\"column-2\">12:48 - 13:00<\/td><td class=\"column-3\">Francis Roc\u00edo<\/td>\n<\/tr>\n<tr class=\"row-17 odd\">\n\t<td class=\"column-1\">25\/11\/2024<\/td><td class=\"column-2\">13:00 - 13:12<\/td><td class=\"column-3\">Silvia<\/td>\n<\/tr>\n<tr class=\"row-18 even\">\n\t<td class=\"column-1\">25\/11\/2024<\/td><td class=\"column-2\">13:12 - 13:24<\/td><td class=\"column-3\">Mar\u00eda Dolores<\/td>\n<\/tr>\n<tr class=\"row-19 odd\">\n\t<td class=\"column-1\">25\/11\/2024<\/td><td class=\"column-2\">13:24 - 13:36<\/td><td class=\"column-3\">Desiree<\/td>\n<\/tr>\n<tr class=\"row-20 even\">\n\t<td class=\"column-1\">25\/11\/2024<\/td><td class=\"column-2\">13:36 - 13:48<\/td><td class=\"column-3\">Daniel<\/td>\n<\/tr>\n<tr class=\"row-21 odd\">\n\t<td class=\"column-1\">25\/11\/2024<\/td><td class=\"column-2\">13:48 - 14:00<\/td><td class=\"column-3\">Ra\u00fal<\/td>\n<\/tr>\n<\/tbody>\n<\/table>\n<!-- #tablepress-4 from cache --><\/p>\n","protected":false},"excerpt":{"rendered":"<p>A lo largo del curso, cada alumno desarrollar\u00e1 un proyecto de an\u00e1lisis de secuencias tomando como base de partida la secuencia an\u00f3nima asignada m\u00e1s abajo. El objetivo que se persigue es iniciar al alumno en las t\u00e9cnicas de an\u00e1lisis de secuencias de [&hellip;]<\/p>\n","protected":false},"author":1,"featured_media":0,"parent":303,"menu_order":4,"comment_status":"closed","ping_status":"closed","template":"","meta":[],"_links":{"self":[{"href":"https:\/\/bioinfo2.ugr.es\/secuencias\/wp-json\/wp\/v2\/pages\/17"}],"collection":[{"href":"https:\/\/bioinfo2.ugr.es\/secuencias\/wp-json\/wp\/v2\/pages"}],"about":[{"href":"https:\/\/bioinfo2.ugr.es\/secuencias\/wp-json\/wp\/v2\/types\/page"}],"author":[{"embeddable":true,"href":"https:\/\/bioinfo2.ugr.es\/secuencias\/wp-json\/wp\/v2\/users\/1"}],"replies":[{"embeddable":true,"href":"https:\/\/bioinfo2.ugr.es\/secuencias\/wp-json\/wp\/v2\/comments?post=17"}],"version-history":[{"count":18,"href":"https:\/\/bioinfo2.ugr.es\/secuencias\/wp-json\/wp\/v2\/pages\/17\/revisions"}],"predecessor-version":[{"id":2294,"href":"https:\/\/bioinfo2.ugr.es\/secuencias\/wp-json\/wp\/v2\/pages\/17\/revisions\/2294"}],"up":[{"embeddable":true,"href":"https:\/\/bioinfo2.ugr.es\/secuencias\/wp-json\/wp\/v2\/pages\/303"}],"wp:attachment":[{"href":"https:\/\/bioinfo2.ugr.es\/secuencias\/wp-json\/wp\/v2\/media?parent=17"}],"curies":[{"name":"wp","href":"https:\/\/api.w.org\/{rel}","templated":true}]}}