{"id":1795,"date":"2023-09-29T09:55:51","date_gmt":"2023-09-29T07:55:51","guid":{"rendered":"https:\/\/bioinfo2.ugr.es\/secuencias\/?page_id=1795"},"modified":"2024-09-16T17:47:26","modified_gmt":"2024-09-16T15:47:26","slug":"introduccion-a-galaxy-2","status":"publish","type":"page","link":"https:\/\/bioinfo2.ugr.es\/secuencias\/introduccion-a-galaxy-2\/","title":{"rendered":"Introducci\u00f3n a Galaxy"},"content":{"rendered":"<p><b>Galaxy<\/b>&nbsp;es una plataforma web de software libre para el an\u00e1lisis de datos en investigaci\u00f3n biom\u00e9dica.<\/p>\n<ul>\n<li><a href=\"http:\/\/wiki.galaxyproject.org\/Learn\" target=\"_blank\" rel=\"noopener noreferrer\">Galaxy wiki<\/a><\/li>\n<li><a href=\"https:\/\/galaxyproject.github.io\/training-material\/\" target=\"_blank\" rel=\"noopener noreferrer\">Galaxy training<\/a><\/li>\n<\/ul>\n<h2>Implementaciones de Galaxy<\/h2>\n<p>Existen muchas&nbsp;<a href=\"https:\/\/galaxyproject.org\/use\/\">implementaciones de Galaxy<\/a>, usaremos las dos siguientes:<\/p>\n<ul>\n<li><a href=\"https:\/\/usegalaxy.org\/\" target=\"_blank\" rel=\"noopener noreferrer\">Galaxy original,&nbsp;<\/a>Texas Advanced Computing Center<\/li>\n<li><a href=\"https:\/\/usegalaxy.eu\/\" target=\"_blank\" rel=\"noopener noreferrer\">Galaxy Europe<\/a><\/li>\n<\/ul>\n<p>Aqu\u00ed veremos los siguientes aspectos de Galaxy:<\/p>\n<ul>\n<li>Extracci\u00f3n de datos desde el servidor de la UCSC<\/li>\n<li>Manipulaci\u00f3n b\u00e1sica de datos<\/li>\n<li>Las \u2018Historias\u2019 en Galaxy<\/li>\n<\/ul>\n","protected":false},"excerpt":{"rendered":"<p>Galaxy&nbsp;es una plataforma web de software libre para el an\u00e1lisis de datos en investigaci\u00f3n biom\u00e9dica. Galaxy wiki Galaxy training Implementaciones de Galaxy Existen muchas&nbsp;implementaciones de Galaxy, usaremos las dos siguientes: Galaxy original,&nbsp;Texas Advanced Computing Center Galaxy Europe Aqu\u00ed veremos los siguientes aspectos [&hellip;]<\/p>\n","protected":false},"author":1,"featured_media":0,"parent":0,"menu_order":0,"comment_status":"closed","ping_status":"closed","template":"","meta":[],"_links":{"self":[{"href":"https:\/\/bioinfo2.ugr.es\/secuencias\/wp-json\/wp\/v2\/pages\/1795"}],"collection":[{"href":"https:\/\/bioinfo2.ugr.es\/secuencias\/wp-json\/wp\/v2\/pages"}],"about":[{"href":"https:\/\/bioinfo2.ugr.es\/secuencias\/wp-json\/wp\/v2\/types\/page"}],"author":[{"embeddable":true,"href":"https:\/\/bioinfo2.ugr.es\/secuencias\/wp-json\/wp\/v2\/users\/1"}],"replies":[{"embeddable":true,"href":"https:\/\/bioinfo2.ugr.es\/secuencias\/wp-json\/wp\/v2\/comments?post=1795"}],"version-history":[{"count":5,"href":"https:\/\/bioinfo2.ugr.es\/secuencias\/wp-json\/wp\/v2\/pages\/1795\/revisions"}],"predecessor-version":[{"id":2188,"href":"https:\/\/bioinfo2.ugr.es\/secuencias\/wp-json\/wp\/v2\/pages\/1795\/revisions\/2188"}],"wp:attachment":[{"href":"https:\/\/bioinfo2.ugr.es\/secuencias\/wp-json\/wp\/v2\/media?parent=1795"}],"curies":[{"name":"wp","href":"https:\/\/api.w.org\/{rel}","templated":true}]}}